{"id":7944,"date":"2025-11-28T16:05:13","date_gmt":"2025-11-28T15:05:13","guid":{"rendered":"https:\/\/tcreims.com\/?page_id=7944"},"modified":"2025-11-28T16:18:56","modified_gmt":"2025-11-28T15:18:56","slug":"option-saint-joseph","status":"publish","type":"page","link":"https:\/\/tcreims.com\/?page_id=7944","title":{"rendered":"OPTION SAINT-JOSEPH"},"content":{"rendered":"\n<p>Le Jeudi 27 novembre, nous avons eu le plaisir de recevoir Monsieur Brun, chef d\u2019\u00e9tablissement, ainsi que Madame Terri\u00e8re, directrice du petit coll\u00e8ge pour la signature <a><\/a>de la convention de partenariat officialisant ainsi la collaboration entre l\u2019\u00e9tablissement Saint-Joseph et le Tennis Club de Reims.<\/p>\n\n\n\n<p>Ne manquez-pas la journ\u00e9e portes ouvertes de l\u2019\u00e9tablissement Saint-Joseph qui se d\u00e9roule ce vendredi 28 novembre de 17h \u00e0 20h pour l\u2019\u00e9cole et de 18h \u00e0 21h pour le coll\u00e8ge et le lyc\u00e9e.<\/p>\n\n\n\n<figure class=\"wp-block-image size-large\"><img loading=\"lazy\" decoding=\"async\" width=\"700\" height=\"700\" src=\"https:\/\/tcreims.com\/wp-content\/uploads\/2025\/11\/Design-sans-titre-1-700x700.jpg\" alt=\"\" class=\"wp-image-7945\" srcset=\"https:\/\/tcreims.com\/wp-content\/uploads\/2025\/11\/Design-sans-titre-1-700x700.jpg 700w, https:\/\/tcreims.com\/wp-content\/uploads\/2025\/11\/Design-sans-titre-1-300x300.jpg 300w, https:\/\/tcreims.com\/wp-content\/uploads\/2025\/11\/Design-sans-titre-1-150x150.jpg 150w, https:\/\/tcreims.com\/wp-content\/uploads\/2025\/11\/Design-sans-titre-1-768x768.jpg 768w, https:\/\/tcreims.com\/wp-content\/uploads\/2025\/11\/Design-sans-titre-1-600x600.jpg 600w, https:\/\/tcreims.com\/wp-content\/uploads\/2025\/11\/Design-sans-titre-1.jpg 1080w\" sizes=\"auto, (max-width: 700px) 100vw, 700px\" \/><\/figure>\n\n\n\n<p class=\"has-secondary-color has-text-color has-link-color wp-elements-e4cb3b02aa888faf0eaba83e03727912\"><strong>Partenariat entre l\u2019\u00e9tablissement Saint-Joseph et le TC Reims.<\/strong><\/p>\n\n\n\n<p>Cr\u00e9ation d\u2019un programme ambitieux pour accompagner les \u00e9l\u00e8ves dans leur double projet scolaire et tennistique d\u00e8s la rentr\u00e9e prochaine.<\/p>\n\n\n\n<p class=\"has-tertiary-color has-text-color has-link-color wp-elements-c4201888c34a4ddcf1f7d3f4301b1d72\"><em><strong>Un suivi individualis\u00e9 et complet&nbsp;<\/strong><\/em><\/p>\n\n\n\n<p>Carnet d\u2019Entra\u00eenement Personnel accessible sur l\u2019application \u00c9cole Directe : lien entre l\u2019\u00e9cole, le club et les familles.<\/p>\n\n\n\n<p>Participation du TCR aux conseils de classe pour un suivi renforc\u00e9.<\/p>\n\n\n\n<p>Fiches d\u2019objectifs individualis\u00e9es pour les entra\u00eenements et la comp\u00e9tition.<\/p>\n\n\n\n<p>Analyse vid\u00e9o pour affiner la technique et la tactique.<\/p>\n\n\n\n<p>Planification des tournois adapt\u00e9e.<\/p>\n\n\n\n<p>Pr\u00e9paration Physique.<\/p>\n\n\n\n<p>Bilans techniques et physiques trimestriels.<\/p>\n\n\n\n<p>Coordination avec un centre m\u00e9dico-sportif regroupant m\u00e9decins du sport, kin\u00e9s, ost\u00e9os, podologues.<\/p>\n\n\n\n<p>Encadrement renforc\u00e9.<\/p>\n\n\n\n<p class=\"has-tertiary-color has-text-color has-link-color wp-elements-36e3e94d72aa22064400b7b2ed8a4d00\"><em><strong>Coh\u00e9sion<\/strong><\/em><\/p>\n\n\n\n<p>1 sortie running ou 1 activit\u00e9 sportive collective chaque trimestre.<\/p>\n\n\n\n<p class=\"has-tertiary-color has-text-color has-link-color wp-elements-eae933759520b44b3e9f22e7189ae2b2\"><em><strong>Haut niveau<\/strong><\/em><\/p>\n\n\n\n<p>2 interventions exclusives de Fran\u00e7ois Barrer, ancien athl\u00e8te international, pour partager son exp\u00e9rience et les exigences du sport de haut niveau.<\/p>\n\n\n\n<p class=\"has-tertiary-color has-text-color has-link-color wp-elements-be7f38d0cd68b1f10a1dcd1b3afe4d79\"><em><strong>Ambition internationale<\/strong><\/em><\/p>\n\n\n\n<p>Construction d\u2019un parcours \u00ab&nbsp;Lyc\u00e9e \u2013 Section Am\u00e9ricaine&nbsp;\u00bb pour pr\u00e9parer l\u2019acc\u00e8s aux universit\u00e9s am\u00e9ricaines par le biais des bourses sportives.<\/p>\n\n\n\n<p class=\"has-tertiary-color has-text-color has-link-color wp-elements-e58d7bfa7ad13dbd20ecfd8743d1a0a2\"><em><strong>Soutien aux familles<\/strong><\/em><\/p>\n\n\n\n<p>R\u00e9duction exceptionnelle de 20% sur les frais de scolarit\u00e9 accord\u00e9e par l\u2019\u00e9tablissement Saint-Joseph aux \u00e9l\u00e8ves inscrits au programme tennis.<\/p>\n\n\n\n<p class=\"has-tertiary-color has-text-color has-link-color wp-elements-a3f5f08e93266a8a8ac2f6af8733cc5f\"><em><strong>Renseignements et Inscriptions<\/strong><\/em><\/p>\n\n\n\n<p>Tennis Club de Reims = 0625664389 ou 0682493169<\/p>\n\n\n\n<p>\u00c9tablissement Saint-Joseph = 0326852365<\/p>\n\n\n\n<div data-wp-interactive=\"core\/file\" class=\"wp-block-file\"><object data-wp-bind--hidden=\"!state.hasPdfPreview\" hidden class=\"wp-block-file__embed\" data=\"https:\/\/tcreims.com\/wp-content\/uploads\/2025\/11\/Saint-Joseph-Saison-2025-2026.pdf\" type=\"application\/pdf\" style=\"width:100%;height:600px\" aria-label=\"Contenu embarqu\u00e9 Saint-Joseph Saison 2025-2026.\"><\/object><a id=\"wp-block-file--media-8c02e36e-7c02-4ead-aeb8-330430404819\" href=\"https:\/\/tcreims.com\/wp-content\/uploads\/2025\/11\/Saint-Joseph-Saison-2025-2026.pdf\">Saint-Joseph Saison 2025-2026<\/a><a href=\"https:\/\/tcreims.com\/wp-content\/uploads\/2025\/11\/Saint-Joseph-Saison-2025-2026.pdf\" class=\"wp-block-file__button wp-element-button\" download aria-describedby=\"wp-block-file--media-8c02e36e-7c02-4ead-aeb8-330430404819\">T\u00e9l\u00e9charger<\/a><\/div>\n","protected":false},"excerpt":{"rendered":"<p>Le Jeudi 27 novembre, nous avons eu le plaisir de recevoir Monsieur Brun, chef d\u2019\u00e9tablissement, ainsi que Madame Terri\u00e8re, directrice du petit coll\u00e8ge pour la signature de la convention de partenariat<\/p>\n","protected":false},"author":7,"featured_media":0,"parent":225,"menu_order":0,"comment_status":"closed","ping_status":"closed","template":"","meta":{"jetpack_post_was_ever_published":false,"footnotes":""},"class_list":["post-7944","page","type-page","status-publish","hentry"],"jetpack_sharing_enabled":true,"jetpack_likes_enabled":true,"_links":{"self":[{"href":"https:\/\/tcreims.com\/index.php?rest_route=\/wp\/v2\/pages\/7944","targetHints":{"allow":["GET"]}}],"collection":[{"href":"https:\/\/tcreims.com\/index.php?rest_route=\/wp\/v2\/pages"}],"about":[{"href":"https:\/\/tcreims.com\/index.php?rest_route=\/wp\/v2\/types\/page"}],"author":[{"embeddable":true,"href":"https:\/\/tcreims.com\/index.php?rest_route=\/wp\/v2\/users\/7"}],"replies":[{"embeddable":true,"href":"https:\/\/tcreims.com\/index.php?rest_route=%2Fwp%2Fv2%2Fcomments&post=7944"}],"version-history":[{"count":2,"href":"https:\/\/tcreims.com\/index.php?rest_route=\/wp\/v2\/pages\/7944\/revisions"}],"predecessor-version":[{"id":7949,"href":"https:\/\/tcreims.com\/index.php?rest_route=\/wp\/v2\/pages\/7944\/revisions\/7949"}],"up":[{"embeddable":true,"href":"https:\/\/tcreims.com\/index.php?rest_route=\/wp\/v2\/pages\/225"}],"wp:attachment":[{"href":"https:\/\/tcreims.com\/index.php?rest_route=%2Fwp%2Fv2%2Fmedia&parent=7944"}],"curies":[{"name":"wp","href":"https:\/\/api.w.org\/{rel}","templated":true}]}}