{"id":716,"date":"2017-06-16T23:14:49","date_gmt":"2017-06-16T21:14:49","guid":{"rendered":"http:\/\/tcreims.com\/?page_id=716"},"modified":"2021-10-19T11:28:20","modified_gmt":"2021-10-19T09:28:20","slug":"projet-tc-2020","status":"publish","type":"page","link":"https:\/\/tcreims.com\/?page_id=716","title":{"rendered":"Projet TCReims 2014-2020"},"content":{"rendered":"<h2 style=\"text-align: center;\"><b><img loading=\"lazy\" decoding=\"async\" class=\"wp-image-728 size-thumbnail alignleft ml-lightbox-enabled\" src=\"https:\/\/tcreims.com\/wp-content\/uploads\/2017\/06\/logo-TCR-150x150.png\" alt=\"\" width=\"150\" height=\"150\" \/><img loading=\"lazy\" decoding=\"async\" class=\"wp-image-728 size-thumbnail alignright ml-lightbox-enabled\" src=\"https:\/\/tcreims.com\/wp-content\/uploads\/2017\/06\/logo-TCR-150x150.png\" alt=\"\" width=\"150\" height=\"150\" \/>Compte-rendu <\/b><b>(JJ Valette -L Hutin)<br \/>\n\u00e0 l\u2019Assembl\u00e9e <\/b><b>G\u00e9n\u00e9rale <\/b><b>au sujet du<br \/>\n\u00ab\u00a0Projet <\/b><b>TC Reims <\/b><b>2020-Centenaire\u00a0<\/b><b>\u00bb<\/b><\/h2>\n<h2><span style=\"color: #008000;\">\u00ab\u00a0projet de club\u00a0\u00bb\u00a0: pour quoi faire\u00a0? comment\u00a0? pour qui\u00a0?\u00a0\u00bb<\/span><\/h2>\n<ol>\n<li>La d\u00e9marche engag\u00e9e\u00a0et ses avantages<\/li>\n<li>Les d\u00e9buts d\u2019un projet au TCR\u00a0: de la piscine en 1991 \u00e0 l\u2019ensemble du club en 2016<\/li>\n<li>Aper\u00e7u de notre <i>Projet <\/i><i>TCReims<\/i><i> 2020-Centenaire <\/i>en gestation<\/li>\n<\/ol>\n<h3><span style=\"color: #008000;\"><b>1 <\/b><b>&#8211; <\/b><\/span><b><span style=\"color: #008000;\">la d\u00e9marche engag\u00e9e\u00a0et ses avantages<\/span><\/b><\/h3>\n<p>Faire des <b>pr\u00e9visions<\/b> sur 5-10 ans et <b>les<\/b> <b>\u00e9crire<\/b> noir sur blanc. \u2013 <b>Cr\u00e9er des outils <\/b>(fiches, agendas, plannings\u2026) et un \u00ab\u00a0guide\u00a0\u00bb \u00e0 usage du club et de l\u2019ext\u00e9rieur (quartier, ville, d\u00e9part.51, R\u00e9gion, F\u00e9d\u00e9, services de l\u2019\u00c9tat (ex: ABF, MH), etc. \u2013 <b>Retrouver<\/b> les ressources anciennes (archives, souvenirs, etc.) et en tirer des diagnostics. \u2013 <b>R\u00e9diger\/\u00e9diter <\/b>un document \u00e9crit global r\u00e9sumant le \u00ab\u00a0Projet\u00a0\u00bb du club et coordonnant nos projets avec ceux des autres partenaires\u2026<br \/>\n<b><span style=\"color: #008000;\">Premi\u00e8re \u00e9tape de la d\u00e9marche de pr\u00e9-Projet : de mai 2016 \u00e0 mai 2017<\/span><br \/>\n&#8211; Int\u00e9grer les \u00ab\u00a0probl\u00e8mes\u00a0\u00bb <\/b>au Projet, \u00e9changer avec les partenaires ext\u00e9rieurs oblig\u00e9s (exemples :\u00a0 2 Agendas obligatoires \u00e0 soumettre pour mise en conformit\u00e9 : Accessibilit\u00e9, S\u00e9curit\u00e9 ; r\u00e9paration des fissures des plages de la piscine\u2026).<br \/>\n<b>&#8211; Am\u00e9nager notre rythme <\/b>: agenda interne pour l\u2019ouverture de la piscine et des courts d\u00e9couverts, r\u00e9unions hebdomadaires informelles et restreintes pour une \u00ab\u00a0commission\u00a0\u00bb Finances-Travaux-Projet \u2026<br \/>\n&#8211;<b>R\u00e9unions fr\u00e9quentes + r\u00e9daction des pr\u00e9- fiches<\/b>, des courriers, etc. <strong>+<\/strong> <b>rencontre des partenaires divers <\/b>(Ville, ABF, FFT, Mus\u00e9e Franco-Am\u00e9ricain de Bl\u00e9rancourt, UFR-Urca Staps, Sciences-Po Reims, etc.). <b>\u00ab\u00a0<\/b><b>Planter <\/b><b>son drapeau\u00a0<\/b><b>\u00bb<\/b> : faire connaitre le club en faisant connaitre son Projet \u2026Organiser en m\u00eame temps une <b>communication interne en ligne.<\/b><\/p>\n<p>L\u2019avantage de cette <b>\u00ab<\/b> <strong>d\u00e9marche de projet<b>\u00a0<\/b><b>\u00bb<\/b><\/strong> pour le club : c\u2019est un <span style=\"color: #008000;\"><b>outil<\/b> <b>interne et externe <\/b><\/span>qui oblige \u00e0 un travail d\u00e9taill\u00e9, modulable mais <b><span style=\"color: #008000;\">dans la continuit\u00e9<\/span>. <\/b>L\u2019autre avantage est d\u00fb \u00e0 <span style=\"color: #008000;\"><b>l\u2019originalit\u00e9 historique <\/b><\/span><b><span style=\"color: #008000;\">du TCR<\/span> :<\/b> Valoriser le club, <b><span style=\"color: #008000;\">attirer<\/span> <\/b>des membres et des partenaires passent par le <span style=\"color: #008000;\"><b>projet de valoriser son patrimoine et son pass\u00e9 <\/b><\/span>(Le Centenaire\u2026)\u00a0 (concept \u00e0 la mode de \u00ab marchandisation du pass\u00e9 historique\u00a0\u00bb). Aujourd\u2019hui, de toutes fa\u00e7ons, on ne peut pas \u00e9chapper \u00e0 une <b><span style=\"color: #008000;\">d\u00e9marche de projet<\/span> <\/b>(ascendant, participatif\u2026)<span style=\"color: #008000;\"><b> pour obtenir des subventions, des aides, <\/b><\/span>etc. (\u2026\u00e9crivez-nous ce que vous voulez faire et on vous aidera \u2026).<\/p>\n<h3><span style=\"color: #008000;\"><b>2 &#8211; <\/b><b>les d\u00e9buts d\u2019un projet au TCR\u00a0: de la piscine en <\/b><b>1991 \u00e0 <\/b><b>l\u2019ensemble du club en 2016<\/b><\/span><\/h3>\n<p><span style=\"color: #008000;\"><b>L\u2019historique<\/b><\/span> du Projet m\u00e9rite d\u2019\u00eatre connu de tous parce qu\u2019il d\u00e9marre en <b>1991<\/b> avec le souci de l\u2019\u00e9tat et de <span style=\"color: #008000;\"><b>l\u2019avenir de la piscine<\/b><\/span>. Il prend forme depuis <b>2014-16, en s\u2019\u00e9largissant<\/b>, pour concerner tout le <b>lieu remarquable <\/b>et <b>toutes les activit\u00e9s <\/b>et possibilit\u00e9s du club<\/p>\n<p><b>1991 &#8211;\u00a0 <\/b>(J-C B)\u00a0: \u00c9tude de la \u00ab\u00a0<b>Commission Travaux\u00a0\u00bb (<\/b><b>JP \/JV \/MV<\/b><b>)\u00a0; sondage <\/b>du dessous des plages et <b>projet de financement<\/b> de travaux lourds (\u2264 200\u00a0000 \u20ac) \u00e0 pr\u00e9voir= 1\/3 TCR emprunt + 2\/3 m\u00e9c\u00e9nat\u2026 D\u00e8s <b>1990, <\/b><b>une <\/b><b>petite plaque<\/b> pour la piscine Rapin install\u00e9e par O. Rigaud (Inventaire municipal) \u00e0 l\u2019entr\u00e9e rue Lagrive\u2026<\/p>\n<p>1999-<b>2001 &#8211;\u00a0 <\/b>(AH\/YA)\u00a0: D\u00e9bat au TCR avec O. Rigaud (VdeR), Cl. Taittinger, etc. pour accepter l\u2019inscription de la piscine \u00e0 l\u2019 <b>\u00ab\u00a0Inventaire <\/b><b>suppl\u00e9mentaire des Monuments <\/b><b>Historiques\u00a0\u00bb\u00a0<\/b> IMH\u2260 CMH (classement).<\/p>\n<p><b>2002-2010 &#8211;\u00a0<\/b> (AH\/YA)\u00a0: <b>Trois \u00e9pisodes<\/b> variables des relations TCR \u2013 M.H. \u00e0 la Drac &#8211; ABF51 (l\u2019architecte des Bat. France de la Marne). <b>Positif\u00a0:<\/b> rencontres d\u2019Yves Aubry avec R. Ducastel, remplacement financ\u00e9 de poutres de la pergola, devis d\u2019\u00e9tude Fondasol \u2026 <b>N\u00e9gatif<\/b>\u00a0: les MH ne financent finalement rien des travaux de <b>mise aux normes de la piscine\u00a0!&#8230;<\/b> (cl\u00f4ture inox-plexi, etc.)\u2026 \u00ab\u00a0<b>Municipal\u00a0 <\/b>\u00bb\u00a0: visite de J. Cohen (\u00e9lu Culture VdeR) et R. Gastebois (ABF)\u00a0: monter un dossier des travaux pluriannuels, d\u00e9monter la cl\u00f4ture\u2026, envisager des financement crois\u00e9s et le <b>soutien de la Fondation du <\/b><b>Patrimoine.<\/b><\/p>\n<p><b>2014 &#8211;<\/b><b>\u00a0 <\/b>(J-LC) Visite impromptue de <b>V. <\/b><b>Th\u00e9venin<\/b><b>, nouvelle ABF, <\/b>\u00e0 l\u2019initiative de F. Debar (chauffage de la piscine\u2026) et courrier au TCR de V. Th\u00a0: rappel de la r\u00e8glementation des travaux\u00a0et, alors, financements possibles de l\u2019\u00c9tat et du m\u00e9c\u00e9nat\u2026Rencontres organis\u00e9es (JJV) avec la Fondation du Patrimoine et celle du Cr\u00e9dit Agricole&#8230;<\/p>\n<p>Le TCR d\u00e9cide aussi de participer aux <b>JEP 2014 : Journ\u00e9es europ\u00e9ennes du patrimoine <\/b>(C\u00e9cile Maur\u00e9 \u2013 JJV\u00a0: action utile si poursuite au moins jusqu\u2019en 2018\u2026) &#8230;Premi\u00e8re participation et ouverture du club en septembre : en visite, <b>C. Coutant, \u00e9lue <\/b><b>VdeR<\/b>\u00a0 d\u00e9l\u00e9gu\u00e9e \u00e0 la Culture et au Patrimoine, propose de pr\u00e9parer une concertation entre <b>le TCR et les Directions de la <\/b><b>VdeR<\/b> concern\u00e9es et pouvant aider le club (Sports\/Culture\/Urbanisme\/B\u00e2timents publics\/Espaces verts)&#8230;Un bilan annuel lors des JEP et un possible interlocuteur unique ?&#8230;<\/p>\n<p><b>2015<\/b> &#8211;\u00a0 (Cl A) \u00c9changes avec la <b>Fondation du Patrimoine <\/b>et celle du Cr\u00e9dit Agricole (JJV) : <b>financement difficile d\u2019 un diagnostic piscine <\/b><b>?<\/b> \u2013En attendant, <b>d\u00e9cisions-cl\u00e9s<\/b> : de faire r\u00e9parer les fissures des <b>plages de la piscine par \u00ab\u00a0L\u00e9on No\u00ebl\u00a0\u00bb <\/b>(1000 \u20ac dont savoir-faire) ; de bien participer aux JEP 2015, et avec la Dir. Patrimoine VdeR (C. Verdoni) : un <b><i>Parcours Franco-Am\u00e9ricain r\u00e9mois <\/i><\/b><b>\u00e0 \u00e9diter\u2026 <\/b><i>Des Racines et des Ailes FR3 <\/i><i>\u2026?<\/i> \u2013 Agenda Patrimoine-Piscine 2015-2020 et <b>Base de donn\u00e9es <\/b>(JJV) \u2013 \u00a0En mai et juin : concertations avec l\u2019ABF (Cl A, YA, LH, JJV) : autorisation de travaux ( obligatoire ! ) <b>pour r\u00e9nover en interne les pans de bois du <\/b><b>club-house\u2026 et<\/b> <b>n\u00e9cessit\u00e9 de missionner un\/une architecte du Patrimoine <\/b>pour le <b>diagnostic<\/b> de la piscine\u2026 (\u2264 50000 \u20ac, \u00e0 financer\u2026 subventions ?) \u2013 \u00c9change avec B. L\u00e9on-Dufour (chapelle St-Joseph) \u2013 Visite de la Direction de l\u2019Urba. et des Espaces Verts VdeR\u2026 <b>int\u00e9r\u00eat patrimonial important de l\u2019espace <\/b><b>(1 <\/b><b>hectare) du club<\/b><b>\u2026 L\u2019inscrire <\/b><b>au <\/b><b>PLU ? <\/b>(plan local d\u2019urbanisme).<\/p>\n<p><b>2016<\/b> &#8211;\u00a0 <b>Obligation<\/b> de transmettre \u00e0 la VdeR (Bat. Publ.) 2 agendas avec projet de financement : <b>\u00ab\u00a0Accessibilit\u00e9 PMR\u00a0\u00bb <\/b>et <b>\u00ab\u00a0S\u00e9curit\u00e9\u00a0\u00bb <\/b>(LH) \u2013\u00a0 Aide b\u00e9n\u00e9vole pr\u00e9cieuse <b>d\u2019Al. <\/b><b>Motto<\/b><b> comme architecte-conseil du club <\/b>: d\u00e9lais pour l\u2019AdAP, diagnostic pour la piscine, d\u00e9marche de Projet\u2026 \u2013 En septembre <b>(JEP) <\/b>: <b>r\u00e9union \u00ab\u00a0Culture -Patrimoine\u00a0\u00bb au TCR <\/b>(P. Labelle et C. Coutant, directrice de la Culture) (LH, AL, JJV) : \u00ab\u00a0guichet unique\u00a0\u00bb pour le TCR ? et \u00e9bauche d\u2019un Projet global\u2026<br \/>\nDemande, en octobre, \u00e0 la Ville d\u2019inscrire l\u2019espace TCR au <b>PLU\u2026 demande non retenue\u2026 mais r\u00e9union g\u00e9n\u00e9rale <\/b>avec VdeR (Culture\/Urbanisme\/ Sports (LH, AM, JJV) et<b>\u2026 Projet global \u00ab\u00a0<\/b><b><i>TCReims<\/i><\/b><b><i> 2020\u00a0<\/i><\/b><b>\u00bb \u00e0 faire et proposer \u00e0 la Ville (et aux partenaires institutionnels,\u00a0 \u00e0 la Fondation du Patrimoine, <\/b>aux m\u00e9c\u00e8nes potentiels et au service d\u2019aide VdReims <b>pour le m\u00e9cenat ) pour mai 17\u2026 <\/b><\/p>\n<p><strong>2017<\/strong> &#8211; <b>R\u00e9union au TCR (LH, SR, JJV) avec <\/b><b>VdeR<\/b><b> Sports <\/b>(St. Lang, \u00e9lu aux asso. sportives, Fr. Assailly, dir. Sports et R. Berder, cabinet du Maire) :\u00a0 toutes les possibilit\u00e9s de coop\u00e9ration sportive , dont un Tournoi du Centenaire. \u2013 <b>R\u00e9unions internes hebdomadaires Pr\u00e9-Projet + \u00ab\u00a0agendas\u00a0\u00bb <\/b>(AdAp, S\u00e9curit\u00e9, ouvertures coord. piscine et courts ext. (EB). \u2013 Appel \u00e0 projet de la Ville pour le Hors-temps scolaire : initiation au tennis en 2017 ? 2018\u2026 mais en juin \u00ab\u00a0projet St-Joseph\u00a0\u00bb (RD). \u2013 Contractualisation entre TCR et assoc. des \u00e9tudiants de Sciences-Po Reims (SR, CA, JJV). \u2013 Mise en route d\u2019<b>un site internet plus interactif <\/b>(<b>+<\/b> Facebook, <b>+ <\/b>site FFT),\u00a0 plus facile \u00e0 mettre \u00e0 jour par <b>un nouveau secr\u00e9tariat<\/b>. \u2013 <b>V<\/b><b>. <\/b><b>Th\u00e9venin<\/b><b> ABF <\/b>souhaite avoir un diagnostic Piscine rapidement\u2026 pour envisager son financement en 2018 : le TCR demande un devis (gratuit) \u00e0 l\u2019archi Patrimoine R. Gissinger. \u2013 C. Coutant informe le TCR (LH, JJV), d\u00e9but juin, qu\u2019\u00e0 d\u00e9faut d\u2019inscription au PLU, le club devrait \u00eatre un <b>site <\/b><b>reconnu<strong> d<\/strong>ans le futur \u00ab\u00a0Secteur sauvegard\u00e9\u00a0\u00bb <\/b>de Reims\u2026 (zonage ? et extensions en cours d\u2019\u00e9tude\u2026) en <strong>2018-19&#8230;<\/strong><\/p>\n<h3><span style=\"color: #008000;\"><b>3 &#8211; Aper\u00e7u de notre \u00ab\u00a0Projet <\/b><b>TCReims<\/b><b> 2020-centenaire\u00a0\u00bb en gestation<\/b><\/span><\/h3>\n<p>Pour l\u2019AG 2017 un certain nombre de documents ont \u00e9t\u00e9 en <b>production collective <\/b>:<br \/>\nUne dizaine de <b>pr\u00e9-fiches <\/b>de JJV (bilan \u00e9conomique de la piscine, outils internet en ligne, 2 petites expos patrimoniales permanentes \u00e0 r\u00e9aliser\u00a0: galerie d\u2019accueil et galerie de la piscine, participation possible de l\u2019Ecole de Tennis au programme \u00ab\u00a0Hors temps scolaire des \u00e9coles\u00a0\u00bb de Reims, etc.). \u2013 La <b>pr\u00e9sentation du Projet <\/b>r\u00e9dig\u00e9e par AL.\u2013 Un <b>sch\u00e9ma de <\/b><b>gestion <\/b>du club avec le syst\u00e8me <b>Adhoc<\/b><b> -FFT <\/b><b>\u00a0<\/b>par SL et MC. \u2013 Le compte rendu par LH de la r\u00e9union au TCR en 2-17 avec la Ville de Reims -Sports.<\/p>\n<p><span style=\"color: #008000;\"><b>Sch\u00e9ma <\/b><b>du dossier de pr\u00e9sentation du \u00ab\u00a0Projet <\/b><b>TCReims<\/b><b> 2020-Centenaire\u00a0\u00bb<\/b><\/span><\/p>\n<p>Forme\u00a0: dossier cartonn\u00e9 avec <b>8-10 fiches A4 portrait, recto-verso.<br \/>\n<\/b>Micro-\u00e9dition finale pour septembre et <b>les JEP <\/b><b>2017 ; mise en ligne pr\u00e9vue : <\/b>partielle, compl\u00e8te \u2026?<\/p>\n<p><b>Fiche 1 &#8211;\u00a0 Pr\u00e9sentation <\/b><b>et sommaire <\/b><b>du dossier\u00a0: \u00ab\u00a0le <\/b><b>TCReims<\/b><b>\u00a0: un club historique, un patrimoine, un cadre de vie, un projet\u00a0\u00bb<\/b><\/p>\n<p><b>Fiche 2 &#8211;\u00a0 Une activit\u00e9 sportive \u00e0 renouveler : le tennis<\/b><br \/>\nContexte, statistiques, <b>atouts du TCR\u00a0 <\/b>: la terre battue dedans\/dehors\u2026Un nouveau tournoi pour le Centenaire\u2026l\u2019\u00c9cole, le Tennis Sant\u00e9\u2026 des activit\u00e9s autres\u00a0: piscine bien s\u00fbr ! mini-tennis?, badminton??,\u00a0 p\u00e9tanque\u2026 <b>le <\/b><b>TCR et la FFT<\/b>\u00a0: \u00ab\u00a0<i>club de r\u00e9f\u00e9rence<\/i>\u00a0\u00bb, \u00ab\u00a0<b><i>Projet <\/i><\/b><b><i>Club<\/i><\/b><i>\u00a0<\/i>\u00bb, <b>lieu d\u2019accueil <\/b><b>\u00a0pour <\/b>des r\u00e9unions, des stages, des formations-exp\u00e9rimentations de terre battue\u2026 (restauration \u00e0 venir des courts 1 \u00e0 4\u2026)<\/p>\n<p><b>Fiche 3 &#8211;\u00a0 L\u2019atout de l\u2019\u00c9cole de Tennis et des enseignements diversifi\u00e9s du tennis<\/b><\/p>\n<p><b>Fiche 4 &#8211;\u00a0 Des b\u00e2timents sportifs <\/b><b>embl\u00e9matiques et <\/b><b>patrimoniaux : <\/b><b>\u00e0 mettre <\/b><b>aux normes, entretenir, restaurer\u2026 en particulier la piscine IMH<br \/>\n<\/b><\/p>\n<p><b>Fiche 5\u00a0 &#8211;\u00a0 Des partenariats institutionnels et un <\/b><b>m\u00e9c\u00e9nat patrimonial <\/b><b>\u00e0 d\u00e9velopper<\/b><\/p>\n<p><b>Fiche 6 &#8211; \u00a0 Consolider la vie associative interne et partenariale,<br \/>\nconsolider <\/b><b>l\u2019administration et <\/b><b>les moyens du club<\/b><\/p>\n<p><b>Fiche 7\u00a0 &#8211; Le club-house-restaurant et l\u2019espace vert : 2 cr\u00e9ations de Redont<br \/>\n\u00e0 g\u00e9rer, entretenir, valoriser \u2026<\/b><\/p>\n<p><b>Fiche 8\u00a0 &#8211;\u00a0 Faire durer le Centenaire 2020\/2023 <\/b>(piscine inaugur\u00e9e en 1923\u2026) :<br \/>\n<b>Faire <\/b><b>\u00e9voluer <\/b>le \u00ab\u00a0Projet TC Reims2020\u00a0\u00bb <b>+ Faire \u00e9valuer notre \u00ab\u00a0Projet <\/b><b>Club<\/b><b>\u00a0\u00bb par la <\/b><b>FFT<br \/>\n<\/b><\/p>\n<p><b>Autres fiches\u00a0? : max. 10\u00a0<\/b><b>!&#8230;<\/b><\/p>\n<p style=\"text-align: right;\"><span class=\"small\">19\/06\/JJV-v2<\/span><\/p>\n","protected":false},"excerpt":{"rendered":"<p>Compte-rendu (JJ Valette -L Hutin) \u00e0 l\u2019Assembl\u00e9e G\u00e9n\u00e9rale au sujet du \u00ab\u00a0Projet TC Reims 2020-Centenaire\u00a0\u00bb \u00ab\u00a0projet de club\u00a0\u00bb\u00a0: pour quoi faire\u00a0? comment\u00a0? pour qui\u00a0?\u00a0\u00bb La d\u00e9marche engag\u00e9e\u00a0et ses avantages Les d\u00e9buts<\/p>\n","protected":false},"author":7,"featured_media":0,"parent":0,"menu_order":0,"comment_status":"closed","ping_status":"closed","template":"","meta":{"footnotes":""},"class_list":["post-716","page","type-page","status-publish","hentry"],"jetpack_sharing_enabled":true,"jetpack_likes_enabled":true,"_links":{"self":[{"href":"https:\/\/tcreims.com\/index.php?rest_route=\/wp\/v2\/pages\/716","targetHints":{"allow":["GET"]}}],"collection":[{"href":"https:\/\/tcreims.com\/index.php?rest_route=\/wp\/v2\/pages"}],"about":[{"href":"https:\/\/tcreims.com\/index.php?rest_route=\/wp\/v2\/types\/page"}],"author":[{"embeddable":true,"href":"https:\/\/tcreims.com\/index.php?rest_route=\/wp\/v2\/users\/7"}],"replies":[{"embeddable":true,"href":"https:\/\/tcreims.com\/index.php?rest_route=%2Fwp%2Fv2%2Fcomments&post=716"}],"version-history":[{"count":0,"href":"https:\/\/tcreims.com\/index.php?rest_route=\/wp\/v2\/pages\/716\/revisions"}],"wp:attachment":[{"href":"https:\/\/tcreims.com\/index.php?rest_route=%2Fwp%2Fv2%2Fmedia&parent=716"}],"curies":[{"name":"wp","href":"https:\/\/api.w.org\/{rel}","templated":true}]}}