{"id":711,"date":"2017-06-16T23:10:38","date_gmt":"2017-06-16T21:10:38","guid":{"rendered":"http:\/\/tcreims.com\/?page_id=711"},"modified":"2026-01-23T16:32:16","modified_gmt":"2026-01-23T15:32:16","slug":"liste-des-18-membres-du-nouveau-comite","status":"publish","type":"page","link":"https:\/\/tcreims.com\/?page_id=711","title":{"rendered":"Le Comit\u00e9"},"content":{"rendered":"\n<h2 class=\"wp-block-heading has-tertiary-color has-text-color\"><strong>Le Comit\u00e9 202<\/strong>4<\/h2>\n\n\n\n<h4 class=\"wp-block-heading\">Sont \u00e9lus pour 4 ann\u00e9es :<\/h4>\n\n\n\n<ul class=\"wp-block-list\">\n<li><strong>B\u00e9atrice DEVERLY-BORD<\/strong> d\u00e9missionnaire<\/li>\n\n\n\n<li>J<strong>ulien FAUQUENOY, Pr\u00e9sident<\/strong><\/li>\n\n\n\n<li><strong>Catherine FREY, Secr\u00e9taire g\u00e9n\u00e9rale <\/strong><\/li>\n\n\n\n<li><strong>Jean-Baptiste FROMENTIN<\/strong><\/li>\n\n\n\n<li><strong>Josselin GRANIER <\/strong><\/li>\n\n\n\n<li><strong>Alain LOBET, Vice-Pr\u00e9sident<\/strong><\/li>\n\n\n\n<li><strong>Romain LOBET<\/strong><\/li>\n\n\n\n<li><strong>Marie-Odile MARTIN <\/strong><\/li>\n\n\n\n<li><strong>William MYLLE, Tr\u00e9sorier<\/strong> d\u00e9missionnaire<\/li>\n\n\n\n<li><strong>Rapha\u00ebl PAVAT <\/strong><\/li>\n\n\n\n<li><strong>Dominique SANDRE <\/strong><\/li>\n\n\n\n<li><strong>Cl\u00e9mence TAITTINGER <\/strong><\/li>\n<\/ul>\n\n\n\n<p><\/p>\n\n\n\n<h2 class=\"wp-block-heading has-tertiary-color has-text-color\">Le Comit\u00e9 2023<\/h2>\n\n\n\n<div class=\"wp-block-group\"><div class=\"wp-block-group__inner-container is-layout-constrained wp-block-group-is-layout-constrained\">\n<ul class=\"wp-block-list\">\n<li>Julien FAUQUENOY, Pr\u00e9sident<\/li>\n\n\n\n<li>Juliette CHOQUART<\/li>\n\n\n\n<li>Julien DELECLUSE<\/li>\n\n\n\n<li>Pauline DEFRANCQ (d\u00e9missionnaire)<\/li>\n\n\n\n<li>Catherine FREY, Vice-Pr\u00e9sidente<\/li>\n\n\n\n<li>Jean-Baptiste FROMENTIN<\/li>\n\n\n\n<li>Domitille LETISSIER <\/li>\n\n\n\n<li>Alain LOBET, Tr\u00e9sorier<\/li>\n\n\n\n<li>Marie-Odile MARTIN<\/li>\n\n\n\n<li>William MYLLE, Secr\u00e9taire G\u00e9n\u00e9ral<\/li>\n\n\n\n<li>Rapha\u00ebl PAVAT<\/li>\n\n\n\n<li>Serge ROTHIER, Vice-Pr\u00e9sident<\/li>\n\n\n\n<li>Dominique SANDRE<\/li>\n\n\n\n<li>Brice SIMPHAL<\/li>\n\n\n\n<li>Cl\u00e9mence TAITTINGER<\/li>\n\n\n\n<li>Philippe TERROSI<\/li>\n\n\n\n<li>H\u00e9l\u00e8ne TRICHOT<\/li>\n\n\n\n<li>Emmanuelle WALTER, Vice-Pr\u00e9sidente<\/li>\n<\/ul>\n<\/div><\/div>\n\n\n\n<p><\/p>\n\n\n\n<h2 class=\"wp-block-heading has-tertiary-color has-text-color\">Le Comit\u00e9 2022<\/h2>\n\n\n\n<div class=\"wp-block-group\"><div class=\"wp-block-group__inner-container is-layout-constrained wp-block-group-is-layout-constrained\">\n<div class=\"wp-block-group\"><div class=\"wp-block-group__inner-container is-layout-constrained wp-block-group-is-layout-constrained\">\n<ul class=\"wp-block-list\">\n<li>Domitille LETISSIER, Pr\u00e9sidente,<\/li>\n\n\n\n<li>Brice SIMPHAL,Tr\u00e9sorier<\/li>\n\n\n\n<li>Julien FAUQUENOY, Secr\u00e9taire G\u00e9n\u00e9ral<\/li>\n<\/ul>\n\n\n\n<ul class=\"wp-block-list\">\n<li>Thomas CASABIANCA (d\u00e9missionnaire)<\/li>\n\n\n\n<li>Timoth\u00e9e CHASTE<\/li>\n\n\n\n<li>Juliette CHOQUART<\/li>\n\n\n\n<li>Pauline DEFRANCQ<\/li>\n\n\n\n<li>Julien DELECLUSE<\/li>\n\n\n\n<li>Julien FAUQUENOY<\/li>\n\n\n\n<li>Jean-Baptiste FROMENTIN<\/li>\n\n\n\n<li>Marie-Odile MARTIN<\/li>\n\n\n\n<li>William MYLLE<\/li>\n\n\n\n<li>Patrice PETITJEAN (d\u00e9missionnaire)<\/li>\n\n\n\n<li>Louis-Alexandre ROSIUS (d\u00e9missionnaire)<\/li>\n\n\n\n<li>Serge ROTHIER<\/li>\n\n\n\n<li>Philippe TERROSI<\/li>\n<\/ul>\n<\/div><\/div>\n<\/div><\/div>\n\n\n\n<p><\/p>\n\n\n\n<h2 class=\"wp-block-heading has-tertiary-color has-text-color\">Le Comit\u00e9 2021<\/h2>\n\n\n\n<ul class=\"wp-block-list\">\n<li>Domitille LETISSIER, Pr\u00e9sidente,<\/li>\n\n\n\n<li>Alain LOBET, Vice-Pr\u00e9sident, <\/li>\n\n\n\n<li>Timoth\u00e9e CHASTE, Secr\u00e9taire G\u00e9n\u00e9ral<\/li>\n\n\n\n<li>Alain LOBET, Tr\u00e9sorier<\/li>\n\n\n\n<li>Sarah CORDONE, Vice-Tr\u00e9sori\u00e8re<\/li>\n<\/ul>\n\n\n\n<ul class=\"wp-block-list\">\n<li>Thomas CASABIANCA<\/li>\n\n\n\n<li>Julien DELECLUSE<\/li>\n\n\n\n<li>Anne-Sophie DAUMONT<\/li>\n\n\n\n<li>Martine DURIN<\/li>\n\n\n\n<li>Jean-Baptiste FROMENTIN<\/li>\n\n\n\n<li> Laurent HUTIN<\/li>\n\n\n\n<li>G\u00e9rard LIGER-BELAIR<\/li>\n\n\n\n<li>Marie-Odile MARTIN<\/li>\n\n\n\n<li>Patrice PETITJEAN<\/li>\n\n\n\n<li>Xavier PIERRY<\/li>\n\n\n\n<li>Louis-Alexandre ROSIUS<\/li>\n\n\n\n<li>Serge ROTHIER<\/li>\n\n\n\n<li>Brice SIMPHAL<\/li>\n\n\n\n<li>Philippe TERROSI<\/li>\n<\/ul>\n\n\n\n<h2 class=\"wp-block-heading has-tertiary-color has-text-color\">Le Comit\u00e9 2020<\/h2>\n\n\n\n<div class=\"wp-block-group\"><div class=\"wp-block-group__inner-container is-layout-constrained wp-block-group-is-layout-constrained\">\n<div class=\"wp-block-group\"><div class=\"wp-block-group__inner-container is-layout-constrained wp-block-group-is-layout-constrained\">\n<ul class=\"wp-block-list\">\n<li>Domitille LETISSIER, Pr\u00e9sidente,<\/li>\n\n\n\n<li>Alain LOBET, Vice-Pr\u00e9sident, <\/li>\n\n\n\n<li>Timoth\u00e9e CHASTE, Secr\u00e9taire G\u00e9n\u00e9ral<\/li>\n\n\n\n<li>Alain LOBET, Tr\u00e9sorier<\/li>\n\n\n\n<li>Sarah CORDONE, Vice-Tr\u00e9sori\u00e8re<\/li>\n<\/ul>\n\n\n\n<ul class=\"wp-block-list\">\n<li>Julien DELECLUSE<\/li>\n\n\n\n<li>Anne-Sophie DAUMONT<\/li>\n\n\n\n<li>Martine DURIN<\/li>\n\n\n\n<li>Jean-Baptiste FROMENTIN <\/li>\n\n\n\n<li>Laurent HUTIN<\/li>\n\n\n\n<li>G\u00e9rard LIGER-BELAIR<\/li>\n\n\n\n<li>Marie-Odile MARTIN<\/li>\n\n\n\n<li>Patrice PETITJEAN<\/li>\n\n\n\n<li>Xavier PIERRY<\/li>\n\n\n\n<li>Serge ROTHIER<\/li>\n\n\n\n<li>Brice SIMPHAL<\/li>\n\n\n\n<li>Philippe TERROSI <\/li>\n<\/ul>\n<\/div><\/div>\n<\/div><\/div>\n\n\n<h2>Le Comit\u00e9 2019<\/h2>\n<ul>\n<li>Claude AUROUX, Pr\u00e9sident<\/li>\n<li>Jean-Louis BEHA, Secr\u00e9taire G\u00e9n\u00e9ral<\/li>\n<li>J\u00e9r\u00f4me CHANE-TING-SANG<\/li>\n<li>Jean-Luc COUILLARD<\/li>\n<li>Anne-Sophie DAUMONT<\/li>\n<li>Gilles DE THESUT<\/li>\n<li>Robert DRON<\/li>\n<li>Yann DUFOULEUR<\/li>\n<li>Martine DURIN<\/li>\n<li>Laurent HUTIN<\/li>\n<li>Domitille LETISSIER<\/li>\n<li>G\u00e9rard LIGER-BELAIR<\/li>\n<li>Alain LOBET, Tr\u00e9sorier<\/li>\n<li>Marie-Odile MARTIN<\/li>\n<li>Olivier MOUTHUY<\/li>\n<li>B\u00e9atrice PLODZIEN, Vice-Pr\u00e9sident<\/li>\n<li>Xavier PIERRY<\/li>\n<li>Serge ROTHIER<\/li>\n<\/ul>\n<h2 style=\"padding-left: 30px; text-align: left;\">Le Comit\u00e9 2018<\/h2>\n<ul>\n<li>Claude AUROUX, r\u00e9\u00e9lu pr\u00e9sident<\/li>\n<li>Jean-Louis BEHA, Secr\u00e9taire G\u00e9n\u00e9ral<\/li>\n<li>Jean-Luc COUILLARD<\/li>\n<li>Gilles de THESUT<\/li>\n<li>Robert DRON<\/li>\n<li>Yann DUFOULEUR, Vice-Pr\u00e9sident<\/li>\n<li>G\u00e9rard HANNEDOUCHE<\/li>\n<li>Laurent HUTIN<\/li>\n<li>Alain LOBET, Tr\u00e9sorier<\/li>\n<li>Olivier MOUTUY<\/li>\n<li>B\u00e9atrice PLODZIEN, Vice-Pr\u00e9sidente<\/li>\n<li>Jean-Pierre STEINSULZ<\/li>\n<li>Serge ROTHIER<\/li>\n<\/ul>\n<h2 style=\"padding-left: 30px;\">Actualit\u00e9s 2017<\/h2>\n<p><blockquote class=\"wp-embedded-content\" data-secret=\"QfZ58OYPb4\"><a href=\"https:\/\/tcreims.com\/?p=886\">Apr\u00e8s l\u2019AG du 9 juin 2017 : avis n\u00b0 3 et dernier<\/a><\/blockquote><iframe loading=\"lazy\" class=\"wp-embedded-content\" sandbox=\"allow-scripts\" security=\"restricted\" style=\"position: absolute; clip: rect(1px, 1px, 1px, 1px);\" title=\"\u00ab\u00a0Apr\u00e8s l\u2019AG du 9 juin 2017 : avis n\u00b0 3 et dernier\u00a0\u00bb &#8212; Tennis Club de Reims\" src=\"https:\/\/tcreims.com\/?p=886&#038;embed=true#?secret=s3rUuNfpRr#?secret=QfZ58OYPb4\" data-secret=\"QfZ58OYPb4\" width=\"600\" height=\"338\" frameborder=\"0\" marginwidth=\"0\" marginheight=\"0\" scrolling=\"no\"><\/iframe><\/p>\n<p><blockquote class=\"wp-embedded-content\" data-secret=\"JWglqLMR2S\"><a href=\"https:\/\/tcreims.com\/?p=723\">Apr\u00e8s l&rsquo;AG du 9 juin 2017 &#8211; 2 &#8211;<\/a><\/blockquote><iframe loading=\"lazy\" class=\"wp-embedded-content\" sandbox=\"allow-scripts\" security=\"restricted\" style=\"position: absolute; clip: rect(1px, 1px, 1px, 1px);\" title=\"\u00ab\u00a0Apr\u00e8s l&rsquo;AG du 9 juin 2017 &#8211; 2 &#8211;\u00a0\u00bb &#8212; Tennis Club de Reims\" src=\"https:\/\/tcreims.com\/?p=723&#038;embed=true#?secret=V3D6oF5XoW#?secret=JWglqLMR2S\" data-secret=\"JWglqLMR2S\" width=\"600\" height=\"338\" frameborder=\"0\" marginwidth=\"0\" marginheight=\"0\" scrolling=\"no\"><\/iframe><\/p>\n<p><blockquote class=\"wp-embedded-content\" data-secret=\"g8R0M2a8u3\"><a href=\"https:\/\/tcreims.com\/?p=677\">Apr\u00e8s l&rsquo;AG du 9 juin<\/a><\/blockquote><iframe loading=\"lazy\" class=\"wp-embedded-content\" sandbox=\"allow-scripts\" security=\"restricted\" style=\"position: absolute; clip: rect(1px, 1px, 1px, 1px);\" title=\"\u00ab\u00a0Apr\u00e8s l&rsquo;AG du 9 juin\u00a0\u00bb &#8212; Tennis Club de Reims\" src=\"https:\/\/tcreims.com\/?p=677&#038;embed=true#?secret=sLYGaGtaNm#?secret=g8R0M2a8u3\" data-secret=\"g8R0M2a8u3\" width=\"600\" height=\"338\" frameborder=\"0\" marginwidth=\"0\" marginheight=\"0\" scrolling=\"no\"><\/iframe><\/p>\n<p><blockquote class=\"wp-embedded-content\" data-secret=\"U5jybzoCER\"><a href=\"https:\/\/tcreims.com\/?p=626\">Derni\u00e8res nouvelles du TCR<\/a><\/blockquote><iframe loading=\"lazy\" class=\"wp-embedded-content\" sandbox=\"allow-scripts\" security=\"restricted\" style=\"position: absolute; clip: rect(1px, 1px, 1px, 1px);\" title=\"\u00ab\u00a0Derni\u00e8res nouvelles du TCR\u00a0\u00bb &#8212; Tennis Club de Reims\" src=\"https:\/\/tcreims.com\/?p=626&#038;embed=true#?secret=vRvIAQYgql#?secret=U5jybzoCER\" data-secret=\"U5jybzoCER\" width=\"600\" height=\"338\" frameborder=\"0\" marginwidth=\"0\" marginheight=\"0\" scrolling=\"no\"><\/iframe><\/p>\n<p><blockquote class=\"wp-embedded-content\" data-secret=\"D8oUgY30ZG\"><a href=\"https:\/\/tcreims.com\/?p=504\">Assembl\u00e9e g\u00e9n\u00e9rale<\/a><\/blockquote><iframe loading=\"lazy\" class=\"wp-embedded-content\" sandbox=\"allow-scripts\" security=\"restricted\" style=\"position: absolute; clip: rect(1px, 1px, 1px, 1px);\" title=\"\u00ab\u00a0Assembl\u00e9e g\u00e9n\u00e9rale\u00a0\u00bb &#8212; Tennis Club de Reims\" src=\"https:\/\/tcreims.com\/?p=504&#038;embed=true#?secret=ML4LoqZd0G#?secret=D8oUgY30ZG\" data-secret=\"D8oUgY30ZG\" width=\"600\" height=\"338\" frameborder=\"0\" marginwidth=\"0\" marginheight=\"0\" scrolling=\"no\"><\/iframe><\/p>\n\n\n<p><\/p>\n","protected":false},"excerpt":{"rendered":"<p>Le Comit\u00e9 2024 Sont \u00e9lus pour 4 ann\u00e9es : Le Comit\u00e9 2023 Le Comit\u00e9 2022 Le Comit\u00e9 2021 Le Comit\u00e9 2020 Le Comit\u00e9 2019 Claude AUROUX, Pr\u00e9sident Jean-Louis BEHA, Secr\u00e9taire G\u00e9n\u00e9ral<\/p>\n","protected":false},"author":7,"featured_media":0,"parent":0,"menu_order":0,"comment_status":"closed","ping_status":"closed","template":"","meta":{"footnotes":""},"class_list":["post-711","page","type-page","status-publish","hentry"],"jetpack_sharing_enabled":true,"jetpack_likes_enabled":true,"_links":{"self":[{"href":"https:\/\/tcreims.com\/index.php?rest_route=\/wp\/v2\/pages\/711","targetHints":{"allow":["GET"]}}],"collection":[{"href":"https:\/\/tcreims.com\/index.php?rest_route=\/wp\/v2\/pages"}],"about":[{"href":"https:\/\/tcreims.com\/index.php?rest_route=\/wp\/v2\/types\/page"}],"author":[{"embeddable":true,"href":"https:\/\/tcreims.com\/index.php?rest_route=\/wp\/v2\/users\/7"}],"replies":[{"embeddable":true,"href":"https:\/\/tcreims.com\/index.php?rest_route=%2Fwp%2Fv2%2Fcomments&post=711"}],"version-history":[{"count":17,"href":"https:\/\/tcreims.com\/index.php?rest_route=\/wp\/v2\/pages\/711\/revisions"}],"predecessor-version":[{"id":8069,"href":"https:\/\/tcreims.com\/index.php?rest_route=\/wp\/v2\/pages\/711\/revisions\/8069"}],"wp:attachment":[{"href":"https:\/\/tcreims.com\/index.php?rest_route=%2Fwp%2Fv2%2Fmedia&parent=711"}],"curies":[{"name":"wp","href":"https:\/\/api.w.org\/{rel}","templated":true}]}}