{"id":68,"date":"2017-05-09T18:46:58","date_gmt":"2017-05-09T16:46:58","guid":{"rendered":"http:\/\/tcreims.com\/?page_id=68"},"modified":"2023-01-26T11:43:44","modified_gmt":"2023-01-26T10:43:44","slug":"les-presidents-du-tennis-club","status":"publish","type":"page","link":"https:\/\/tcreims.com\/?page_id=68","title":{"rendered":"Les pr\u00e9sidents du Tennis Club"},"content":{"rendered":"<table style=\"height: 1300px;\" width=\"772\">\n<tbody>\n<tr>\n<td width=\"33%\"><img loading=\"lazy\" decoding=\"async\" class=\"alignnone size-full wp-image-69\" src=\"https:\/\/tcreims.com\/wp-content\/uploads\/2017\/05\/50b13e_3e6f4426cbcd496aae3dc3bd6da65c0b.png\" alt=\"\" width=\"158\" height=\"125\" \/><\/td>\n<td width=\"33%\"><img loading=\"lazy\" decoding=\"async\" class=\"alignnone size-full wp-image-70\" src=\"https:\/\/tcreims.com\/wp-content\/uploads\/2017\/05\/50b13e_03479408d93a46a0956181c950e99891.png\" alt=\"\" width=\"144\" height=\"125\" \/><\/td>\n<td width=\"33%\"><img loading=\"lazy\" decoding=\"async\" class=\"alignnone size-full wp-image-71\" src=\"https:\/\/tcreims.com\/wp-content\/uploads\/2017\/05\/50b13e_41c8e1dc08554c57b6435d7840a262bc1.png\" alt=\"\" width=\"148\" height=\"140\" \/><\/td>\n<\/tr>\n<tr>\n<td><em><strong>Comte Maxence de POLIGNAC<\/strong><\/em><br \/>de 1919 \u00e0 1933<\/td>\n<td><em><strong>Pierre BOUCHEZ<\/strong><\/em><br \/>de 1934 \u00e0 1943<br \/>et de 1949 \u00e0 1950<\/td>\n<td><em><strong>Roger FONTAINE<\/strong><\/em><br \/>de 1944 \u00e0 1948<\/td>\n<\/tr>\n<tr>\n<td>\u00a0<\/td>\n<td><img loading=\"lazy\" decoding=\"async\" class=\"alignnone size-full wp-image-73\" src=\"https:\/\/tcreims.com\/wp-content\/uploads\/2017\/05\/50b13e_1247034091b146379875f1a567a9f8c5.png\" alt=\"\" width=\"101\" height=\"154\" \/><\/td>\n<td><img loading=\"lazy\" decoding=\"async\" class=\"alignnone size-full wp-image-74\" src=\"https:\/\/tcreims.com\/wp-content\/uploads\/2017\/05\/50b13e_2d57afb3752e4265918ad5e5241866bb.png\" alt=\"\" width=\"124\" height=\"154\" \/><\/td>\n<\/tr>\n<tr>\n<td><em><strong>Ferdinand BELLET<\/strong><\/em><br \/>de 1951 \u00e0 1967<\/td>\n<td><em><strong>J\u00e9r\u00f4me DAUPHIN<\/strong><\/em><br \/>1968<\/td>\n<td><em><strong>Jean-Louis DEBAR<\/strong><\/em><br \/>1969<\/td>\n<\/tr>\n<tr>\n<td>\n<div id=\"comp-il5peko0\" class=\"s1\" data-reactid=\".0.$SITE_ROOT.$desktop_siteRoot.$PAGES_CONTAINER.1.1.$SITE_PAGES.$hntw1.1.$comp-il5peko0\"><img loading=\"lazy\" decoding=\"async\" class=\"alignnone size-full wp-image-75\" src=\"https:\/\/tcreims.com\/wp-content\/uploads\/2017\/05\/50b13e_3bf3ba10c37b4a20a66aef231dc509a9.png\" alt=\"\" width=\"145\" height=\"154\" \/><\/div>\n<\/td>\n<td>\n<div id=\"comp-il5peko1\" class=\"s1\" data-reactid=\".0.$SITE_ROOT.$desktop_siteRoot.$PAGES_CONTAINER.1.1.$SITE_PAGES.$hntw1.1.$comp-il5peko1\"><img loading=\"lazy\" decoding=\"async\" class=\"alignnone size-full wp-image-76\" src=\"https:\/\/tcreims.com\/wp-content\/uploads\/2017\/05\/50b13e_970630367241459e885c31971f1fc84f.png\" alt=\"\" width=\"137\" height=\"136\" \/><\/div>\n<\/td>\n<td><img loading=\"lazy\" decoding=\"async\" class=\"alignnone size-full wp-image-77\" src=\"https:\/\/tcreims.com\/wp-content\/uploads\/2017\/05\/50b13e_056b70c1810a48368cf6a9ee49a53f5d.png\" alt=\"\" width=\"137\" height=\"150\" \/><\/td>\n<\/tr>\n<tr>\n<td><em><strong>Philippe JAMOIS<\/strong><\/em><br \/>1980-1989<\/td>\n<td><em><strong>Christophe HAMEL<\/strong><\/em><br \/>de 1990 \u00e01991<\/td>\n<td><em><strong>Jean-Claude BOISSEL<\/strong><\/em><br \/>1991-1993<\/td>\n<\/tr>\n<tr>\n<td><img loading=\"lazy\" decoding=\"async\" class=\"alignnone wp-image-656 ml-lightbox-enabled\" src=\"https:\/\/tcreims.com\/wp-content\/uploads\/2017\/05\/anne-harangpres-tcr-700x906.jpg\" alt=\"\" width=\"130\" height=\"168\" srcset=\"https:\/\/tcreims.com\/wp-content\/uploads\/2017\/05\/anne-harangpres-tcr-700x906.jpg 700w, https:\/\/tcreims.com\/wp-content\/uploads\/2017\/05\/anne-harangpres-tcr.jpg 1161w\" sizes=\"auto, (max-width: 130px) 100vw, 130px\" \/><\/td>\n<td><img loading=\"lazy\" decoding=\"async\" class=\"alignnone size-full wp-image-89\" src=\"https:\/\/tcreims.com\/wp-content\/uploads\/2017\/05\/50b13e_8b475a908c974c0f966454025e9d35fc.png\" alt=\"\" width=\"147\" height=\"170\" \/><\/td>\n<td><a href=\"https:\/\/tcreims.com\/?attachment_id=270\" rel=\"attachment wp-att-270\"><img loading=\"lazy\" decoding=\"async\" class=\"alignnone wp-image-270\" src=\"https:\/\/tcreims.com\/wp-content\/uploads\/2017\/05\/S\u00e9bastien-WOJEWODA.jpg\" alt=\"\" width=\"157\" height=\"168\" \/><\/a><\/td>\n<\/tr>\n<tr>\n<td><em><strong>Anne HARANG<\/strong><\/em><br \/>de 1994 \u00e0 1999<\/td>\n<td><strong><em>Yves AUBRY<\/em><\/strong><br \/>de 2003 \u00e0 2010<\/td>\n<td><em><strong>S\u00e9bastien WOJEWODA<\/strong><\/em><br \/>de 2011 \u00e0 2012<\/td>\n<\/tr>\n<tr>\n<td><img loading=\"lazy\" decoding=\"async\" class=\"alignnone wp-image-657 ml-lightbox-enabled\" src=\"https:\/\/tcreims.com\/wp-content\/uploads\/2017\/05\/IMG_1321a-JLCTCR-700x918.jpg\" alt=\"\" width=\"120\" height=\"157\" srcset=\"https:\/\/tcreims.com\/wp-content\/uploads\/2017\/05\/IMG_1321a-JLCTCR-700x918.jpg 700w, https:\/\/tcreims.com\/wp-content\/uploads\/2017\/05\/IMG_1321a-JLCTCR.jpg 1214w\" sizes=\"auto, (max-width: 120px) 100vw, 120px\" \/><\/td>\n<td>\u00a0<a href=\"https:\/\/tcreims.com\/?attachment_id=308\" rel=\"attachment wp-att-308\"><img loading=\"lazy\" decoding=\"async\" class=\"alignnone wp-image-308\" src=\"https:\/\/tcreims.com\/wp-content\/uploads\/2017\/05\/2017-05-14_124644.jpg\" alt=\"\" width=\"131\" height=\"148\" \/><\/a><\/td>\n<td><img loading=\"lazy\" decoding=\"async\" class=\"alignleft\" src=\"https:\/\/tcreims.com\/wp-content\/uploads\/2019\/03\/Domitille.jpg\" alt=\"L\u2019attribut alt de cette image est vide, son nom de fichier est Domitille.jpg.\" width=\"131\" height=\"144\" \/><\/td>\n<\/tr>\n<tr>\n<td>\n<p class=\"font_8\"><span class=\"color_2\"><em><strong>Jean-Luc COUILLARD<\/strong><\/em><br \/>de 1999 \u00e0 2003<br \/>et de 2013 \u00e0 2015<\/span><\/p>\n<\/td>\n<td>\n<p class=\"font_8\"><span class=\"color_2\"><em><strong>Claude AUROUX<\/strong><\/em><br \/>de\u00a0 2015 \u00e0 2020<br \/><\/span><\/p>\n<\/td>\n<td>\n<p><em><strong>Domitille LETISSIER-FERRY\u00a0<\/strong> <\/em><\/p>\n<p>2020 \u00e0 Janvier 2023<\/p>\n<\/td>\n<\/tr>\n<\/tbody>\n<\/table>\n\n\n<p><\/p>\n\n\n\n<figure class=\"wp-block-image size-large is-resized\"><img loading=\"lazy\" decoding=\"async\" src=\"https:\/\/tcreims.com\/wp-content\/uploads\/2023\/01\/PHOTO-2023-01-24-21-28-18-2-700x933.jpg\" alt=\"\" class=\"wp-image-5439\" width=\"175\" height=\"233\" srcset=\"https:\/\/tcreims.com\/wp-content\/uploads\/2023\/01\/PHOTO-2023-01-24-21-28-18-2-700x933.jpg 700w, https:\/\/tcreims.com\/wp-content\/uploads\/2023\/01\/PHOTO-2023-01-24-21-28-18-2-225x300.jpg 225w, https:\/\/tcreims.com\/wp-content\/uploads\/2023\/01\/PHOTO-2023-01-24-21-28-18-2-768x1024.jpg 768w, https:\/\/tcreims.com\/wp-content\/uploads\/2023\/01\/PHOTO-2023-01-24-21-28-18-2-600x800.jpg 600w, https:\/\/tcreims.com\/wp-content\/uploads\/2023\/01\/PHOTO-2023-01-24-21-28-18-2-1152x1536.jpg 1152w, https:\/\/tcreims.com\/wp-content\/uploads\/2023\/01\/PHOTO-2023-01-24-21-28-18-2.jpg 1200w\" sizes=\"auto, (max-width: 175px) 100vw, 175px\" \/><\/figure>\n\n\n\n<p><strong><em>Julien FAUQUENOY <\/em><\/strong><\/p>\n\n\n\n<p>Pr\u00e9sident en place<\/p>\n","protected":false},"excerpt":{"rendered":"<p>Comte Maxence de POLIGNACde 1919 \u00e0 1933 Pierre BOUCHEZde 1934 \u00e0 1943et de 1949 \u00e0 1950 Roger FONTAINEde 1944 \u00e0 1948 \u00a0 Ferdinand BELLETde 1951 \u00e0 1967 J\u00e9r\u00f4me DAUPHIN1968 Jean-Louis DEBAR1969<\/p>\n","protected":false},"author":7,"featured_media":0,"parent":0,"menu_order":0,"comment_status":"closed","ping_status":"closed","template":"","meta":{"footnotes":""},"class_list":["post-68","page","type-page","status-publish","hentry"],"jetpack_sharing_enabled":true,"jetpack_likes_enabled":true,"_links":{"self":[{"href":"https:\/\/tcreims.com\/index.php?rest_route=\/wp\/v2\/pages\/68","targetHints":{"allow":["GET"]}}],"collection":[{"href":"https:\/\/tcreims.com\/index.php?rest_route=\/wp\/v2\/pages"}],"about":[{"href":"https:\/\/tcreims.com\/index.php?rest_route=\/wp\/v2\/types\/page"}],"author":[{"embeddable":true,"href":"https:\/\/tcreims.com\/index.php?rest_route=\/wp\/v2\/users\/7"}],"replies":[{"embeddable":true,"href":"https:\/\/tcreims.com\/index.php?rest_route=%2Fwp%2Fv2%2Fcomments&post=68"}],"version-history":[{"count":1,"href":"https:\/\/tcreims.com\/index.php?rest_route=\/wp\/v2\/pages\/68\/revisions"}],"predecessor-version":[{"id":5440,"href":"https:\/\/tcreims.com\/index.php?rest_route=\/wp\/v2\/pages\/68\/revisions\/5440"}],"wp:attachment":[{"href":"https:\/\/tcreims.com\/index.php?rest_route=%2Fwp%2Fv2%2Fmedia&parent=68"}],"curies":[{"name":"wp","href":"https:\/\/api.w.org\/{rel}","templated":true}]}}