{"id":615,"date":"2017-05-31T09:24:33","date_gmt":"2017-05-31T07:24:33","guid":{"rendered":"http:\/\/tcreims.com\/?page_id=615"},"modified":"2026-03-21T12:49:05","modified_gmt":"2026-03-21T11:49:05","slug":"le-tennis-sport-sante-bien-etre-au-tcr","status":"publish","type":"page","link":"https:\/\/tcreims.com\/?page_id=615","title":{"rendered":"Le tennis Sport Sant\u00e9 Bien-\u00eatre au TCR"},"content":{"rendered":"\n<p><strong>LE TENNIS SPORT SANT\u00c9 BIEN-\u00caTRE AU TENNIS CLUB DE REIMS<\/strong><\/p>\n\n\n\n<p><span style=\"color: #008080;\"><strong>La pratique r\u00e9guli\u00e8re d\u2019une activit\u00e9 physique m\u00eame d\u2019intensit\u00e9 mod\u00e9r\u00e9e est b\u00e9n\u00e9fique car elle : <\/strong><\/span><\/p>\n\n\n\n<ul class=\"wp-block-list\">\n<li><span style=\"color: #008080;\"><strong>Allonge l\u2019esp\u00e9rance de vie<\/strong><\/span><\/li>\n\n\n\n<li><span style=\"color: #008080;\"><strong>Am\u00e9liore la qualit\u00e9 de vie et le bien-\u00eatre<\/strong><\/span><\/li>\n\n\n\n<li><span style=\"color: #008080;\"><strong>Pr\u00e9vient la d\u00e9pression et les maladies chroniques<\/strong><\/span><\/li>\n\n\n\n<li><span style=\"color: #008080;\"><strong>Contribue significativement au traitement des pathologies chroniques<\/strong><\/span><\/li>\n\n\n\n<li><span style=\"color: #008080;\"><strong>\u00c9vite les r\u00e9cidives de certains cancers<\/strong><\/span><\/li>\n\n\n\n<li><span style=\"color: #008080;\"><strong>Retarde les m\u00e9faits du vieillissement et la d\u00e9pendance<\/strong><\/span><\/li>\n<\/ul>\n\n\n\n<p><strong>Vous souhaitez am\u00e9liorer votre sant\u00e9 et votre condition physique <\/strong>et vous souffrez d\u2019une maladie chronique (cancer, diab\u00e8te, maladie coronaire, BPCO, art\u00e9rite des membres inf\u00e9rieurs ou de d\u00e9pression), vous pr\u00e9sentez des limitations fonctionnelles ou vous \u00eates en surpoids ou s\u00e9dentaire.<\/p>\n\n\n\n<p>Le dispositif r\u00e9gional PRESCRIMOUV qui s\u2019inscrit dans le Plan R\u00e9gional de Sant\u00e9 2022-2028, vous permet de pratiquer une ou plusieurs activit\u00e9s physiques en toute s\u00e9curit\u00e9 sur prescription m\u00e9dicale.<\/p>\n\n\n\n<p><a href=\"http:\/\/www.prescrimouv-grandest.fr\">www.prescrimouv-grandest.fr<\/a><\/p>\n\n\n\n<p><strong>Vous suivez le parcours suivant&nbsp;:<\/strong><\/p>\n\n\n\n<ul class=\"wp-block-list\">\n<li>Votre m\u00e9decin traitant ou votre sp\u00e9cialiste vous pr\u00e9sente le dispositif Prescri\u2019mouv et vous remet un certificat de non-contre-indication \u00e0 la pratique.<\/li>\n\n\n\n<li>Vous prenez contact avec un professionnel du dispositif en composant le&nbsp;: 03.52.62.64.37<\/li>\n\n\n\n<li>Vous r\u00e9alisez un bilan m\u00e9dico-sportif initial avec un \u00c9ducateur M\u00e9dico-Sportif ou avec un masseur kin\u00e9sith\u00e9rapeute. Vous choisissez une activit\u00e9 dans une association labellis\u00e9e telle que le TCR et vous contactez l\u2019\u00c9ducateur Sportif encadrant les s\u00e9ances de Tennis Sport Sant\u00e9 Bien-\u00catre, en l\u2019occurrence <strong><em>Marie-Alix BOISSEAU au 06.11.98.20.21<\/em><\/strong>, qui vous accueillera pour un entretien initial suivi de deux ou trois s\u00e9ances individuelles. Par la suite, en fonction de votre exp\u00e9rience du jeu, de vos limitations physiques et de vos disponibilit\u00e9s, vous int\u00e8grerez un des trois cr\u00e9neaux labellis\u00e9s du TCR. Par la suite, vous pourrez pratiquer le tennis de fa\u00e7on autonome \u00e0 des horaires d\u00e9di\u00e9s et b\u00e9n\u00e9ficier de la piscine et du parc.<\/li>\n\n\n\n<li>Ce dispositif vous permet de pratiquer une activit\u00e9 physique adapt\u00e9e s\u00e9curis\u00e9e r\u00e9guli\u00e8re et progressive dans des conditions financi\u00e8res accessibles gr\u00e2ce au soutien du D\u00e9partement de la Marne, de la Ville de Reims, du R\u00e9seau Sport Sant\u00e9 de la Marne, de la F\u00e9d\u00e9ration Fran\u00e7aise de Tennis et du Tennis Club. R\u00e9seau Sport Sant\u00e9 Bien-\u00catre&nbsp;: <strong>https:\/\/www.rssbe.org<\/strong><\/li>\n<\/ul>\n\n\n\n<p><\/p>\n\n\n\n<figure class=\"wp-block-table\"><table><tbody><tr><td><strong>TARIF : 300 \u20ac par an<\/strong><\/td><td>Licence + Cotisation<\/td><td>30 s\u00e9ances collectives + acc\u00e8s piscine + jeu libre<\/td><\/tr><\/tbody><\/table><\/figure>\n\n\n\n<p>N.B.&nbsp;&nbsp;&nbsp; Il vous sera demand\u00e9 de fournir un certificat m\u00e9dical de non-contre-indication de la pratique chaque ann\u00e9e.<\/p>\n\n\n\n<p>Si vous devez interrompre votre pratique et ce, uniquement pour des raisons m\u00e9dicales (intervention, traitement, blessure), les s\u00e9ances collectives manqu\u00e9es seront report\u00e9es \u00e0 la saison suivante.<\/p>\n\n\n\n<div data-wp-interactive=\"core\/file\" class=\"wp-block-file\"><object data-wp-bind--hidden=\"!state.hasPdfPreview\" hidden class=\"wp-block-file__embed\" data=\"https:\/\/tcreims.com\/wp-content\/uploads\/2025\/10\/Sport-sante-Saison-2025-2026.pdf\" type=\"application\/pdf\" style=\"width:100%;height:600px\" aria-label=\"Contenu embarqu\u00e9 Sport sant\u00e9 Saison 2025-2026.\"><\/object><a id=\"wp-block-file--media-1905b90e-0193-4e77-a381-ed8f9f4486f2\" href=\"https:\/\/tcreims.com\/wp-content\/uploads\/2025\/10\/Sport-sante-Saison-2025-2026.pdf\">Sport sant\u00e9 Saison 2025-2026<\/a><a href=\"https:\/\/tcreims.com\/wp-content\/uploads\/2025\/10\/Sport-sante-Saison-2025-2026.pdf\" class=\"wp-block-file__button wp-element-button\" download aria-describedby=\"wp-block-file--media-1905b90e-0193-4e77-a381-ed8f9f4486f2\">T\u00e9l\u00e9charger<\/a><\/div>\n\n\n<div class=\"wp-block-image\">\n<figure class=\"aligncenter size-full is-resized\"><img loading=\"lazy\" decoding=\"async\" width=\"341\" height=\"635\" src=\"https:\/\/tcreims.com\/wp-content\/uploads\/2022\/03\/ma-boisseau-1.jpg\" alt=\"\" class=\"wp-image-4880\" style=\"width:171px;height:auto\" srcset=\"https:\/\/tcreims.com\/wp-content\/uploads\/2022\/03\/ma-boisseau-1.jpg 341w, https:\/\/tcreims.com\/wp-content\/uploads\/2022\/03\/ma-boisseau-1-161x300.jpg 161w\" sizes=\"auto, (max-width: 341px) 100vw, 341px\" \/><\/figure><\/div>\n\n\n<p>Vos r\u00e9f\u00e9rente Sport Sant\u00e9 Bien-\u00eatre : <\/p>\n\n\n\n<p><strong>Marie-Alix BOISSEAU<\/strong><\/p>\n\n\n\n<p class=\"has-small-font-size\">PROFESSEUR DIPL\u00d4M\u00c9E D\u2019\u00c9TAT (BEES) 2<sup>nd<\/sup> degr\u00e9<\/p>\n\n\n\n<p class=\"has-small-font-size\"><strong>Tel&nbsp;: 06.11.98.20.21<\/strong><\/p>\n\n\n\n<figure class=\"wp-block-image size-full is-resized\"><img loading=\"lazy\" decoding=\"async\" width=\"409\" height=\"171\" src=\"https:\/\/tcreims.com\/wp-content\/uploads\/2025\/05\/logoclubsant-e1619000153848.jpg\" alt=\"\" class=\"wp-image-7731\" style=\"width:712px;height:auto\" srcset=\"https:\/\/tcreims.com\/wp-content\/uploads\/2025\/05\/logoclubsant-e1619000153848.jpg 409w, https:\/\/tcreims.com\/wp-content\/uploads\/2025\/05\/logoclubsant-e1619000153848-300x125.jpg 300w\" sizes=\"auto, (max-width: 409px) 100vw, 409px\" \/><\/figure>\n\n\n\n<figure class=\"wp-block-image size-large is-resized\"><img loading=\"lazy\" decoding=\"async\" width=\"700\" height=\"255\" src=\"https:\/\/tcreims.com\/wp-content\/uploads\/2026\/03\/Screenshot-2026-03-21-at-12-48-25--700x255.png\" alt=\"\" class=\"wp-image-8093\" style=\"width:880px;height:auto\" srcset=\"https:\/\/tcreims.com\/wp-content\/uploads\/2026\/03\/Screenshot-2026-03-21-at-12-48-25--700x255.png 700w, https:\/\/tcreims.com\/wp-content\/uploads\/2026\/03\/Screenshot-2026-03-21-at-12-48-25--300x109.png 300w, https:\/\/tcreims.com\/wp-content\/uploads\/2026\/03\/Screenshot-2026-03-21-at-12-48-25--768x280.png 768w, https:\/\/tcreims.com\/wp-content\/uploads\/2026\/03\/Screenshot-2026-03-21-at-12-48-25--600x219.png 600w, https:\/\/tcreims.com\/wp-content\/uploads\/2026\/03\/Screenshot-2026-03-21-at-12-48-25--1536x560.png 1536w, https:\/\/tcreims.com\/wp-content\/uploads\/2026\/03\/Screenshot-2026-03-21-at-12-48-25-.png 1600w\" sizes=\"auto, (max-width: 700px) 100vw, 700px\" \/><\/figure>\n\n\n\n<figure class=\"wp-block-image size-large is-resized\"><img loading=\"lazy\" decoding=\"async\" width=\"700\" height=\"3045\" src=\"https:\/\/tcreims.com\/wp-content\/uploads\/2026\/03\/Screenshot-2026-03-21-at-12-45-26--700x3045.png\" alt=\"\" class=\"wp-image-8091\" style=\"width:880px;height:auto\" srcset=\"https:\/\/tcreims.com\/wp-content\/uploads\/2026\/03\/Screenshot-2026-03-21-at-12-45-26--700x3045.png 700w, https:\/\/tcreims.com\/wp-content\/uploads\/2026\/03\/Screenshot-2026-03-21-at-12-45-26--69x300.png 69w, https:\/\/tcreims.com\/wp-content\/uploads\/2026\/03\/Screenshot-2026-03-21-at-12-45-26--768x3340.png 768w, https:\/\/tcreims.com\/wp-content\/uploads\/2026\/03\/Screenshot-2026-03-21-at-12-45-26--600x2610.png 600w, https:\/\/tcreims.com\/wp-content\/uploads\/2026\/03\/Screenshot-2026-03-21-at-12-45-26--353x1536.png 353w, https:\/\/tcreims.com\/wp-content\/uploads\/2026\/03\/Screenshot-2026-03-21-at-12-45-26--471x2048.png 471w\" sizes=\"auto, (max-width: 700px) 100vw, 700px\" \/><\/figure>\n","protected":false},"excerpt":{"rendered":"<p>LE TENNIS SPORT SANT\u00c9 BIEN-\u00caTRE AU TENNIS CLUB DE REIMS La pratique r\u00e9guli\u00e8re d\u2019une activit\u00e9 physique m\u00eame d\u2019intensit\u00e9 mod\u00e9r\u00e9e est b\u00e9n\u00e9fique car elle : Vous souhaitez am\u00e9liorer votre sant\u00e9 et votre<\/p>\n","protected":false},"author":7,"featured_media":3840,"parent":0,"menu_order":0,"comment_status":"closed","ping_status":"closed","template":"","meta":{"jetpack_post_was_ever_published":false,"footnotes":""},"class_list":["post-615","page","type-page","status-publish","has-post-thumbnail","hentry"],"jetpack_sharing_enabled":true,"jetpack_likes_enabled":true,"_links":{"self":[{"href":"https:\/\/tcreims.com\/index.php?rest_route=\/wp\/v2\/pages\/615","targetHints":{"allow":["GET"]}}],"collection":[{"href":"https:\/\/tcreims.com\/index.php?rest_route=\/wp\/v2\/pages"}],"about":[{"href":"https:\/\/tcreims.com\/index.php?rest_route=\/wp\/v2\/types\/page"}],"author":[{"embeddable":true,"href":"https:\/\/tcreims.com\/index.php?rest_route=\/wp\/v2\/users\/7"}],"replies":[{"embeddable":true,"href":"https:\/\/tcreims.com\/index.php?rest_route=%2Fwp%2Fv2%2Fcomments&post=615"}],"version-history":[{"count":10,"href":"https:\/\/tcreims.com\/index.php?rest_route=\/wp\/v2\/pages\/615\/revisions"}],"predecessor-version":[{"id":8094,"href":"https:\/\/tcreims.com\/index.php?rest_route=\/wp\/v2\/pages\/615\/revisions\/8094"}],"wp:featuredmedia":[{"embeddable":true,"href":"https:\/\/tcreims.com\/index.php?rest_route=\/wp\/v2\/media\/3840"}],"wp:attachment":[{"href":"https:\/\/tcreims.com\/index.php?rest_route=%2Fwp%2Fv2%2Fmedia&parent=615"}],"curies":[{"name":"wp","href":"https:\/\/api.w.org\/{rel}","templated":true}]}}