{"id":4503,"date":"2021-10-29T12:10:04","date_gmt":"2021-10-29T10:10:04","guid":{"rendered":"https:\/\/tcreims.com\/?page_id=4503"},"modified":"2022-10-15T13:47:13","modified_gmt":"2022-10-15T11:47:13","slug":"tenup-2","status":"publish","type":"page","link":"https:\/\/tcreims.com\/?page_id=4503","title":{"rendered":"Tenup"},"content":{"rendered":"<div class=\"wp-block-image\">\n<figure class=\"alignleft size-full is-resized\"><img loading=\"lazy\" decoding=\"async\" src=\"https:\/\/tcreims.com\/wp-content\/uploads\/2021\/10\/tcr.jpg\" alt=\"\" class=\"wp-image-4516\" width=\"222\" height=\"169\" srcset=\"https:\/\/tcreims.com\/wp-content\/uploads\/2021\/10\/tcr.jpg 400w, https:\/\/tcreims.com\/wp-content\/uploads\/2021\/10\/tcr-300x228.jpg 300w\" sizes=\"auto, (max-width: 222px) 100vw, 222px\" \/><\/figure><\/div>\n\n\n<p>Le plus facile pour les adh\u00e9rents r\u00e9servant un court au TCR est d&rsquo;utiliser l&rsquo;application FFT <strong>TENUP <\/strong>qui fonctionne bien sur un t\u00e9l\u00e9phone portable. Il est aussi possible de passer par un ordinateur mais l\u2019inconv\u00e9nient est qu&rsquo;il faut alors rentrer ses identifiants pour r\u00e9server.<br>Si vous avez de petits probl\u00e8mes avec l&rsquo;application, contactez le secr\u00e9tariat et Marie-Christine Marin. Il est pr\u00e9vu pour bient\u00f4t au club qu&rsquo;un <strong>\u00ab\u00a0mode borne\u00a0\u00bb<\/strong> <strong>de TENUP<\/strong> soit install\u00e9 sur un grand \u00e9cran accessible \u00e0 tous, l\u00e0 o\u00f9 se trouve encore actuellement l&rsquo;ancien petit \u00e9cran devenu un passe-diapos.<\/p>\n\n\n\n<figure class=\"wp-block-image size-large\"><img loading=\"lazy\" decoding=\"async\" width=\"700\" height=\"249\" src=\"https:\/\/tcreims.com\/wp-content\/uploads\/2021\/10\/2021-10-26-tennisclub_095130-700x249.jpg\" alt=\"\" class=\"wp-image-4504\" srcset=\"https:\/\/tcreims.com\/wp-content\/uploads\/2021\/10\/2021-10-26-tennisclub_095130-700x249.jpg 700w, https:\/\/tcreims.com\/wp-content\/uploads\/2021\/10\/2021-10-26-tennisclub_095130-300x107.jpg 300w, https:\/\/tcreims.com\/wp-content\/uploads\/2021\/10\/2021-10-26-tennisclub_095130-768x273.jpg 768w, https:\/\/tcreims.com\/wp-content\/uploads\/2021\/10\/2021-10-26-tennisclub_095130-600x213.jpg 600w, https:\/\/tcreims.com\/wp-content\/uploads\/2021\/10\/2021-10-26-tennisclub_095130.jpg 816w\" sizes=\"auto, (max-width: 700px) 100vw, 700px\" \/><\/figure>\n\n\n\n<figure class=\"wp-block-image size-large\"><img loading=\"lazy\" decoding=\"async\" width=\"700\" height=\"350\" src=\"https:\/\/tcreims.com\/wp-content\/uploads\/2021\/10\/ff19-029_com_tenup_visuels_decli_1920x1080px4_0-700x350.jpg\" alt=\"\" class=\"wp-image-4505\" srcset=\"https:\/\/tcreims.com\/wp-content\/uploads\/2021\/10\/ff19-029_com_tenup_visuels_decli_1920x1080px4_0-700x350.jpg 700w, https:\/\/tcreims.com\/wp-content\/uploads\/2021\/10\/ff19-029_com_tenup_visuels_decli_1920x1080px4_0-300x150.jpg 300w, https:\/\/tcreims.com\/wp-content\/uploads\/2021\/10\/ff19-029_com_tenup_visuels_decli_1920x1080px4_0-768x384.jpg 768w, https:\/\/tcreims.com\/wp-content\/uploads\/2021\/10\/ff19-029_com_tenup_visuels_decli_1920x1080px4_0-600x300.jpg 600w, https:\/\/tcreims.com\/wp-content\/uploads\/2021\/10\/ff19-029_com_tenup_visuels_decli_1920x1080px4_0.jpg 960w\" sizes=\"auto, (max-width: 700px) 100vw, 700px\" \/><\/figure>\n\n\n\n<p><a href=\"https:\/\/tenup.fft.fr\/\">https:\/\/tenup.fft.fr\/<\/a><\/p>\n","protected":false},"excerpt":{"rendered":"<p>Le plus facile pour les adh\u00e9rents r\u00e9servant un court au TCR est d&rsquo;utiliser l&rsquo;application FFT TENUP qui fonctionne bien sur un t\u00e9l\u00e9phone portable. Il est aussi possible de passer par un<\/p>\n","protected":false},"author":3,"featured_media":0,"parent":0,"menu_order":0,"comment_status":"closed","ping_status":"closed","template":"","meta":{"jetpack_post_was_ever_published":false,"footnotes":""},"class_list":["post-4503","page","type-page","status-publish","hentry"],"jetpack_sharing_enabled":true,"jetpack_likes_enabled":true,"_links":{"self":[{"href":"https:\/\/tcreims.com\/index.php?rest_route=\/wp\/v2\/pages\/4503","targetHints":{"allow":["GET"]}}],"collection":[{"href":"https:\/\/tcreims.com\/index.php?rest_route=\/wp\/v2\/pages"}],"about":[{"href":"https:\/\/tcreims.com\/index.php?rest_route=\/wp\/v2\/types\/page"}],"author":[{"embeddable":true,"href":"https:\/\/tcreims.com\/index.php?rest_route=\/wp\/v2\/users\/3"}],"replies":[{"embeddable":true,"href":"https:\/\/tcreims.com\/index.php?rest_route=%2Fwp%2Fv2%2Fcomments&post=4503"}],"version-history":[{"count":0,"href":"https:\/\/tcreims.com\/index.php?rest_route=\/wp\/v2\/pages\/4503\/revisions"}],"wp:attachment":[{"href":"https:\/\/tcreims.com\/index.php?rest_route=%2Fwp%2Fv2%2Fmedia&parent=4503"}],"curies":[{"name":"wp","href":"https:\/\/api.w.org\/{rel}","templated":true}]}}