{"id":443,"date":"2017-05-18T16:07:08","date_gmt":"2017-05-18T14:07:08","guid":{"rendered":"http:\/\/tcreims.com\/?page_id=443"},"modified":"2025-11-26T18:37:17","modified_gmt":"2025-11-26T17:37:17","slug":"photographies","status":"publish","type":"page","link":"https:\/\/tcreims.com\/?page_id=443","title":{"rendered":"Galerie d&rsquo;images du TCR 1920-2020"},"content":{"rendered":"<div id='gallery-1' class='gallery galleryid-443 gallery-columns-4 gallery-size-thumbnail'><figure class='gallery-item'>\n\t\t\t<div class='gallery-icon landscape'>\n\t\t\t\t<a href='https:\/\/tcreims.com\/wp-content\/uploads\/2017\/05\/4Copie-de-Scan10052.jpg'><img loading=\"lazy\" decoding=\"async\" width=\"150\" height=\"150\" src=\"https:\/\/tcreims.com\/wp-content\/uploads\/2017\/05\/4Copie-de-Scan10052-150x150.jpg\" class=\"attachment-thumbnail size-thumbnail\" alt=\"\" aria-describedby=\"gallery-1-447\" \/><\/a>\n\t\t\t<\/div>\n\t\t\t\t<figcaption class='wp-caption-text gallery-caption' id='gallery-1-447'>\n\t\t\t\t1\n\t\t\t\t<\/figcaption><\/figure><figure class='gallery-item'>\n\t\t\t<div class='gallery-icon landscape'>\n\t\t\t\t<a href='https:\/\/tcreims.com\/wp-content\/uploads\/2017\/05\/2-a-de-franck-poitevin.jpg'><img loading=\"lazy\" decoding=\"async\" width=\"150\" height=\"150\" src=\"https:\/\/tcreims.com\/wp-content\/uploads\/2017\/05\/2-a-de-franck-poitevin-150x150.jpg\" class=\"attachment-thumbnail size-thumbnail\" alt=\"\" aria-describedby=\"gallery-1-445\" \/><\/a>\n\t\t\t<\/div>\n\t\t\t\t<figcaption class='wp-caption-text gallery-caption' id='gallery-1-445'>\n\t\t\t\t2\n\t\t\t\t<\/figcaption><\/figure><figure class='gallery-item'>\n\t\t\t<div class='gallery-icon landscape'>\n\t\t\t\t<a href='https:\/\/tcreims.com\/wp-content\/uploads\/2017\/05\/1.png'><img loading=\"lazy\" decoding=\"async\" width=\"150\" height=\"150\" src=\"https:\/\/tcreims.com\/wp-content\/uploads\/2017\/05\/1-150x150.png\" class=\"attachment-thumbnail size-thumbnail\" alt=\"\" aria-describedby=\"gallery-1-444\" \/><\/a>\n\t\t\t<\/div>\n\t\t\t\t<figcaption class='wp-caption-text gallery-caption' id='gallery-1-444'>\n\t\t\t\t3\n\t\t\t\t<\/figcaption><\/figure><figure class='gallery-item'>\n\t\t\t<div class='gallery-icon portrait'>\n\t\t\t\t<a href='https:\/\/tcreims.com\/wp-content\/uploads\/2017\/05\/3tennis-club-photo-michel-jolyot.jpg'><img loading=\"lazy\" decoding=\"async\" width=\"150\" height=\"150\" src=\"https:\/\/tcreims.com\/wp-content\/uploads\/2017\/05\/3tennis-club-photo-michel-jolyot-150x150.jpg\" class=\"attachment-thumbnail size-thumbnail\" alt=\"\" aria-describedby=\"gallery-1-446\" \/><\/a>\n\t\t\t<\/div>\n\t\t\t\t<figcaption class='wp-caption-text gallery-caption' id='gallery-1-446'>\n\t\t\t\t4\n\t\t\t\t<\/figcaption><\/figure><figure class='gallery-item'>\n\t\t\t<div class='gallery-icon landscape'>\n\t\t\t\t<a href='https:\/\/tcreims.com\/wp-content\/uploads\/2017\/05\/550b13e_e46d2c21e7b743c2bfa60420f0403922-mv2.png'><img loading=\"lazy\" decoding=\"async\" width=\"150\" height=\"150\" src=\"https:\/\/tcreims.com\/wp-content\/uploads\/2017\/05\/550b13e_e46d2c21e7b743c2bfa60420f0403922-mv2-150x150.png\" class=\"attachment-thumbnail size-thumbnail\" alt=\"\" aria-describedby=\"gallery-1-448\" \/><\/a>\n\t\t\t<\/div>\n\t\t\t\t<figcaption class='wp-caption-text gallery-caption' id='gallery-1-448'>\n\t\t\t\t5\n\t\t\t\t<\/figcaption><\/figure><figure class='gallery-item'>\n\t\t\t<div class='gallery-icon landscape'>\n\t\t\t\t<a href='https:\/\/tcreims.com\/wp-content\/uploads\/2017\/05\/plan-tcr.jpg'><img loading=\"lazy\" decoding=\"async\" width=\"150\" height=\"150\" src=\"https:\/\/tcreims.com\/wp-content\/uploads\/2017\/05\/plan-tcr-150x150.jpg\" class=\"attachment-thumbnail size-thumbnail\" alt=\"\" aria-describedby=\"gallery-1-470\" \/><\/a>\n\t\t\t<\/div>\n\t\t\t\t<figcaption class='wp-caption-text gallery-caption' id='gallery-1-470'>\n\t\t\t\t6\n\t\t\t\t<\/figcaption><\/figure><figure class='gallery-item'>\n\t\t\t<div class='gallery-icon portrait'>\n\t\t\t\t<a href='https:\/\/tcreims.com\/wp-content\/uploads\/2017\/05\/Revue-Le-beton-arm\u00e9-HENNEBIQUE_Page_6.png'><img loading=\"lazy\" decoding=\"async\" width=\"150\" height=\"150\" src=\"https:\/\/tcreims.com\/wp-content\/uploads\/2017\/05\/Revue-Le-beton-arm\u00e9-HENNEBIQUE_Page_6-150x150.png\" class=\"attachment-thumbnail size-thumbnail\" alt=\"\" aria-describedby=\"gallery-1-462\" \/><\/a>\n\t\t\t<\/div>\n\t\t\t\t<figcaption class='wp-caption-text gallery-caption' id='gallery-1-462'>\n\t\t\t\t7\n\t\t\t\t<\/figcaption><\/figure><figure class='gallery-item'>\n\t\t\t<div class='gallery-icon landscape'>\n\t\t\t\t<a href='https:\/\/tcreims.com\/wp-content\/uploads\/2017\/05\/TennisClub_courtinterieur_juillet1923.jpg'><img loading=\"lazy\" decoding=\"async\" width=\"150\" height=\"150\" src=\"https:\/\/tcreims.com\/wp-content\/uploads\/2017\/05\/TennisClub_courtinterieur_juillet1923-150x150.jpg\" class=\"attachment-thumbnail size-thumbnail\" alt=\"\" aria-describedby=\"gallery-1-463\" \/><\/a>\n\t\t\t<\/div>\n\t\t\t\t<figcaption class='wp-caption-text gallery-caption' id='gallery-1-463'>\n\t\t\t\t8\n\t\t\t\t<\/figcaption><\/figure>\n\t\t<\/div>\n\n<p class=\"small\"><strong>1 <\/strong>et<strong> 2<\/strong> photos\u00a0 a\u00e9riennes de Franck Poidevin \/ <strong>3<\/strong> pergola de la piscine et all\u00e9e Lagrive photo J\u00e9r\u00f4me Mikal \/ <strong>4<\/strong>\u00a0 perspective par Michel Jolyot \/ <strong>5<\/strong> les courts 5, 6 et 7 par J\u00e9r\u00f4me Mikal \/ <strong>6<\/strong> image Google : <em>1-entr\u00e9e rue Lagrive et piscine ; 2-club house et restaurant ; 3-vestiaires ; 4-hall A. Schneiter (courts 8 et 9) ; 5-courts couverts 5, 6, 7 construits en 1980 et 2006 ; 6-les 4 courts en plein air<\/em> \/ <strong>7 <\/strong>ancien grand plongeoir par Rapin en b\u00e9ton arm\u00e9 Hennebique\u00a0 \/ <strong>8<\/strong> anciens courts couverts de 1920 (parquet et charpente) par E. Redont<\/p>\n<div id='gallery-2' class='gallery galleryid-443 gallery-columns-4 gallery-size-thumbnail'><figure class='gallery-item'>\n\t\t\t<div class='gallery-icon landscape'>\n\t\t\t\t<a href='https:\/\/tcreims.com\/wp-content\/uploads\/2017\/05\/journ\u00e9e-DTN-001.jpg'><img loading=\"lazy\" decoding=\"async\" width=\"150\" height=\"150\" src=\"https:\/\/tcreims.com\/wp-content\/uploads\/2017\/05\/journ\u00e9e-DTN-001-150x150.jpg\" class=\"attachment-thumbnail size-thumbnail\" alt=\"\" aria-describedby=\"gallery-2-483\" \/><\/a>\n\t\t\t<\/div>\n\t\t\t\t<figcaption class='wp-caption-text gallery-caption' id='gallery-2-483'>\n\t\t\t\t9\n\t\t\t\t<\/figcaption><\/figure><figure class='gallery-item'>\n\t\t\t<div class='gallery-icon portrait'>\n\t\t\t\t<a href='https:\/\/tcreims.com\/wp-content\/uploads\/2017\/05\/appart-mars-2005-001.jpg'><img loading=\"lazy\" decoding=\"async\" width=\"150\" height=\"150\" src=\"https:\/\/tcreims.com\/wp-content\/uploads\/2017\/05\/appart-mars-2005-001-150x150.jpg\" class=\"attachment-thumbnail size-thumbnail\" alt=\"\" aria-describedby=\"gallery-2-482\" \/><\/a>\n\t\t\t<\/div>\n\t\t\t\t<figcaption class='wp-caption-text gallery-caption' id='gallery-2-482'>\n\t\t\t\t10\n\t\t\t\t<\/figcaption><\/figure><figure class='gallery-item'>\n\t\t\t<div class='gallery-icon landscape'>\n\t\t\t\t<a href='https:\/\/tcreims.com\/wp-content\/uploads\/2017\/05\/piscine11.jpg'><img loading=\"lazy\" decoding=\"async\" width=\"150\" height=\"150\" src=\"https:\/\/tcreims.com\/wp-content\/uploads\/2017\/05\/piscine11-150x150.jpg\" class=\"attachment-thumbnail size-thumbnail\" alt=\"\" aria-describedby=\"gallery-2-487\" \/><\/a>\n\t\t\t<\/div>\n\t\t\t\t<figcaption class='wp-caption-text gallery-caption' id='gallery-2-487'>\n\t\t\t\t11\n\t\t\t\t<\/figcaption><\/figure><figure class='gallery-item'>\n\t\t\t<div class='gallery-icon landscape'>\n\t\t\t\t<a href='https:\/\/tcreims.com\/wp-content\/uploads\/2017\/05\/50b13e_459351d7670c456e840bc66469e9b320.png'><img loading=\"lazy\" decoding=\"async\" width=\"150\" height=\"150\" src=\"https:\/\/tcreims.com\/wp-content\/uploads\/2017\/05\/50b13e_459351d7670c456e840bc66469e9b320-150x150.png\" class=\"attachment-thumbnail size-thumbnail\" alt=\"Tennis Club de Reims\" aria-describedby=\"gallery-2-258\" \/><\/a>\n\t\t\t<\/div>\n\t\t\t\t<figcaption class='wp-caption-text gallery-caption' id='gallery-2-258'>\n\t\t\t\t12\n\t\t\t\t<\/figcaption><\/figure>\n\t\t<\/div>\n\n<p class=\"small\"><strong>9<\/strong> le hall A. Schneiter par J. Herb\u00e9 (courts 8 et 9) \/ <strong>10<\/strong> le restaurant l&rsquo;\u00e9t\u00e9 : piscine et h\u00eatre pourpre de Redont \/ <strong>11<\/strong> perspective de la piscine vers un h\u00eatre pourpre, le club-house et le mur v\u00e9g\u00e9tal du hall A. Schneiter, photo JJV \/ <strong>12<\/strong> vue panoramique, photo J. Mikal<\/p>\n<div id='gallery-3' class='gallery galleryid-443 gallery-columns-4 gallery-size-thumbnail'><figure class='gallery-item'>\n\t\t\t<div class='gallery-icon landscape'>\n\t\t\t\t<a href='https:\/\/tcreims.com\/wp-content\/uploads\/2017\/05\/hall-schneiter.jpg'><img loading=\"lazy\" decoding=\"async\" width=\"150\" height=\"150\" src=\"https:\/\/tcreims.com\/wp-content\/uploads\/2017\/05\/hall-schneiter-150x150.jpg\" class=\"attachment-thumbnail size-thumbnail\" alt=\"\" aria-describedby=\"gallery-3-521\" \/><\/a>\n\t\t\t<\/div>\n\t\t\t\t<figcaption class='wp-caption-text gallery-caption' id='gallery-3-521'>\n\t\t\t\t13\n\t\t\t\t<\/figcaption><\/figure><figure class='gallery-item'>\n\t\t\t<div class='gallery-icon portrait'>\n\t\t\t\t<a href='https:\/\/tcreims.com\/wp-content\/uploads\/2017\/05\/P1170067b.jpg'><img loading=\"lazy\" decoding=\"async\" width=\"150\" height=\"150\" src=\"https:\/\/tcreims.com\/wp-content\/uploads\/2017\/05\/P1170067b-150x150.jpg\" class=\"attachment-thumbnail size-thumbnail\" alt=\"\" aria-describedby=\"gallery-3-524\" \/><\/a>\n\t\t\t<\/div>\n\t\t\t\t<figcaption class='wp-caption-text gallery-caption' id='gallery-3-524'>\n\t\t\t\t14\n\t\t\t\t<\/figcaption><\/figure><figure class='gallery-item'>\n\t\t\t<div class='gallery-icon landscape'>\n\t\t\t\t<a href='https:\/\/tcreims.com\/wp-content\/uploads\/2017\/05\/vers-salon.jpg'><img loading=\"lazy\" decoding=\"async\" width=\"150\" height=\"150\" src=\"https:\/\/tcreims.com\/wp-content\/uploads\/2017\/05\/vers-salon-150x150.jpg\" class=\"attachment-thumbnail size-thumbnail\" alt=\"\" aria-describedby=\"gallery-3-522\" \/><\/a>\n\t\t\t<\/div>\n\t\t\t\t<figcaption class='wp-caption-text gallery-caption' id='gallery-3-522'>\n\t\t\t\t15\n\t\t\t\t<\/figcaption><\/figure><figure class='gallery-item'>\n\t\t\t<div class='gallery-icon landscape'>\n\t\t\t\t<a href='https:\/\/tcreims.com\/wp-content\/uploads\/2017\/05\/B514546101_Demaison_Histoire_040_BMR40_163.jpg'><img loading=\"lazy\" decoding=\"async\" width=\"150\" height=\"150\" src=\"https:\/\/tcreims.com\/wp-content\/uploads\/2017\/05\/B514546101_Demaison_Histoire_040_BMR40_163-150x150.jpg\" class=\"attachment-thumbnail size-thumbnail\" alt=\"\" aria-describedby=\"gallery-3-523\" \/><\/a>\n\t\t\t<\/div>\n\t\t\t\t<figcaption class='wp-caption-text gallery-caption' id='gallery-3-523'>\n\t\t\t\t16\n\t\t\t\t<\/figcaption><\/figure>\n\t\t<\/div>\n\n<p class=\"small\"><strong>13 <\/strong>galerie d&rsquo;accueil : exposition et grande inscription \/ <strong>14<\/strong> l&rsquo;inscription de fondation du TCR dat\u00e9e 1921-23 \/ <strong>15<\/strong> panneau d&rsquo;info de l\u2019\u00c9cole de tennis vers le club-house, inscription aux victimes de la guerre 39-45,\u00a0 entr\u00e9e du secr\u00e9tariat \/ <strong>16<\/strong> petite salle du club-house-restaurant en 1924 et r\u00e9sultat d&rsquo;un challenge mixte de l&rsquo;\u00e9poque : la Champagne bat la Lorraine 4 \u00e0 1 (BMR Carnegie, fonds Demaison, <em>\u00c9ve revue f\u00e9minine illustr\u00e9e du dimanche<\/em> [!]\u00a0 9\/11\/1924)<\/p>\n<div id='gallery-4' class='gallery galleryid-443 gallery-columns-4 gallery-size-thumbnail'><figure class='gallery-item'>\n\t\t\t<div class='gallery-icon portrait'>\n\t\t\t\t<a href='https:\/\/tcreims.com\/wp-content\/uploads\/2017\/05\/equipe-magazine.jpg'><img loading=\"lazy\" decoding=\"async\" width=\"150\" height=\"150\" src=\"https:\/\/tcreims.com\/wp-content\/uploads\/2017\/05\/equipe-magazine-150x150.jpg\" class=\"attachment-thumbnail size-thumbnail\" alt=\"\" aria-describedby=\"gallery-4-1035\" \/><\/a>\n\t\t\t<\/div>\n\t\t\t\t<figcaption class='wp-caption-text gallery-caption' id='gallery-4-1035'>\n\t\t\t\t17\n\t\t\t\t<\/figcaption><\/figure><figure class='gallery-item'>\n\t\t\t<div class='gallery-icon landscape'>\n\t\t\t\t<a href='https:\/\/tcreims.com\/wp-content\/uploads\/2017\/05\/P1000211a.jpg'><img loading=\"lazy\" decoding=\"async\" width=\"150\" height=\"150\" src=\"https:\/\/tcreims.com\/wp-content\/uploads\/2017\/05\/P1000211a-150x150.jpg\" class=\"attachment-thumbnail size-thumbnail\" alt=\"\" aria-describedby=\"gallery-4-1037\" \/><\/a>\n\t\t\t<\/div>\n\t\t\t\t<figcaption class='wp-caption-text gallery-caption' id='gallery-4-1037'>\n\t\t\t\t18\n\t\t\t\t<\/figcaption><\/figure><figure class='gallery-item'>\n\t\t\t<div class='gallery-icon landscape'>\n\t\t\t\t<a href='https:\/\/tcreims.com\/wp-content\/uploads\/2017\/05\/jean-laplancheJPG.jpg'><img loading=\"lazy\" decoding=\"async\" width=\"150\" height=\"150\" src=\"https:\/\/tcreims.com\/wp-content\/uploads\/2017\/05\/jean-laplancheJPG-150x150.jpg\" class=\"attachment-thumbnail size-thumbnail\" alt=\"\" aria-describedby=\"gallery-4-1036\" \/><\/a>\n\t\t\t<\/div>\n\t\t\t\t<figcaption class='wp-caption-text gallery-caption' id='gallery-4-1036'>\n\t\t\t\t19\n\t\t\t\t<\/figcaption><\/figure><figure class='gallery-item'>\n\t\t\t<div class='gallery-icon landscape'>\n\t\t\t\t<a href='https:\/\/tcreims.com\/wp-content\/uploads\/2017\/05\/DSC_7993.jpg'><img loading=\"lazy\" decoding=\"async\" width=\"150\" height=\"150\" src=\"https:\/\/tcreims.com\/wp-content\/uploads\/2017\/05\/DSC_7993-150x150.jpg\" class=\"attachment-thumbnail size-thumbnail\" alt=\"\" aria-describedby=\"gallery-4-1054\" \/><\/a>\n\t\t\t<\/div>\n\t\t\t\t<figcaption class='wp-caption-text gallery-caption' id='gallery-4-1054'>\n\t\t\t\t20\n\t\t\t\t<\/figcaption><\/figure>\n\t\t<\/div>\n\n<p class=\"small\"><strong>17\u00a0 <\/strong>article pour les JEP 2017, avec la photo de M. Jolyot, dans <em>L<\/em>\u2019<em>\u00c9quipe magazine<\/em> du 16\/9\/2017 (Rapin oubli\u00e9 et petit m\u00e9lange au sujet des architectes des ann\u00e9es 20 et 50&#8230;)\u00a0 \/ <strong>18<\/strong>\u00a0 \u00e0 l&rsquo;automne, le mur d\u2019amp\u00e9lopsis du hall de tennis Andr\u00e9 Schneiter, 2016, JJV\u00a0 \/ <strong>19 \u00a0<\/strong> le TCR dessin\u00e9 par Jean Laplanche (vers 1990, \u00e0 pr\u00e9ciser&#8230;)\u00a0\u00a0 \/ <strong>20\u00a0 <\/strong>construction du plongeoir (1923, avec l&rsquo;\u00e9quipe du chantier ? 12 personnes dont 2 responsables&#8230;), photo d&rsquo;origine inconnue :une copie dans les archives de la SAVR Mus\u00e9e-H\u00f4tel Le Vergeur, [document de Ren\u00e9 Druart ?]<strong><br \/>\n<\/strong><\/p>\n<p class=\"small\">.<\/p>\n<p class=\"small\"><a href=\"https:\/\/tcreims.com\/\">Retour \u00e0 l&rsquo;accueil<\/a><\/p>\n","protected":false},"excerpt":{"rendered":"<p>1 et 2 photos\u00a0 a\u00e9riennes de Franck Poidevin \/ 3 pergola de la piscine et all\u00e9e Lagrive photo J\u00e9r\u00f4me Mikal \/ 4\u00a0 perspective par Michel Jolyot \/ 5 les courts 5,<\/p>\n","protected":false},"author":7,"featured_media":0,"parent":0,"menu_order":0,"comment_status":"closed","ping_status":"closed","template":"","meta":{"footnotes":""},"class_list":["post-443","page","type-page","status-publish","hentry"],"jetpack_sharing_enabled":true,"jetpack_likes_enabled":true,"_links":{"self":[{"href":"https:\/\/tcreims.com\/index.php?rest_route=\/wp\/v2\/pages\/443","targetHints":{"allow":["GET"]}}],"collection":[{"href":"https:\/\/tcreims.com\/index.php?rest_route=\/wp\/v2\/pages"}],"about":[{"href":"https:\/\/tcreims.com\/index.php?rest_route=\/wp\/v2\/types\/page"}],"author":[{"embeddable":true,"href":"https:\/\/tcreims.com\/index.php?rest_route=\/wp\/v2\/users\/7"}],"replies":[{"embeddable":true,"href":"https:\/\/tcreims.com\/index.php?rest_route=%2Fwp%2Fv2%2Fcomments&post=443"}],"version-history":[{"count":1,"href":"https:\/\/tcreims.com\/index.php?rest_route=\/wp\/v2\/pages\/443\/revisions"}],"predecessor-version":[{"id":7939,"href":"https:\/\/tcreims.com\/index.php?rest_route=\/wp\/v2\/pages\/443\/revisions\/7939"}],"wp:attachment":[{"href":"https:\/\/tcreims.com\/index.php?rest_route=%2Fwp%2Fv2%2Fmedia&parent=443"}],"curies":[{"name":"wp","href":"https:\/\/api.w.org\/{rel}","templated":true}]}}