{"id":360,"date":"2017-05-16T11:33:09","date_gmt":"2017-05-16T09:33:09","guid":{"rendered":"http:\/\/tcreims.com\/?page_id=360"},"modified":"2024-12-16T15:39:27","modified_gmt":"2024-12-16T14:39:27","slug":"agenda","status":"publish","type":"page","link":"https:\/\/tcreims.com\/?page_id=360","title":{"rendered":"Agenda"},"content":{"rendered":"\n<p class=\"has-light-gray-color has-tertiary-background-color has-text-color has-background has-x-large-font-size\"><strong>202<\/strong>4<\/p>\n\n\n\n<figure class=\"wp-block-image size-large\"><img loading=\"lazy\" decoding=\"async\" width=\"700\" height=\"700\" src=\"https:\/\/tcreims.com\/wp-content\/uploads\/2024\/12\/Post-Instagram-Save-The-Date-Evenement-Agenda-700x700.jpg\" alt=\"\" class=\"wp-image-7568\" srcset=\"https:\/\/tcreims.com\/wp-content\/uploads\/2024\/12\/Post-Instagram-Save-The-Date-Evenement-Agenda-700x700.jpg 700w, https:\/\/tcreims.com\/wp-content\/uploads\/2024\/12\/Post-Instagram-Save-The-Date-Evenement-Agenda-300x300.jpg 300w, https:\/\/tcreims.com\/wp-content\/uploads\/2024\/12\/Post-Instagram-Save-The-Date-Evenement-Agenda-150x150.jpg 150w, https:\/\/tcreims.com\/wp-content\/uploads\/2024\/12\/Post-Instagram-Save-The-Date-Evenement-Agenda-768x768.jpg 768w, https:\/\/tcreims.com\/wp-content\/uploads\/2024\/12\/Post-Instagram-Save-The-Date-Evenement-Agenda-600x600.jpg 600w, https:\/\/tcreims.com\/wp-content\/uploads\/2024\/12\/Post-Instagram-Save-The-Date-Evenement-Agenda.jpg 1080w\" sizes=\"auto, (max-width: 700px) 100vw, 700px\" \/><\/figure>\n\n\n\n<p class=\"has-light-gray-color has-tertiary-background-color has-text-color has-background has-x-large-font-size\"><strong>2023<\/strong><\/p>\n\n\n\n<p><strong>Samedi 23 Mai <\/strong>: Journ\u00e9e des Enfants \u00e0 Roland Garros<\/p>\n\n\n\n<p class=\"has-light-gray-color has-tertiary-background-color has-text-color has-background has-huge-font-size\"><strong>2022<\/strong><\/p>\n\n\n\n<p><strong>Vendredi 18 Novembre :<\/strong>  <a href=\"https:\/\/tcreims.com\/?p=5259\" data-type=\"post\" data-id=\"5259\">Soir\u00e9e Raclette<\/a><\/p>\n\n\n\n<p><strong>Vacances de la Toussaint :<\/strong> <a href=\"https:\/\/tcreims.com\/?p=5221\" data-type=\"post\" data-id=\"5221\">STAGES ANGLAIS-TENNIS<\/a><\/p>\n\n\n\n<p><strong>Vendredi 14 Octobre :<\/strong>  <a href=\"https:\/\/tcreims.com\/?p=5212\" data-type=\"post\" data-id=\"5212\">Soir\u00e9e de rentr\u00e9e au TCR<\/a><\/p>\n\n\n\n<p><strong>les 08, 09, 15 et 16 Octobre<\/strong> : <a href=\"https:\/\/tcreims.com\/?p=5216\" data-type=\"post\" data-id=\"5216\">TOURNOI INTERNE FORMAT TMC<\/a><\/p>\n\n\n\n<p><strong>Dimanche 12 Juin 2022<\/strong> : Apr\u00e8s-midi Portes ouvertes : inscriptions et concert surprise <\/p>\n\n\n\n<p><strong>Samedi 11 Juin 2022<\/strong> : F\u00eate du Club de 14 H 30 \u00e0 18 h 30 animations diverses suivies d&rsquo;une Soir\u00e9e Foodtruck <\/p>\n\n\n\n<p><strong>Samedi 21 Mai 2022 :<\/strong> Journ\u00e9e r\u00e9inscription \u00c9cole de Tennis<\/p>\n\n\n\n<p><strong>Samedi 21 Mai 2022<\/strong> : Journ\u00e9e des enfants \u00e0 Roland Garros <\/p>\n\n\n\n<p><strong>Vendredi 20 Mai 2022<\/strong> : Soir\u00e9e des \u00c9quipes <\/p>\n\n\n\n<p><strong>Samedi 23 Avril 2022 :<\/strong> 14 h Challenge Sport Sant\u00e9<\/p>\n\n\n\n<p><strong>Semaine du 18 au 22 Avril <\/strong>: Stages Vacances de Printemps<\/p>\n\n\n\n<p><strong>Semaine du 11 au 15 Avril <\/strong>: Stages Vacances de Printemps<\/p>\n\n\n\n<p><strong>Semaine du 04 au 09 Avril :<\/strong> Animations Jeux et Matchs (attention horaires des cours modifi\u00e9s)<\/p>\n\n\n\n<p><strong>Vendredi 25 Mars 2022 <\/strong>: Assembl\u00e9e G\u00e9n\u00e9rale \u00e0 partir de 19 H<\/p>\n\n\n\n<p><strong>Conf\u00e9rences <\/strong>:<\/p>\n\n\n\n<p><strong> Jeudi 17 mars, 19h30<\/strong> :<em> Le r\u00f4le des pr\u00e9f\u00e9rences motrices pour le tennis<\/em>, par St\u00e9phane Limouzin, DES , pr\u00e9parateur physique, pr\u00e9parateur mental.<\/p>\n\n\n\n<p><strong>Jeudi 10 mars, 19h30 : <\/strong><em>L&rsquo;investissement locatif \u00e0 Reims<\/em>, J\u00e9r\u00e9my Solivellas,&nbsp;Orpi en partenariat avec In&amp;Fi Credits<\/p>\n\n\n\n<p><strong>Jeudi 3 mars \u00e0 19h30&nbsp;: <\/strong><em>La vie secr\u00e8te des bulles de champagne<\/em>, G\u00e9rard Liger-Belair,&nbsp;Professeur \u00e0 l&rsquo;Universit\u00e9 de Reims Champagne-Ardenne, directeur de l&rsquo;\u00e9quipe EFFERVESCENCE&nbsp; <\/p>\n\n\n\n<p><strong>du 26 F\u00e9vrier au 20 Mars 2022 <\/strong>: <strong>Tournoi Open de Printemps&nbsp;:<\/strong> Simples Dames \u2013 Simples Messieurs de NC \u00e0 2nd s\u00e9rie<\/p>\n\n\n\n<p><strong>Assembl\u00e9e G\u00e9n\u00e9rale du 25 F\u00e9vrier&nbsp;:<\/strong> report\u00e9e \u00e0 une date ult\u00e9rieure en raison de la situation sanitaire.<\/p>\n\n\n\n<p><strong>Samedi 05 et Dimanche 06 F\u00e9vrier 2022<\/strong> : TMC R\u00e9gional 11\/14 ans Filles (15\/1 \u00e0 15\/4)<\/p>\n\n\n\n<p class=\"has-light-gray-color has-tertiary-background-color has-text-color has-background has-huge-font-size\"><strong>2020\/2021<\/strong><\/p>\n\n\n<p><strong><span style=\"color: #ff0000;\">Vendredi 06 Novembre 2020 : Assembl\u00e9e G\u00e9n\u00e9rale Extraordinaire&nbsp; &#8211; <\/span><\/strong><strong><span style=\"color: #ff0000;\">ANNUL\u00c9E<\/span><\/strong><\/p>\n<p><strong><span style=\"color: #ff0000;\">J<\/span><span style=\"color: #ff0000;\">eudi 15 Octobre 2020 : Pr\u00e9sentation des projets immobiliers par les Promoteurs retenus \u00e0 19 H ANNUL\u00c9E<br \/><\/span><\/strong><\/p>\n<p>Vendredi 02 Octobre 2020 :&nbsp; <strong>Assembl\u00e9e G\u00e9n\u00e9rale Ordinaire<\/strong> \u00e0 19 H<\/p>\n<p>Vendredi 18, samedi 19 et dimanche 20 Septembre : <strong>37\u00e8 Journ\u00e9es Europ\u00e9ennes du Patrimoine<\/strong> &#8211; Th\u00e8me Annuel : Patrimoine et \u00c9ducation &#8211; apprendre pour la vie<\/p>\n<p>Jeudi 06 F\u00e9vrier 2020 : <strong>R\u00e9union d&rsquo;informations sur un Projet immobilier<\/strong> au sein du TC Reims \u00e0 19 H<\/p>\n<p>Du 29 F\u00e9vrier au 22 Mars 2020 : <strong>Tournoi \u00ab\u00a0Open de Printemps\u00a0\u00bb<\/strong><\/p>\n<p>Mercredi 19 Juin : <strong>Barbecue avec les Parents <\/strong>\u00e0 19 H 30<\/p>\n<p>Mercredi 19 Juin : <strong>F\u00eate de l\u2019\u00c9cole de Tennis : <\/strong>toute la journ\u00e9e<\/p>\n<p>Mercredi 12, vendredi 14 et samedi 15 juin : <strong>derniers cours de l\u2019\u00c9cole de Tennis<\/strong><\/p>\n<p>Samedi 08 et Dimanche 09 Juin : <strong>F\u00eate du Tennis<\/strong><\/p>\n<p>Vendredi 07 Juin&nbsp; : <strong>Barbecue Fin de Saison Sportive <\/strong>\u00e0 19 H 30<\/p>\n<p>Lundi 03 Juin : <strong>Plateau Entra\u00eenement<\/strong> pour les jeunes des entra\u00eenements du lundi, mardi et jeudi<\/p>\n<p>Samedi 1er Juin : <strong>Rassemblement pour les enfants de la Galaxie Tennis <\/strong>de 13 H 30 \u00e0 16 H 00<\/p>\n<p>Le 27 avril 2019 : <strong>Challenge \u00ab\u00a0Sport Sant\u00e9-Bien-\u00eatre\u00a0\u00bb<\/strong> \u00e0 14 H 00<\/p>\n<p>Le 19 Janvier 2019 : <strong>Tournoi Galaxie Orange<\/strong>&nbsp; \u00e0 13 h 30<\/p>\n<p>Le 06 Janvier 2019 : <strong>Animation \u00ab\u00a0Dimanche Matin Tonique\u00a0\u00bb<\/strong> \u00e0 10 H 00<\/p>\n<p>Du 26 D\u00e9cembre au 04 Janvier 2019 : <strong>Tournoi Jeunes<\/strong><\/p>\n<p>Le 23 D\u00e9cembre 2018 : <strong>Tournoi Galaxie Vert<\/strong> &#8211; toute la journ\u00e9e<\/p>\n<p>Samedi 15\/12 et dimanche 16\/12\/2018&nbsp; : <strong>Tournoi d&rsquo;Hiver<\/strong><\/p>\n<p>Samedi 08\/12 et Dimanche 09\/12\/2018 : <strong>Tournoi d&rsquo;Hiver<\/strong><\/p>\n<p>Du Lundi 29 Octobre au Vendredi 02 Novembre 2018 :<strong> Stages<\/strong> des vacances de la Toussaint pour les Enfants<\/p>\n<p>Du Lundi 22 Octobre au Vendredi 26 Octobre 2018 : <strong>Stages<\/strong> des vacances de la Toussaint pour les Enfants<\/p>\n<p>Samedi 14 et Dimanche 15 Juillet : <strong>Double Mixte<\/strong> en tenues d\u2019\u00c9poque ouvert \u00e0 tous &#8211; <strong><a href=\"https:\/\/tcreims.com\/?p=1547\">Voir +<\/a><\/strong><\/p>\n<p>Du Lundi 09 Juillet au Vendredi 28 Juillet :<strong> Stages Multi-activit\u00e9s<\/strong> pour les enfants de 7 \u00e0 13 ans &#8211;<strong> <a href=\"https:\/\/tcreims.com\/?p=1526\">Voir +<\/a><\/strong><\/p>\n<p>Du 23 Juin au 15 Juillet : <strong>Tournoi S\u00e9niors &#8211; <a href=\"https:\/\/tcreims.com\/?p=1534\">Voir +<\/a><br \/><\/strong><\/p>\n<p>Mercredi 20 juin &#8211; apr\u00e8s-midi F\u00eate de l\u2019\u00c9cole de Tennis&nbsp; &#8211; <strong><a href=\"https:\/\/tcreims.com\/?p=1513\">Voir +<br \/><\/a><\/strong>Soir : barbecue enfants\/parents\/enseignants<\/p>\n<p>Samedi 9 juin de 14 h \u00e0 18 h et dimanche 10 de 10 h \u00e0 18 h : <strong>F\u00eate du Tennis FFT<\/strong><\/p>\n<p>Samedi 9 juin, <strong>animation F\u00eate du Tennis pour les enfants<\/strong> de l\u2019\u00c9cole &#8211; <strong><a href=\"https:\/\/tcreims.com\/?p=1506\">Voir +<\/a><\/strong><\/p>\n<p>Mercredi 23 mai 2018 <strong>ouverture des inscriptions \u00c9cole de Tennis<\/strong> 2018-2019<\/p>\n<p><strong>Stage Jeunes cours collectifs<\/strong> des vacances de f\u00e9vrier (26-2 au 02-3 ou 5-3 au 9-3)<\/p>\n<p><span style=\"color: #008000;\"><strong>Tournoi Open de Printemps cat\u00e9gorie Senior<\/strong><\/span> \u2013 simple messieurs \u2013 simple dames&nbsp; (NC \u00e0 0)<br \/>du 10 mars au 1er avril 2018 [<a href=\"https:\/\/tcreims.com\/?p=1283\">voir +<\/a>]<\/p>\n<h4>Assembl\u00e9e G\u00e9n\u00e9rale du TCR : fin mars 2018<\/h4>\n<p><span style=\"color: #000000;\"><strong>Du samedi 18 novembre au jeudi 14 d\u00e9cembre&nbsp; : Tournoi Interne homologu\u00e9<\/strong><\/span><br \/><span style=\"color: #000000;\"> \u00c9preuves : Simple Messieurs, Simple Dames, Consolante, fin de tableaux, interm\u00e9diaires par s\u00e9rie<\/span><br \/><span style=\"color: #000000;\"> <strong><em>Cl\u00f4ture des engagements le 14 novembre 2017<\/em><\/strong><\/span><br \/><strong><a href=\"https:\/\/tcreims.com\/?p=1039\">En savoir +<\/a><\/strong><\/p>\n<p>Samedi 23 d\u00e9cembre, mardi 26 et mercredi 27 d\u00e9cembre, <strong>TOURNOI GALAXIE<\/strong><br \/><strong><a href=\"https:\/\/tcreims.com\/?p=1146\">En savoir +<\/a><\/strong><\/p>\n<p>Du mercredi 27 d\u00e9cembre au jeudi 4 janvier 2018 : <strong>TOURNOI JEUNES<\/strong><br \/><strong><a href=\"https:\/\/tcreims.com\/?p=1146\">En savoir +<\/a><\/strong><\/p>\n<p><strong>Du jeudi 15 juin au dimanche 2 juillet : Tournoi Seniors Plus<\/strong><br \/>Tournoi r\u00e9serv\u00e9 aux Seniors plus +35 ans , 45 , 55 , 65 (S. Dames et S. Messieurs)<br \/><em>Date limite inscription : sans pr\u00e9avis, contacter le juge-arbitre<\/em><a href=\"https:\/\/tcreims.com\/?p=96\">. <strong>En savoir +<\/strong><\/a><strong><em><br \/><\/em><\/strong><\/p>\n<p><strong>Du samedi 16 au dimanche 17 septembre : Le TCR participe aux JEP 2017<br \/><a href=\"https:\/\/tcreims.com\/?p=926\">En savoir +<\/a><br \/><\/strong><\/p>\n<p><strong>Mercredi 14 juin : F\u00eate de l&rsquo;\u00c9cole de Tennis<br \/><\/strong><em>coupon-r\u00e9ponse pour le 10 juin. <\/em><strong><a href=\"https:\/\/tcreims.com\/?p=272\">En savoir +<\/a><\/strong><em><br \/><\/em><strong>Mercredi 14 juin : Tennis D\u00e9couverte<\/strong> pour les \u00e9l\u00e8ves de l\u2019\u00c9cole Saint-Joseph<em><br \/><\/em><strong><a href=\"https:\/\/tcreims.com\/wp-content\/uploads\/2017\/05\/st-jo.jpg\">En savoir +<\/a><\/strong><em><br \/><\/em><\/p>\n<p><strong>Samedi 10 et dimanche 11 juin : les journ\u00e9es \u00ab\u00a0F\u00eate du Tennis\u00a0\u00bb se d\u00e9rouleront au TCR<br \/><a href=\"https:\/\/tcreims.com\/?p=354\">En savoir + <\/a><\/strong><\/p>\n<p><strong>Vendredi 9 juin, 19:00 h : Assembl\u00e9e G\u00e9n\u00e9rale du TCR<br \/><\/strong><em>D\u00e9lai pour candidature : mercredi 31 mai. <\/em>Les convocations ont \u00e9t\u00e9 envoy\u00e9es par La Poste<em><br \/><\/em><\/p>\n<p><strong>Du Samedi 3 au lundi 5 juin (Pentec\u00f4te) : le TCR accueille les finales r\u00e9gionales des Seniors Plus<\/strong><\/p>\n\n\n<p><\/p>\n","protected":false},"excerpt":{"rendered":"<p>2024 2023 Samedi 23 Mai : Journ\u00e9e des Enfants \u00e0 Roland Garros 2022 Vendredi 18 Novembre : Soir\u00e9e Raclette Vacances de la Toussaint : STAGES ANGLAIS-TENNIS Vendredi 14 Octobre : Soir\u00e9e<\/p>\n","protected":false},"author":7,"featured_media":0,"parent":50,"menu_order":1,"comment_status":"closed","ping_status":"closed","template":"","meta":{"footnotes":""},"class_list":["post-360","page","type-page","status-publish","hentry"],"jetpack_sharing_enabled":true,"jetpack_likes_enabled":true,"_links":{"self":[{"href":"https:\/\/tcreims.com\/index.php?rest_route=\/wp\/v2\/pages\/360","targetHints":{"allow":["GET"]}}],"collection":[{"href":"https:\/\/tcreims.com\/index.php?rest_route=\/wp\/v2\/pages"}],"about":[{"href":"https:\/\/tcreims.com\/index.php?rest_route=\/wp\/v2\/types\/page"}],"author":[{"embeddable":true,"href":"https:\/\/tcreims.com\/index.php?rest_route=\/wp\/v2\/users\/7"}],"replies":[{"embeddable":true,"href":"https:\/\/tcreims.com\/index.php?rest_route=%2Fwp%2Fv2%2Fcomments&post=360"}],"version-history":[{"count":2,"href":"https:\/\/tcreims.com\/index.php?rest_route=\/wp\/v2\/pages\/360\/revisions"}],"predecessor-version":[{"id":7570,"href":"https:\/\/tcreims.com\/index.php?rest_route=\/wp\/v2\/pages\/360\/revisions\/7570"}],"up":[{"embeddable":true,"href":"https:\/\/tcreims.com\/index.php?rest_route=\/wp\/v2\/pages\/50"}],"wp:attachment":[{"href":"https:\/\/tcreims.com\/index.php?rest_route=%2Fwp%2Fv2%2Fmedia&parent=360"}],"curies":[{"name":"wp","href":"https:\/\/api.w.org\/{rel}","templated":true}]}}