{"id":2971,"date":"2020-07-09T16:48:42","date_gmt":"2020-07-09T14:48:42","guid":{"rendered":"https:\/\/tcreims.com\/?page_id=2971"},"modified":"2025-05-17T16:21:24","modified_gmt":"2025-05-17T14:21:24","slug":"cours-collectifs-adultes","status":"publish","type":"page","link":"https:\/\/tcreims.com\/?page_id=2971","title":{"rendered":"Formules Adultes"},"content":{"rendered":"\n<h2 class=\"wp-block-heading has-white-color has-highlight-background-color has-text-color has-background\">Adh\u00e9sion Annuelle<\/h2>\n\n\n\n<p class=\"has-vivid-red-color has-text-color has-medium-font-size\"><strong>Envie d&rsquo;une pratique r\u00e9guli\u00e8re \u00e0 l&rsquo;ann\u00e9e ?<\/strong><\/p>\n\n\n\n<p> Adh\u00e9rez \u00e0 la<strong> Formule annuelle<\/strong> du 1er Septembre au 31 Ao\u00fbt<\/p>\n\n\n\n<p>Tarif d\u00e9gressif suivant l&rsquo;\u00e2ge  &#8211; 10 Invitations gratuites dans chaque formule<\/p>\n\n\n\n<p>R\u00e9servation de terrains en illimit\u00e9 \u2013 Terre Battue Traditionnelle \u2013 Int\u00e9rieur ou Ext\u00e9rieur &#8211; Acc\u00e8s aux cours de renforcement musculaires le vendredi \u00e0 19 h &#8211; Acc\u00e8s privil\u00e9gi\u00e9 aux \u00e9v\u00e8nements et animations organis\u00e9s par le club  &#8211; Licence incluse<\/p>\n\n\n\n<p>T\u00e9l\u00e9chargez votre fiche d&rsquo;inscription ci-dessous :<\/p>\n\n\n\n<div data-wp-interactive=\"core\/file\" class=\"wp-block-file\"><object data-wp-bind--hidden=\"!state.hasPdfPreview\" hidden class=\"wp-block-file__embed\" data=\"https:\/\/tcreims.com\/wp-content\/uploads\/2025\/05\/Adhesions-annuelles-Saison-2025-2026-1.pdf\" type=\"application\/pdf\" style=\"width:100%;height:600px\" aria-label=\"Contenu embarqu\u00e9 Adh\u00e9sions annuelles Saison 2025-2026.\"><\/object><a id=\"wp-block-file--media-2d15c836-1468-499c-b706-037660e0c367\" href=\"https:\/\/tcreims.com\/wp-content\/uploads\/2025\/05\/Adhesions-annuelles-Saison-2025-2026-1.pdf\">Adh\u00e9sions annuelles Saison 2025-2026<\/a><a href=\"https:\/\/tcreims.com\/wp-content\/uploads\/2025\/05\/Adhesions-annuelles-Saison-2025-2026-1.pdf\" class=\"wp-block-file__button wp-element-button\" download aria-describedby=\"wp-block-file--media-2d15c836-1468-499c-b706-037660e0c367\">T\u00e9l\u00e9charger<\/a><\/div>\n\n\n\n<h6 class=\"wp-block-heading has-white-color has-tertiary-background-color has-text-color has-background\">Inscription tout en ligne : Comment Faire <\/h6>\n\n\n\n<p>\u2013 envoi de la fiche t\u00e9l\u00e9chargeable ci-dessous par mail \u00e0 tennis.club.reims@orange .fr<\/p>\n\n\n\n<p>\u2013&nbsp; paiement en ligne sur l\u2019application Ten\u2019Up (Application officielle de la FFT)  : <\/p>\n\n\n\n<p>Pour cela il vous suffit de cr\u00e9er votre compte Ten\u2019Up <\/p>\n\n\n\n<ul class=\"wp-block-list\">\n<li>Chercher un club&nbsp;: tennis club de reims<\/li>\n\n\n\n<li>Onglet Offres &#8211; Adh\u00e9sion Simple 2025<\/li>\n\n\n\n<li>Choisir l\u2019offre qui vous concerne et proc\u00e9der au paiement en ligne par CB en 1 ou 4 fois \u00e0 votre convenance.<\/li>\n<\/ul>\n\n\n\n<p><\/p>\n\n\n\n<h2 class=\"wp-block-heading has-white-color has-highlight-background-color has-text-color has-background\">Adh\u00e9sion Formule 4 Mois Et\u00e9<\/h2>\n\n\n\n<p class=\"has-vivid-red-color has-text-color has-medium-font-size\"><strong>Envie de reprendre le Tennis cet \u00e9t\u00e9 ?<\/strong><\/p>\n\n\n\n<p>Adh\u00e9rez \u00e0 la <strong>Formule 4 mois Et\u00e9<\/strong> (de date \u00e0 date) \u2013 R\u00e9servation de terrains en illimit\u00e9 \u2013 Terre Battue Traditionnelle \u2013 Int\u00e9rieur ou Ext\u00e9rieur &#8211;  4 invitations gratuites<\/p>\n\n\n\n<figure class=\"wp-block-table aligncenter\"><table><tbody><tr><td>   <strong>FORMULE<\/strong><\/td><td>   <strong>4 Mois<\/strong><\/td><\/tr><tr><td>\n  <strong>+35ans <\/strong>\n  <\/td><td>\n  <strong>260 \u20ac<\/strong>\n  <\/td><\/tr><tr><td>   <strong>&#8211; 35 ans<\/strong>   <\/td><td>\n  <strong>220 \u20ac<\/strong>\n  <\/td><\/tr><tr><td>  <strong> &#8211; 18 ans<\/strong><\/td><td>  <strong> 160 \u20ac<\/strong><\/td><\/tr><tr><td>   <strong>-12 ans<\/strong>   <\/td><td>   <strong>100 \u20ac<\/strong>   <\/td><\/tr><tr><td>   <strong>&#8211; 6 ans<\/strong>   <\/td><td>  <strong>100 \u20ac<\/strong>   <\/td><\/tr><\/tbody><\/table><\/figure>\n\n\n\n<div data-wp-interactive=\"core\/file\" class=\"wp-block-file\"><object data-wp-bind--hidden=\"!state.hasPdfPreview\" hidden class=\"wp-block-file__embed\" data=\"https:\/\/tcreims.com\/wp-content\/uploads\/2025\/05\/Adhesions-ete-4-mois-Saison-2025-2026.pdf\" type=\"application\/pdf\" style=\"width:100%;height:600px\" aria-label=\"Contenu embarqu\u00e9 Adh\u00e9sions \u00e9t\u00e9 4 mois Saison 2025-2026.\"><\/object><a id=\"wp-block-file--media-1e65f52e-7e13-4a44-8ae6-52ee4c191b67\" href=\"https:\/\/tcreims.com\/wp-content\/uploads\/2025\/05\/Adhesions-ete-4-mois-Saison-2025-2026.pdf\">Adh\u00e9sions \u00e9t\u00e9 4 mois Saison 2025-2026<\/a><a href=\"https:\/\/tcreims.com\/wp-content\/uploads\/2025\/05\/Adhesions-ete-4-mois-Saison-2025-2026.pdf\" class=\"wp-block-file__button wp-element-button\" download aria-describedby=\"wp-block-file--media-1e65f52e-7e13-4a44-8ae6-52ee4c191b67\">T\u00e9l\u00e9charger<\/a><\/div>\n\n\n\n<h6 class=\"wp-block-heading has-white-color has-tertiary-background-color has-text-color has-background\">Inscription tout en ligne : Comment Faire ?<\/h6>\n\n\n\n<p>\u2013 envoi de la fiche t\u00e9l\u00e9chargeable ci-dessus par mail \u00e0 tennis.club.reims@orange .fr<\/p>\n\n\n\n<p>\u2013&nbsp; paiement en ligne sur l\u2019application Ten\u2019Up (Application officielle de la FFT)  : <\/p>\n\n\n\n<p>Pour cela il vous suffit de cr\u00e9er votre compte Ten\u2019Up <\/p>\n\n\n\n<ul class=\"wp-block-list\">\n<li>Chercher un club&nbsp;: tennis club de reims<\/li>\n\n\n\n<li>Onglet Offres &#8211; Adh\u00e9sion \u00c9T\u00c9 4 mois 2024<\/li>\n\n\n\n<li>Choisir l\u2019offre qui vous concerne et proc\u00e9der au paiement en ligne par CB en 1 ou 2 fois \u00e0 votre convenance.<\/li>\n<\/ul>\n\n\n\n<h2 class=\"wp-block-heading has-white-color has-highlight-background-color has-text-color has-background\">LOCATION HORAIRE<\/h2>\n\n\n\n<div class=\"wp-block-columns are-vertically-aligned-center is-layout-flex wp-container-core-columns-is-layout-9d6595d7 wp-block-columns-is-layout-flex\">\n<div class=\"wp-block-column is-vertically-aligned-center is-layout-flow wp-block-column-is-layout-flow\" style=\"flex-basis:100%\">\n<p class=\"has-vivid-red-color has-text-color has-medium-font-size\"><strong>Envie de Jouer une heure sur un terrain en Terre battue traditionnelle ?<\/strong><\/p>\n\n\n\n<p class=\"has-very-dark-gray-color has-text-color\"><strong>Le Tennis Club de Reims vous accueille avec sa location horaire<\/strong><\/p>\n\n\n\n<p> Paiement en ligne sur l\u2019application Ten\u2019Up (Application officielle de la FFT)  <\/p>\n\n\n\n<p>Pour cela il vous suffit de cr\u00e9er votre compte Ten\u2019Up <\/p>\n\n\n\n<ul class=\"wp-block-list\">\n<li>Chercher un club&nbsp;: tennis club de reims<\/li>\n\n\n\n<li>Onglet Offres club \u2013 R\u00e9server<\/li>\n\n\n\n<li>Paiement en ligne<\/li>\n<\/ul>\n<\/div>\n<\/div>\n\n\n\n<p><strong><em>Vente de balles sur place dans notre distributeur <\/em><\/strong><\/p>\n","protected":false},"excerpt":{"rendered":"<p>Adh\u00e9sion Annuelle Envie d&rsquo;une pratique r\u00e9guli\u00e8re \u00e0 l&rsquo;ann\u00e9e ? Adh\u00e9rez \u00e0 la Formule annuelle du 1er Septembre au 31 Ao\u00fbt Tarif d\u00e9gressif suivant l&rsquo;\u00e2ge &#8211; 10 Invitations gratuites dans chaque formule<\/p>\n","protected":false},"author":3,"featured_media":0,"parent":0,"menu_order":0,"comment_status":"closed","ping_status":"closed","template":"","meta":{"footnotes":""},"class_list":["post-2971","page","type-page","status-publish","hentry"],"jetpack_sharing_enabled":true,"jetpack_likes_enabled":true,"_links":{"self":[{"href":"https:\/\/tcreims.com\/index.php?rest_route=\/wp\/v2\/pages\/2971","targetHints":{"allow":["GET"]}}],"collection":[{"href":"https:\/\/tcreims.com\/index.php?rest_route=\/wp\/v2\/pages"}],"about":[{"href":"https:\/\/tcreims.com\/index.php?rest_route=\/wp\/v2\/types\/page"}],"author":[{"embeddable":true,"href":"https:\/\/tcreims.com\/index.php?rest_route=\/wp\/v2\/users\/3"}],"replies":[{"embeddable":true,"href":"https:\/\/tcreims.com\/index.php?rest_route=%2Fwp%2Fv2%2Fcomments&post=2971"}],"version-history":[{"count":12,"href":"https:\/\/tcreims.com\/index.php?rest_route=\/wp\/v2\/pages\/2971\/revisions"}],"predecessor-version":[{"id":7734,"href":"https:\/\/tcreims.com\/index.php?rest_route=\/wp\/v2\/pages\/2971\/revisions\/7734"}],"wp:attachment":[{"href":"https:\/\/tcreims.com\/index.php?rest_route=%2Fwp%2Fv2%2Fmedia&parent=2971"}],"curies":[{"name":"wp","href":"https:\/\/api.w.org\/{rel}","templated":true}]}}