{"id":225,"date":"2017-05-12T15:54:27","date_gmt":"2017-05-12T13:54:27","guid":{"rendered":"http:\/\/tcreims.com\/?page_id=225"},"modified":"2025-11-28T16:36:52","modified_gmt":"2025-11-28T15:36:52","slug":"lecole-de-tennis","status":"publish","type":"page","link":"https:\/\/tcreims.com\/?page_id=225","title":{"rendered":"L\u2019\u00c9cole de Tennis du Tennis Club de Reims (2025-2026)"},"content":{"rendered":"\n<p>&gt; <a href=\"#enseignement\">Encadrement, enseignement<\/a> | &gt; <a href=\"#organisation\">Organisation, emplois du temps, tarifs<\/a> | &gt;<a href=\"#activites\">Activit\u00e9s tous publics<\/a><br><a name=\"enseignement\"><\/a><\/p>\n\n\n\n<h2 class=\"wp-block-heading\"><span style=\"color: #ff6600;\"><span style=\"color: #008000;\">L\u2019encadrement de l\u2019\u00c9cole de Tennis<\/span><\/span><\/h2>\n\n\n\n<h2 class=\"wp-block-heading\">Les enseignants :<\/h2>\n\n\n\n<figure class=\"wp-block-gallery has-nested-images columns-default is-cropped wp-block-gallery-1 is-layout-flex wp-block-gallery-is-layout-flex\">\n<figure class=\"wp-block-image size-thumbnail\"><img loading=\"lazy\" decoding=\"async\" width=\"150\" height=\"150\" data-id=\"7871\" src=\"https:\/\/tcreims.com\/wp-content\/uploads\/2025\/10\/Pheng-150x150.png\" alt=\"\" class=\"wp-image-7871\" srcset=\"https:\/\/tcreims.com\/wp-content\/uploads\/2025\/10\/Pheng-150x150.png 150w, https:\/\/tcreims.com\/wp-content\/uploads\/2025\/10\/Pheng.png 212w\" sizes=\"auto, (max-width: 150px) 100vw, 150px\" \/><figcaption class=\"wp-element-caption\"><strong><mark style=\"background-color:rgba(0, 0, 0, 0)\" class=\"has-inline-color has-black-color\"><em><kbd>Pheng<\/kbd><\/em><\/mark><\/strong><\/figcaption><\/figure>\n\n\n\n<figure class=\"wp-block-image size-large\"><img loading=\"lazy\" decoding=\"async\" width=\"215\" height=\"213\" data-id=\"7875\" src=\"https:\/\/tcreims.com\/wp-content\/uploads\/2025\/10\/Theo.png\" alt=\"\" class=\"wp-image-7875\" srcset=\"https:\/\/tcreims.com\/wp-content\/uploads\/2025\/10\/Theo.png 215w, https:\/\/tcreims.com\/wp-content\/uploads\/2025\/10\/Theo-150x150.png 150w\" sizes=\"auto, (max-width: 215px) 100vw, 215px\" \/><figcaption class=\"wp-element-caption\"><strong><mark style=\"background-color:rgba(0, 0, 0, 0)\" class=\"has-inline-color has-black-color\"><em>Th\u00e9o<\/em><\/mark><\/strong><\/figcaption><\/figure>\n\n\n\n<figure class=\"wp-block-image size-large\"><img loading=\"lazy\" decoding=\"async\" width=\"215\" height=\"212\" data-id=\"7869\" src=\"https:\/\/tcreims.com\/wp-content\/uploads\/2025\/10\/Francois.png\" alt=\"\" class=\"wp-image-7869\"\/><figcaption class=\"wp-element-caption\"><strong><em><mark style=\"background-color:rgba(0, 0, 0, 0)\" class=\"has-inline-color has-black-color\">Fran\u00e7ois<\/mark><\/em><\/strong><\/figcaption><\/figure>\n\n\n\n<figure class=\"wp-block-image size-large\"><img loading=\"lazy\" decoding=\"async\" width=\"214\" height=\"214\" data-id=\"7872\" src=\"https:\/\/tcreims.com\/wp-content\/uploads\/2025\/10\/Lilou.png\" alt=\"\" class=\"wp-image-7872\" srcset=\"https:\/\/tcreims.com\/wp-content\/uploads\/2025\/10\/Lilou.png 214w, https:\/\/tcreims.com\/wp-content\/uploads\/2025\/10\/Lilou-150x150.png 150w\" sizes=\"auto, (max-width: 214px) 100vw, 214px\" \/><figcaption class=\"wp-element-caption\"><strong><em><mark style=\"background-color:rgba(0, 0, 0, 0)\" class=\"has-inline-color has-black-color\">Lilou<\/mark><\/em><\/strong><\/figcaption><\/figure>\n\n\n\n<figure class=\"wp-block-image size-large\"><img loading=\"lazy\" decoding=\"async\" width=\"212\" height=\"215\" data-id=\"7868\" src=\"https:\/\/tcreims.com\/wp-content\/uploads\/2025\/10\/Aboubacar.png\" alt=\"\" class=\"wp-image-7868\"\/><figcaption class=\"wp-element-caption\"><strong><em><mark style=\"background-color:rgba(0, 0, 0, 0)\" class=\"has-inline-color has-black-color\">Aboubacar<\/mark><\/em><\/strong><\/figcaption><\/figure>\n\n\n\n<figure class=\"wp-block-image size-large\"><img loading=\"lazy\" decoding=\"async\" width=\"214\" height=\"214\" data-id=\"7873\" src=\"https:\/\/tcreims.com\/wp-content\/uploads\/2025\/10\/Lorenzo.png\" alt=\"\" class=\"wp-image-7873\" srcset=\"https:\/\/tcreims.com\/wp-content\/uploads\/2025\/10\/Lorenzo.png 214w, https:\/\/tcreims.com\/wp-content\/uploads\/2025\/10\/Lorenzo-150x150.png 150w\" sizes=\"auto, (max-width: 214px) 100vw, 214px\" \/><figcaption class=\"wp-element-caption\"><strong><em><mark style=\"background-color:rgba(0, 0, 0, 0)\" class=\"has-inline-color has-black-color\">Lorenzo<\/mark><\/em><\/strong><\/figcaption><\/figure>\n\n\n\n<figure class=\"wp-block-image size-large\"><img loading=\"lazy\" decoding=\"async\" width=\"215\" height=\"212\" data-id=\"7874\" src=\"https:\/\/tcreims.com\/wp-content\/uploads\/2025\/10\/Antoine-L.png\" alt=\"\" class=\"wp-image-7874\"\/><figcaption class=\"wp-element-caption\"><strong><em><mark style=\"background-color:rgba(0, 0, 0, 0)\" class=\"has-inline-color has-black-color\">Antoine L<\/mark><\/em><\/strong><\/figcaption><\/figure>\n\n\n\n<figure class=\"wp-block-image size-large\"><img loading=\"lazy\" decoding=\"async\" width=\"255\" height=\"253\" data-id=\"7951\" src=\"https:\/\/tcreims.com\/wp-content\/uploads\/2025\/11\/ANTOINE.jpg\" alt=\"Antoine U\n\" class=\"wp-image-7951\" srcset=\"https:\/\/tcreims.com\/wp-content\/uploads\/2025\/11\/ANTOINE.jpg 255w, https:\/\/tcreims.com\/wp-content\/uploads\/2025\/11\/ANTOINE-150x150.jpg 150w\" sizes=\"auto, (max-width: 255px) 100vw, 255px\" \/><figcaption class=\"wp-element-caption\"><strong><mark style=\"background-color:rgba(0, 0, 0, 0)\" class=\"has-inline-color has-black-color\"><em>Antoine U<\/em><\/mark><\/strong><\/figcaption><\/figure>\n\n\n\n<figure class=\"wp-block-image size-large\"><img loading=\"lazy\" decoding=\"async\" width=\"258\" height=\"253\" data-id=\"7950\" src=\"https:\/\/tcreims.com\/wp-content\/uploads\/2025\/11\/HUGO.jpg\" alt=\"\" class=\"wp-image-7950\"\/><figcaption class=\"wp-element-caption\"><strong><em><mark style=\"background-color:rgba(0, 0, 0, 0)\" class=\"has-inline-color has-black-color\">Hugo<\/mark><\/em><\/strong><\/figcaption><\/figure>\n\n\n\n<figure class=\"wp-block-image size-large\"><img loading=\"lazy\" decoding=\"async\" width=\"214\" height=\"212\" data-id=\"7870\" src=\"https:\/\/tcreims.com\/wp-content\/uploads\/2025\/10\/Adam.png\" alt=\"\" class=\"wp-image-7870\" srcset=\"https:\/\/tcreims.com\/wp-content\/uploads\/2025\/10\/Adam.png 214w, https:\/\/tcreims.com\/wp-content\/uploads\/2025\/10\/Adam-150x150.png 150w\" sizes=\"auto, (max-width: 214px) 100vw, 214px\" \/><figcaption class=\"wp-element-caption\"><strong><em><mark style=\"background-color:rgba(0, 0, 0, 0)\" class=\"has-inline-color has-black-color\">Adam<\/mark><\/em><\/strong><\/figcaption><\/figure>\n\n\n\n<figure class=\"wp-block-image size-large\"><img loading=\"lazy\" decoding=\"async\" width=\"216\" height=\"215\" data-id=\"7867\" src=\"https:\/\/tcreims.com\/wp-content\/uploads\/2025\/10\/Lisa-Marie.png\" alt=\"\" class=\"wp-image-7867\" srcset=\"https:\/\/tcreims.com\/wp-content\/uploads\/2025\/10\/Lisa-Marie.png 216w, https:\/\/tcreims.com\/wp-content\/uploads\/2025\/10\/Lisa-Marie-150x150.png 150w\" sizes=\"auto, (max-width: 216px) 100vw, 216px\" \/><figcaption class=\"wp-element-caption\"><strong><mark style=\"background-color:rgba(0, 0, 0, 0)\" class=\"has-inline-color has-dark-gray-color\"><em>Lisa-Marie<\/em><\/mark><\/strong><\/figcaption><\/figure>\n<\/figure>\n\n\n\n<h2 class=\"wp-block-heading\"><strong>Organisation de l\u2019\u00e9cole de tennis<\/strong><\/h2>\n\n\n\n<p>Veuillez noter quelques informations :<\/p>\n\n\n\n<p>Lors des r\u00e9inscriptions, vous aurez l&rsquo;opportunit\u00e9 de s\u00e9lectionner <strong>votre cr\u00e9neau en fonction du niveau de votre enfant.<\/strong><\/p>\n\n\n\n<p>Les cours des niveaux Galaxies seront structur\u00e9s sous forme d&rsquo;ateliers : technique, r\u00e9p\u00e9tition gestuelle et exercices de tennis.<\/p>\n\n\n\n<p>Le socle commun d\u2019apprentissage a \u00e9t\u00e9 repens\u00e9 par notre directeur sportif dans le but d&rsquo;am\u00e9liorer l&rsquo;efficacit\u00e9 p\u00e9dagogique et l&rsquo;identit\u00e9 d\u2019enseignement du TC Reims.<\/p>\n\n\n\n<p>Les entra\u00eenements en semaine du Centre d&rsquo;Entra\u00eenement Comp\u00e9tition (CEC) seront compos\u00e9s de quatre joueurs. Le mercredi ou samedi, il y aura 6 enfants par groupe.<\/p>\n\n\n\n<p>L\u2019acc\u00e8s au Centre d\u2019Entra\u00eenement est soumis \u00e0 l\u2019approbation du directeur sportif. Pour tout renseignement, veuillez contacter Pheng.<\/p>\n\n\n\n<p><\/p>\n\n\n\n<p><strong>Les formules<\/strong><\/p>\n\n\n\n<p class=\"has-white-color has-text-color has-background has-link-color wp-elements-629cd2519b9906f39b905b73fc4db52c\" style=\"background:linear-gradient(276deg,rgb(255,206,236) 0%,rgb(152,150,240) 100%)\"><strong>Formule Baby Tennis 3-4 ans (2022-2023)<\/strong><\/p>\n\n\n\n<p><strong>Le Baby Tennis, c\u2019est d\u00e9j\u00e0 du tennis<\/strong><\/p>\n\n\n\n<p>-1h par semaine &#8211; 2 encadrants.<\/p>\n\n\n\n<p>Vous pouvez partager un moment avec votre enfant en \u00e9tant r\u00e9p\u00e9titeur lors de ses s\u00e9ances.<\/p>\n\n\n\n<p>-Tarif cours + adh\u00e9sion : 250\u20ac<\/p>\n\n\n\n<p>-30 s\u00e9ances de 1h sur le rythme scolaire, le mercredi ou samedi.<\/p>\n\n\n\n<p class=\"has-white-color has-text-color has-background has-link-color wp-elements-01039d4ea870227c1dc9170e1b7018a7\" style=\"background:linear-gradient(306deg,rgb(254,205,165) 0%,rgb(254,45,45) 50%,rgb(107,0,62) 100%)\"><strong>Formule Galaxie 5 \u00e0 10 ans (2016-2021)<\/strong><\/p>\n\n\n\n<p><strong>Le plaisir du jeu et de l\u2019apprentissage<\/strong><\/p>\n\n\n\n<p>-1h par semaine &#8211; groupes de 6 enfants.<\/p>\n\n\n\n<p>-Tarif cours + adh\u00e9sion : 370\u20ac<\/p>\n\n\n\n<p>-30 s\u00e9ances de 1h sur le rythme scolaire, le mercredi ou samedi.<\/p>\n\n\n\n<p>-3 Ateliers&nbsp;: technique \u2013 r\u00e9p\u00e9tition gestuelle \u2013 exercices tennis.<\/p>\n\n\n\n<p class=\"has-white-color has-text-color has-background has-link-color wp-elements-fbe2a706a7b1bf324c869b9c2f0c3bd1\" style=\"background:linear-gradient(264deg,rgb(252,185,0) 0%,rgb(255,105,0) 100%)\"><strong>Formule Ados 11 \u00e0 17 ans (2009-2015)<\/strong><\/p>\n\n\n\n<p><strong>Le plaisir du jeu et de l\u2019apprentissage<\/strong><\/p>\n\n\n\n<p>-1h par semaine &#8211; groupes de 6 enfants.<\/p>\n\n\n\n<p>-Tarif cours + adh\u00e9sion : 370\u20ac<\/p>\n\n\n\n<p>-30 s\u00e9ances de 1h sur le rythme scolaire, le mercredi ou samedi.<\/p>\n\n\n\n<p>-3 Ateliers&nbsp;: technique \u2013 r\u00e9p\u00e9tition gestuelle \u2013 exercices tennis.<\/p>\n\n\n\n<p class=\"has-white-color has-text-color has-background has-link-color wp-elements-f087fab680f5f790c52d78a60b01c020\" style=\"background:linear-gradient(266deg,rgb(255,245,203) 0%,rgb(182,227,212) 50%,rgb(51,167,181) 100%)\"><strong>Formule Intensive Galaxie ou Ados (2009-2021)<\/strong><\/p>\n\n\n\n<p><strong>Se perfectionner, matcher, se faire plaisir<\/strong><\/p>\n\n\n\n<p>-2h par semaine &#8211; groupes de 6 enfants.<\/p>\n\n\n\n<p>-Tarif cours + adh\u00e9sion&nbsp;: 570\u20ac<\/p>\n\n\n\n<p>-Libre acc\u00e8s \u00e0 la formule intensive sans s\u00e9lection.<\/p>\n\n\n\n<p>-30 s\u00e9ances de 2h ou 60 s\u00e9ances d\u20191h sur le rythme scolaire, le mercredi ou le samedi.<\/p>\n\n\n\n<p>-3 Ateliers&nbsp;: technique \u2013 r\u00e9p\u00e9tition gestuelle \u2013 exercices tennis.<\/p>\n\n\n\n<p>-Championnat interne&nbsp;: matchs libres &#8211; poules octobre \u00e0 avril.<\/p>\n\n\n\n<p class=\"has-white-color has-vivid-cyan-blue-to-vivid-purple-gradient-background has-text-color has-background has-link-color wp-elements-655c64f3e477859547f149adab919aa4\"><strong>Formule Centre d\u2019Entra\u00eenement Comp\u00e9tition&nbsp;:<\/strong><\/p>\n\n\n\n<p><strong>Se perfectionner, matcher, repr\u00e9senter le club<\/strong><\/p>\n\n\n\n<p>Le Groupe Avenir 5\/7 ans (2019-2021)<\/p>\n\n\n\n<p>Le Groupe Espoir 8\/10 ans (2016-2018)<\/p>\n\n\n\n<p>Le Groupe Elite 11 ans et + (2015)<\/p>\n\n\n\n<p><strong>Les nouvelles demandes sont soumises \u00e0 l\u2019approbation de Pheng.<\/strong><\/p>\n\n\n\n<p>-1h30 le soir en semaine \u00e0 4 joueurs + 1h le mercredi \u00e0 6 joueurs par semaine.<\/p>\n\n\n\n<p>-Tarif cours + adh\u00e9sion : 850\u20ac<\/p>\n\n\n\n<p>-Entra\u00eenements suppl\u00e9mentaires possibles&nbsp;: 400\u20ac\/saison pour chaque entra\u00eenement suppl\u00e9mentaire de 1h30.<\/p>\n\n\n\n<p>-30 s\u00e9ances de 1h30 en semaine + 30 s\u00e9ances de 1h le mercredi sur le rythme scolaire.<\/p>\n\n\n\n<p>-Pr\u00e9paration Physique.<\/p>\n\n\n\n<p>-Plateaux matchs le dimanche (4 rouge\/orange et 3 vert\/jaune).<\/p>\n\n\n\n<p>-Championnat interne&nbsp;: matchs libres &#8211; poules octobre \u00e0 avril.<\/p>\n\n\n\n<p>-Communication des comp\u00e9titions et aide \u00e0 la programmation.<\/p>\n\n\n\n<p>-Accompagnements en tournois \u00e0 la demande (en fonction des disponibilit\u00e9s des enseignants)&nbsp;: 50\u20ac la \u00bd journ\u00e9e \u2013 90\u20ac la journ\u00e9e (+essence).<\/p>\n\n\n\n<p class=\"has-white-color has-text-color has-background has-link-color wp-elements-1ead32cdd0d568e6742824134ece48e5\" style=\"background:linear-gradient(266deg,rgb(202,248,128) 0%,rgb(113,206,126) 100%)\"><strong>Pour toutes les formules \u00c9cole de tennis&nbsp;:<\/strong><\/p>\n\n\n\n<p><strong>-L\u2019adh\u00e9sion Club incluse &#8211; Elle comprend :<\/strong><\/p>\n\n\n\n<p>-La r\u00e9servation de courts de tennis en illimit\u00e9 (r\u00e9servation sur Ten\u2019Up).<\/p>\n\n\n\n<p>-La licence FFT<\/p>\n\n\n\n<p>-10 invitations Tennis pour faire d\u00e9couvrir le Club \u00e0 vos parents et amis.<\/p>\n\n\n\n<p>-Planification de l\u2019entra\u00eenement par cycle (communication aux parents du socle commun).<\/p>\n\n\n\n<p>-Un planning d\u2019animations et d\u2019\u00e9v\u00e8nements vous sera communiqu\u00e9.<\/p>\n\n\n\n<p>-Des stages seront propos\u00e9s pendant les vacances scolaires.<\/p>\n\n\n\n<p><\/p>\n\n\n\n<p>-La licence FFT<\/p>\n\n\n\n<div data-wp-interactive=\"core\/file\" class=\"wp-block-file\"><object data-wp-bind--hidden=\"!state.hasPdfPreview\" hidden class=\"wp-block-file__embed\" data=\"https:\/\/tcreims.com\/wp-content\/uploads\/2025\/05\/Ecole-de-tennis-Saison-2025-2026.pdf\" type=\"application\/pdf\" style=\"width:100%;height:600px\" aria-label=\"Contenu embarqu\u00e9 Ecole de tennis Saison 2025-2026.\"><\/object><a id=\"wp-block-file--media-b79a704d-e181-41f3-a34d-5af4fa03411c\" href=\"https:\/\/tcreims.com\/wp-content\/uploads\/2025\/05\/Ecole-de-tennis-Saison-2025-2026.pdf\">Ecole de tennis Saison 2025-2026<\/a><a href=\"https:\/\/tcreims.com\/wp-content\/uploads\/2025\/05\/Ecole-de-tennis-Saison-2025-2026.pdf\" class=\"wp-block-file__button wp-element-button\" download aria-describedby=\"wp-block-file--media-b79a704d-e181-41f3-a34d-5af4fa03411c\">T\u00e9l\u00e9charger<\/a><\/div>\n\n\n\n<p>Fournir un <strong>certificat m\u00e9dical<\/strong> d&rsquo;aptitude \u00e0 la pratique du tennis de moins de 3 mois est <strong>obligatoire<\/strong>.<\/p>\n\n\n\n<p><strong>&nbsp;<\/strong><\/p>\n\n\n\n<p>A tr\u00e8s vite sur les courts.<\/p>\n\n\n\n<p><strong><em>Le comit\u00e9 et l&rsquo;\u00e9quipe enseignante.<\/em><\/strong><\/p>\n\n\n\n<figure class=\"wp-block-image size-large\"><img loading=\"lazy\" decoding=\"async\" width=\"700\" height=\"700\" src=\"https:\/\/tcreims.com\/wp-content\/uploads\/2025\/05\/73464709F9641A44585B421EF12E471B-700x700.png\" alt=\"\" class=\"wp-image-7703\" srcset=\"https:\/\/tcreims.com\/wp-content\/uploads\/2025\/05\/73464709F9641A44585B421EF12E471B-700x700.png 700w, https:\/\/tcreims.com\/wp-content\/uploads\/2025\/05\/73464709F9641A44585B421EF12E471B-300x300.png 300w, https:\/\/tcreims.com\/wp-content\/uploads\/2025\/05\/73464709F9641A44585B421EF12E471B-150x150.png 150w, https:\/\/tcreims.com\/wp-content\/uploads\/2025\/05\/73464709F9641A44585B421EF12E471B-768x768.png 768w, https:\/\/tcreims.com\/wp-content\/uploads\/2025\/05\/73464709F9641A44585B421EF12E471B-600x600.png 600w, https:\/\/tcreims.com\/wp-content\/uploads\/2025\/05\/73464709F9641A44585B421EF12E471B.png 1080w\" sizes=\"auto, (max-width: 700px) 100vw, 700px\" \/><\/figure>\n","protected":false},"excerpt":{"rendered":"<p>&gt; Encadrement, enseignement | &gt; Organisation, emplois du temps, tarifs | &gt;Activit\u00e9s tous publics L\u2019encadrement de l\u2019\u00c9cole de Tennis Les enseignants : Organisation de l\u2019\u00e9cole de tennis Veuillez noter quelques informations<\/p>\n","protected":false},"author":7,"featured_media":7706,"parent":0,"menu_order":0,"comment_status":"closed","ping_status":"closed","template":"","meta":{"footnotes":""},"class_list":["post-225","page","type-page","status-publish","has-post-thumbnail","hentry"],"jetpack_sharing_enabled":true,"jetpack_likes_enabled":true,"_links":{"self":[{"href":"https:\/\/tcreims.com\/index.php?rest_route=\/wp\/v2\/pages\/225","targetHints":{"allow":["GET"]}}],"collection":[{"href":"https:\/\/tcreims.com\/index.php?rest_route=\/wp\/v2\/pages"}],"about":[{"href":"https:\/\/tcreims.com\/index.php?rest_route=\/wp\/v2\/types\/page"}],"author":[{"embeddable":true,"href":"https:\/\/tcreims.com\/index.php?rest_route=\/wp\/v2\/users\/7"}],"replies":[{"embeddable":true,"href":"https:\/\/tcreims.com\/index.php?rest_route=%2Fwp%2Fv2%2Fcomments&post=225"}],"version-history":[{"count":35,"href":"https:\/\/tcreims.com\/index.php?rest_route=\/wp\/v2\/pages\/225\/revisions"}],"predecessor-version":[{"id":7952,"href":"https:\/\/tcreims.com\/index.php?rest_route=\/wp\/v2\/pages\/225\/revisions\/7952"}],"wp:featuredmedia":[{"embeddable":true,"href":"https:\/\/tcreims.com\/index.php?rest_route=\/wp\/v2\/media\/7706"}],"wp:attachment":[{"href":"https:\/\/tcreims.com\/index.php?rest_route=%2Fwp%2Fv2%2Fmedia&parent=225"}],"curies":[{"name":"wp","href":"https:\/\/api.w.org\/{rel}","templated":true}]}}