{"id":207,"date":"2017-05-12T15:34:28","date_gmt":"2017-05-12T13:34:28","guid":{"rendered":"http:\/\/tcreims.com\/?page_id=207"},"modified":"2026-03-25T15:00:54","modified_gmt":"2026-03-25T14:00:54","slug":"lecole-de-tennis-les-stages","status":"publish","type":"page","link":"https:\/\/tcreims.com\/?page_id=207","title":{"rendered":"L\u2019\u00c9cole de tennis  : les stages"},"content":{"rendered":"\n<h2 class=\"wp-block-heading has-secondary-color has-text-color has-link-color wp-elements-ea935326fc7878e3e7b1094344b0fddd\">Stages vacances de Printemps 2026 : <\/h2>\n\n\n\n<h2 class=\"wp-block-heading has-light-gray-color has-tertiary-background-color has-text-color has-background has-link-color wp-elements-b64c6bb689195f29a6c815d34c931424\">Semaine 1 : du 13 au 17 avril 2026<\/h2>\n\n\n\n<p><strong>Stage tennis uniquement (5 demi-journ\u00e9es)<\/strong><\/p>\n\n\n\n<p><strong>4 &#8211; 10 ans<\/strong> : 2h de tennis de 10 h \u00e0 12 h : 120 \u20ac<\/p>\n\n\n\n<p><strong>11 &#8211; 17 ans<\/strong> : 3h de tennis de 14 h \u00e0 17 h : 150 \u20ac<\/p>\n\n\n\n<h2 class=\"wp-block-heading has-light-gray-color has-tertiary-background-color has-text-color has-background has-link-color wp-elements-2553a528ac9046dc34816ec232a8e612\">Semaine 2 : du 20 au 24 avril 2026<\/h2>\n\n\n\n<p><strong>Stage tennis uniquement (5 demi-journ\u00e9es)<\/strong><\/p>\n\n\n\n<p><strong>4 &#8211; 10 ans<\/strong> : 2h de tennis de 10 h \u00e0 12 h : 120 \u20ac<\/p>\n\n\n\n<p><strong>11 &#8211; 17 ans<\/strong> : 2h de tennis de 14 h \u00e0 16 h : 120 \u20ac<\/p>\n\n\n\n<p>Fiche d&rsquo;inscription :<\/p>\n\n\n\n<div data-wp-interactive=\"core\/file\" class=\"wp-block-file\"><object data-wp-bind--hidden=\"!state.hasPdfPreview\" hidden class=\"wp-block-file__embed\" data=\"https:\/\/tcreims.com\/wp-content\/uploads\/2026\/03\/Fiche-inscription-stage-tennis-printemps-.pdf\" type=\"application\/pdf\" style=\"width:100%;height:600px\" aria-label=\"Contenu embarqu\u00e9 Fiche inscription stage tennis printemps.\"><\/object><a id=\"wp-block-file--media-dbf2191b-b965-4309-8c2f-8daa5323ffb1\" href=\"https:\/\/tcreims.com\/wp-content\/uploads\/2026\/03\/Fiche-inscription-stage-tennis-printemps-.pdf\">Fiche inscription stage tennis printemps<\/a><a href=\"https:\/\/tcreims.com\/wp-content\/uploads\/2026\/03\/Fiche-inscription-stage-tennis-printemps-.pdf\" class=\"wp-block-file__button wp-element-button\" download aria-describedby=\"wp-block-file--media-dbf2191b-b965-4309-8c2f-8daa5323ffb1\">T\u00e9l\u00e9charger<\/a><\/div>\n\n\n\n<p><strong>Les fiches d&rsquo;inscription pour le tennis sont \u00e0 nous retourner \u00e0 stages@tcreims.com<\/strong><br>R\u00e9servez vite vos places !<\/p>\n\n\n\n<h2 class=\"wp-block-heading\">Stage de Printemps Anglais-Tennis<\/h2>\n\n\n\n<h2 class=\"wp-block-heading has-white-color has-tertiary-background-color has-text-color has-background\"><strong>Semaine du 13 au 17 avril <\/strong>2026<\/h2>\n\n\n\n<p> Stages anglais + tennis en partenariat avec le Centre de Formation en langues <strong><em>TAKE THE PLUNGE<\/em><\/strong><\/p>\n\n\n\n<p>Ouverts \u00e0 tous (adh\u00e9rents ou ext\u00e9rieurs)<br><strong>Stage Anglais Tennis avec le centre de formation en langues Take the Plunge<\/strong><br><\/p>\n\n\n\n<p><em>de 4 \u00e0 6 ans : <\/em>2h de tennis\/jour le matin et anglais l\u2019apr\u00e8s-midi. Tarif&nbsp;: 380 \u20ac (2 enfants 660 \u20ac)<\/p>\n\n\n\n<p>de 7 \u00e0 11 ans : 2h de tennis\/jour le matin et Th\u00e9\u00e2tre en anglais l&rsquo;apr\u00e8s-midi : 380 \u20ac (2 enfants 660 \u20ac)<\/p>\n\n\n\n<p>Coll\u00e9giens et lyc\u00e9ens : 2h d&rsquo;anglais le matin et tennis l&rsquo;apr\u00e8s-midi : 410 \u20ac (2 ados 720 \u20ac)<\/p>\n\n\n\n<p>Inscription aupr\u00e8s de Take The Plunge  (infos sur l&rsquo;affiche ci-dessous) et fiche d&rsquo;inscription en t\u00e9l\u00e9chargement :<\/p>\n\n\n\n<div class=\"wp-block-columns is-layout-flex wp-container-core-columns-is-layout-9d6595d7 wp-block-columns-is-layout-flex\">\n<div class=\"wp-block-column is-layout-flow wp-block-column-is-layout-flow\">\n<div data-wp-interactive=\"core\/file\" class=\"wp-block-file\"><object data-wp-bind--hidden=\"!state.hasPdfPreview\" hidden class=\"wp-block-file__embed\" data=\"https:\/\/tcreims.com\/wp-content\/uploads\/2026\/03\/Fiche-inscription-stage-Printemps-2026-Anglais-tennis-1.pdf\" type=\"application\/pdf\" style=\"width:100%;height:600px\" aria-label=\"Contenu embarqu\u00e9 Fiche inscription stage Printemps 2026 Anglais tennis.\"><\/object><a id=\"wp-block-file--media-37b4483c-4052-4a6a-a859-3c9c4cc402e8\" href=\"https:\/\/tcreims.com\/wp-content\/uploads\/2026\/03\/Fiche-inscription-stage-Printemps-2026-Anglais-tennis-1.pdf\">Fiche inscription stage Printemps 2026 Anglais tennis<\/a><a href=\"https:\/\/tcreims.com\/wp-content\/uploads\/2026\/03\/Fiche-inscription-stage-Printemps-2026-Anglais-tennis-1.pdf\" class=\"wp-block-file__button wp-element-button\" download aria-describedby=\"wp-block-file--media-37b4483c-4052-4a6a-a859-3c9c4cc402e8\">T\u00e9l\u00e9charger<\/a><\/div>\n<\/div>\n<\/div>\n\n\n\n<figure class=\"wp-block-gallery has-nested-images columns-default is-cropped wp-block-gallery-1 is-layout-flex wp-block-gallery-is-layout-flex\"><\/figure>\n\n\n\n<p><br><\/p>\n\n\n\n<p class=\"has-tertiary-color has-text-color has-link-color has-large-font-size wp-elements-50678bcb27e5b3b4a8fff3d7a143c139\">Stages d&rsquo;Et\u00e9 2025 :<br><\/p>\n\n\n\n<h2 class=\"wp-block-heading has-white-color has-tertiary-background-color has-text-color has-background\"><strong>Semaines  du 08 juillet &#8211; du 15 juillet<\/strong> et du 22 Juillet<\/h2>\n\n\n\n<p><\/p>\n\n\n\n<p>Le Tennis Club de Reims est heureux de vous annoncer le renouvellement de sa formule stage d\u2019\u00e9t\u00e9 les semaines du 08 juillet, du 15 juillet et du 22 juillet 2024<\/p>\n\n\n\n<p>Stage ouvert aux <strong>6 ans et plus<\/strong>. R\u00e9partition en fonction de l\u2019\u00e2ge et du niveau.<\/p>\n\n\n\n<p>Du <strong>lundi au vendredi<\/strong>, vos enfants seront encadr\u00e9s par des enseignants de <strong>9 h \u00e0 17 h 00<\/strong><\/p>\n\n\n\n<p>Au programme&nbsp;: 3 h de tennis par jour, de la natation, de la pr\u00e9paration physique, des jeux sportifs et des jeux de soci\u00e9t\u00e9.<\/p>\n\n\n\n<p>Tarif&nbsp;: <strong>275 \u20ac la semaine<\/strong><\/p>\n\n\n\n<p>Tous les d\u00e9jeuners au restaurant Le Court 1920, ainsi que les go\u00fbters sont compris dans le tarif.<\/p>\n\n\n\n<p>Les inscriptions sont ouvertes d\u00e8s maintenant, au secr\u00e9tariat ou sur <strong>stages@tcreims.com<\/strong><\/p>\n\n\n\n<div data-wp-interactive=\"core\/file\" class=\"wp-block-file\"><object data-wp-bind--hidden=\"!state.hasPdfPreview\" hidden class=\"wp-block-file__embed\" data=\"https:\/\/tcreims.com\/wp-content\/uploads\/2024\/05\/Fiche-inscription-stages-multi-activite.pdf\" type=\"application\/pdf\" style=\"width:100%;height:600px\" aria-label=\"Contenu embarqu\u00e9 Fiche-inscription-stages-multi-activite.\"><\/object><a id=\"wp-block-file--media-fddc3d2b-c8a2-45df-87e5-23a871d13289\" href=\"https:\/\/tcreims.com\/wp-content\/uploads\/2024\/05\/Fiche-inscription-stages-multi-activite.pdf\">Fiche-inscription-stages-multi-activite<\/a><a href=\"https:\/\/tcreims.com\/wp-content\/uploads\/2024\/05\/Fiche-inscription-stages-multi-activite.pdf\" class=\"wp-block-file__button wp-element-button\" download aria-describedby=\"wp-block-file--media-fddc3d2b-c8a2-45df-87e5-23a871d13289\">T\u00e9l\u00e9charger<\/a><\/div>\n\n\n\n<h2 class=\"wp-block-heading has-white-color has-tertiary-background-color has-text-color has-background\"><strong>Semaine du 26 au 30  ao\u00fbt 2024<\/strong><\/h2>\n\n\n\n<p>Stages de tennis uniquement ou Stages anglais + tennis en partenariat avec le Centre de Formation en langues <strong><em>TAKE THE PLUNGE<\/em><\/strong><\/p>\n\n\n\n<p>Ouvert \u00e0 tous (adh\u00e9rents ou ext\u00e9rieurs)<br><strong>Stage Anglais Tennis avec le centre de formation en langues Take the Plunge<\/strong><br><em>1*Petite Section au CM2&nbsp;: <\/em>2h de tennis\/jour le matin et anglais l\u2019apr\u00e8s-midi. Tarif&nbsp;: 340\u20ac<br><em>2*De la 6\u00e8me \u00e0 la 1\u00e8re&nbsp;: <\/em>3h de tennis\/jour l\u2019apr\u00e8s-midi et anglais le matin. Tarif&nbsp;: 370\u20ac<\/p>\n\n\n\n<p>Inscription aupr\u00e8s de Take The Plunge  (infos sur l&rsquo;affiche ci-dessous) et fiche d&rsquo;inscription en t\u00e9l\u00e9chargement :<\/p>\n\n\n\n<div data-wp-interactive=\"core\/file\" class=\"wp-block-file\"><object data-wp-bind--hidden=\"!state.hasPdfPreview\" hidden class=\"wp-block-file__embed\" data=\"https:\/\/tcreims.com\/wp-content\/uploads\/2024\/05\/Fiche-inscription-stages-anglais-tennis-26-au-30-Aout-1.pdf\" type=\"application\/pdf\" style=\"width:100%;height:600px\" aria-label=\"Contenu embarqu\u00e9 Fiche-inscription-stages-anglais-tennis-26-au-30-Aout-1.\"><\/object><a id=\"wp-block-file--media-f9dd64f4-327d-4f13-acd1-57e2eb64ca9a\" href=\"https:\/\/tcreims.com\/wp-content\/uploads\/2024\/05\/Fiche-inscription-stages-anglais-tennis-26-au-30-Aout-1.pdf\">Fiche-inscription-stages-anglais-tennis-26-au-30-Aout-1<\/a><a href=\"https:\/\/tcreims.com\/wp-content\/uploads\/2024\/05\/Fiche-inscription-stages-anglais-tennis-26-au-30-Aout-1.pdf\" class=\"wp-block-file__button wp-element-button\" download aria-describedby=\"wp-block-file--media-f9dd64f4-327d-4f13-acd1-57e2eb64ca9a\">T\u00e9l\u00e9charger<\/a><\/div>\n\n\n\n<p><strong><em>Possibilit\u00e9 de ne faire que Tennis&nbsp;:<\/em><\/strong><\/p>\n\n\n\n<p><em>1*Petite Section au CM2&nbsp;: <\/em>2h de tennis\/jour le matin. Tarif&nbsp;: 120 \u20ac<\/p>\n\n\n\n<p><em>2*De la 6\u00e8me \u00e0 la 1\u00e8re&nbsp;: <\/em>3h de tennis\/jour l\u2019apr\u00e8s-midi. Tarif&nbsp;: 150 \u20ac<\/p>\n\n\n\n<div data-wp-interactive=\"core\/file\" class=\"wp-block-file\"><object data-wp-bind--hidden=\"!state.hasPdfPreview\" hidden class=\"wp-block-file__embed\" data=\"https:\/\/tcreims.com\/wp-content\/uploads\/2024\/05\/Fiche-inscription-stages-tennis-uniquement-26-au-30-aout-003.pdf\" type=\"application\/pdf\" style=\"width:100%;height:600px\" aria-label=\"Contenu embarqu\u00e9 Fiche-inscription-stages-tennis-uniquement-26-au-30-aout-003.\"><\/object><a id=\"wp-block-file--media-56a126c3-360d-4f8d-aec3-eda7c6ab32b1\" href=\"https:\/\/tcreims.com\/wp-content\/uploads\/2024\/05\/Fiche-inscription-stages-tennis-uniquement-26-au-30-aout-003.pdf\">Fiche-inscription-stages-tennis-uniquement-26-au-30-aout-003<\/a><a href=\"https:\/\/tcreims.com\/wp-content\/uploads\/2024\/05\/Fiche-inscription-stages-tennis-uniquement-26-au-30-aout-003.pdf\" class=\"wp-block-file__button wp-element-button\" download aria-describedby=\"wp-block-file--media-56a126c3-360d-4f8d-aec3-eda7c6ab32b1\">T\u00e9l\u00e9charger<\/a><\/div>\n\n\n\n<figure class=\"wp-block-image size-large\"><img loading=\"lazy\" decoding=\"async\" width=\"700\" height=\"990\" src=\"https:\/\/tcreims.com\/wp-content\/uploads\/2024\/05\/Stages-de-tennis1-700x990.jpg\" alt=\"\" class=\"wp-image-7272\" srcset=\"https:\/\/tcreims.com\/wp-content\/uploads\/2024\/05\/Stages-de-tennis1-700x990.jpg 700w, https:\/\/tcreims.com\/wp-content\/uploads\/2024\/05\/Stages-de-tennis1-212x300.jpg 212w, https:\/\/tcreims.com\/wp-content\/uploads\/2024\/05\/Stages-de-tennis1-768x1086.jpg 768w, https:\/\/tcreims.com\/wp-content\/uploads\/2024\/05\/Stages-de-tennis1-600x849.jpg 600w, https:\/\/tcreims.com\/wp-content\/uploads\/2024\/05\/Stages-de-tennis1-1086x1536.jpg 1086w, https:\/\/tcreims.com\/wp-content\/uploads\/2024\/05\/Stages-de-tennis1.jpg 1414w\" sizes=\"auto, (max-width: 700px) 100vw, 700px\" \/><\/figure>\n","protected":false},"excerpt":{"rendered":"<p>Stages vacances de Printemps 2026 : Semaine 1 : du 13 au 17 avril 2026 Stage tennis uniquement (5 demi-journ\u00e9es) 4 &#8211; 10 ans : 2h de tennis de 10 h<\/p>\n","protected":false},"author":7,"featured_media":0,"parent":0,"menu_order":0,"comment_status":"closed","ping_status":"closed","template":"","meta":{"footnotes":""},"class_list":["post-207","page","type-page","status-publish","hentry"],"jetpack_sharing_enabled":true,"jetpack_likes_enabled":true,"_links":{"self":[{"href":"https:\/\/tcreims.com\/index.php?rest_route=\/wp\/v2\/pages\/207","targetHints":{"allow":["GET"]}}],"collection":[{"href":"https:\/\/tcreims.com\/index.php?rest_route=\/wp\/v2\/pages"}],"about":[{"href":"https:\/\/tcreims.com\/index.php?rest_route=\/wp\/v2\/types\/page"}],"author":[{"embeddable":true,"href":"https:\/\/tcreims.com\/index.php?rest_route=\/wp\/v2\/users\/7"}],"replies":[{"embeddable":true,"href":"https:\/\/tcreims.com\/index.php?rest_route=%2Fwp%2Fv2%2Fcomments&post=207"}],"version-history":[{"count":9,"href":"https:\/\/tcreims.com\/index.php?rest_route=\/wp\/v2\/pages\/207\/revisions"}],"predecessor-version":[{"id":8108,"href":"https:\/\/tcreims.com\/index.php?rest_route=\/wp\/v2\/pages\/207\/revisions\/8108"}],"wp:attachment":[{"href":"https:\/\/tcreims.com\/index.php?rest_route=%2Fwp%2Fv2%2Fmedia&parent=207"}],"curies":[{"name":"wp","href":"https:\/\/api.w.org\/{rel}","templated":true}]}}