{"id":2045,"date":"2019-04-02T17:32:13","date_gmt":"2019-04-02T15:32:13","guid":{"rendered":"http:\/\/tcreims.com\/?page_id=2045"},"modified":"2019-04-05T10:11:27","modified_gmt":"2019-04-05T08:11:27","slug":"2045-2","status":"publish","type":"page","link":"https:\/\/tcreims.com\/?page_id=2045","title":{"rendered":"Le TCR devient un \u00ab\u00a0Club Roland-Garros\u00a0\u00bb"},"content":{"rendered":"<p><img loading=\"lazy\" decoding=\"async\" class=\"wp-image-1629 size-full\" src=\"https:\/\/tcreims.com\/wp-content\/uploads\/2018\/07\/IMG_9372.jpg\" alt=\"\" width=\"2016\" height=\"1512\" srcset=\"https:\/\/tcreims.com\/wp-content\/uploads\/2018\/07\/IMG_9372.jpg 2016w, https:\/\/tcreims.com\/wp-content\/uploads\/2018\/07\/IMG_9372-300x225.jpg 300w, https:\/\/tcreims.com\/wp-content\/uploads\/2018\/07\/IMG_9372-768x576.jpg 768w, https:\/\/tcreims.com\/wp-content\/uploads\/2018\/07\/IMG_9372-700x525.jpg 700w, https:\/\/tcreims.com\/wp-content\/uploads\/2018\/07\/IMG_9372-600x450.jpg 600w\" sizes=\"auto, (max-width: 2016px) 100vw, 2016px\" \/><\/p>\n<p>Eric Joris, Pr\u00e9sident du Comit\u00e9 Marne de Tennis, est venu remettre \u00e0 Claude Auroux, Pr\u00e9sident, et Serge Rothier Juge-Arbitre et membre du Comit\u00e9, la plaque qui sera install\u00e9e prochainement \u00e0 l\u2019entr\u00e9e.<\/p>\n<p><strong>Le Tennis Club de Reims a re\u00e7u en juillet 2018 le nouveau label \u00ab\u00a0Club Roland-Garros\u00a0\u00bb.<\/strong> Le TCReims qui \u00e9tait d\u00e9j\u00e0 depuis les ann\u00e9es 1980 \u00ab\u00a0un club de r\u00e9f\u00e9rence\u00a0\u00bb de la FFT est \u00e0 nouveau distingu\u00e9 pour ses courts en terre battue, son \u00e9cole de tennis, son histoire et son patrimoine b\u00e2ti, etc. Voir le document de la FFT ci-dessous :<\/p>\n<p><img loading=\"lazy\" decoding=\"async\" class=\"alignnone wp-image-2046 size-full\" src=\"https:\/\/tcreims.com\/wp-content\/uploads\/2019\/04\/fft.jpg\" alt=\"\" width=\"1493\" height=\"874\" srcset=\"https:\/\/tcreims.com\/wp-content\/uploads\/2019\/04\/fft.jpg 1493w, https:\/\/tcreims.com\/wp-content\/uploads\/2019\/04\/fft-300x176.jpg 300w, https:\/\/tcreims.com\/wp-content\/uploads\/2019\/04\/fft-768x450.jpg 768w, https:\/\/tcreims.com\/wp-content\/uploads\/2019\/04\/fft-700x410.jpg 700w, https:\/\/tcreims.com\/wp-content\/uploads\/2019\/04\/fft-600x351.jpg 600w\" sizes=\"auto, (max-width: 1493px) 100vw, 1493px\" \/><\/p>\n","protected":false},"excerpt":{"rendered":"<p>Eric Joris, Pr\u00e9sident du Comit\u00e9 Marne de Tennis, est venu remettre \u00e0 Claude Auroux, Pr\u00e9sident, et Serge Rothier Juge-Arbitre et membre du Comit\u00e9, la plaque qui sera install\u00e9e prochainement \u00e0 l\u2019entr\u00e9e.<\/p>\n","protected":false},"author":3,"featured_media":0,"parent":0,"menu_order":0,"comment_status":"closed","ping_status":"closed","template":"","meta":{"footnotes":""},"class_list":["post-2045","page","type-page","status-publish","hentry"],"jetpack_sharing_enabled":true,"jetpack_likes_enabled":true,"_links":{"self":[{"href":"https:\/\/tcreims.com\/index.php?rest_route=\/wp\/v2\/pages\/2045","targetHints":{"allow":["GET"]}}],"collection":[{"href":"https:\/\/tcreims.com\/index.php?rest_route=\/wp\/v2\/pages"}],"about":[{"href":"https:\/\/tcreims.com\/index.php?rest_route=\/wp\/v2\/types\/page"}],"author":[{"embeddable":true,"href":"https:\/\/tcreims.com\/index.php?rest_route=\/wp\/v2\/users\/3"}],"replies":[{"embeddable":true,"href":"https:\/\/tcreims.com\/index.php?rest_route=%2Fwp%2Fv2%2Fcomments&post=2045"}],"version-history":[{"count":0,"href":"https:\/\/tcreims.com\/index.php?rest_route=\/wp\/v2\/pages\/2045\/revisions"}],"wp:attachment":[{"href":"https:\/\/tcreims.com\/index.php?rest_route=%2Fwp%2Fv2%2Fmedia&parent=2045"}],"curies":[{"name":"wp","href":"https:\/\/api.w.org\/{rel}","templated":true}]}}