{"id":184,"date":"2017-05-12T15:22:52","date_gmt":"2017-05-12T13:22:52","guid":{"rendered":"http:\/\/tcreims.com\/?page_id=184"},"modified":"2025-05-17T13:53:26","modified_gmt":"2025-05-17T11:53:26","slug":"reglement-de-la-piscine","status":"publish","type":"page","link":"https:\/\/tcreims.com\/?page_id=184","title":{"rendered":"La piscine"},"content":{"rendered":"\n<h2 class=\"wp-block-heading\">Saison 2024\/2025 : Piscine ferm\u00e9e pour restauration :<\/h2>\n\n\n\n<p>Comme vous le savez, nous travaillons d&rsquo;arrache-pied \u00e0 la r\u00e9novation du club et de ses infrastructures, telles que la piscine, les courts de tennis et les b\u00e2timents.<\/p>\n\n\n\n<p>La semaine derni\u00e8re nous avons eu une r\u00e9union d\u00e9terminante avec les pouvoirs publics. \u00c9taient pr\u00e9sents les repr\u00e9sentants de la ville, du d\u00e9partement, de la pr\u00e9fecture, des b\u00e2timents de France et de la r\u00e9gion.<\/p>\n\n\n\n<p>Ce fut l&rsquo;occasion de d\u00e9fendre notre dossier aupr\u00e8s de tous et de plaider la cause de notre cher Tennis Club de Reims.<\/p>\n\n\n\n<p>Nous avons pu n\u00e9gocier <strong>1.300.000,00 d&rsquo;Euros de subvention<\/strong> pour la piscine et <strong>400.000,00 Euros pour nos terrains<\/strong>. Les autres sujets sont en cours de discussion.<\/p>\n\n\n\n<p>Nous poursuivons donc les travaux de la piscine et engageons les modalit\u00e9s d&rsquo;obtention des fonds pour attaquer la r\u00e9novation de nos terrains ext\u00e9rieurs et int\u00e9rieurs comme indiqu\u00e9 lors de notre r\u00e9union d&rsquo;information du 6 mai au sein de notre club en pr\u00e9sence de notre architecte, Rodolphe Gissinger.<\/p>\n\n\n\n<p><strong>Le planning des travaux de la piscine s\u2019\u00e9tale jusque janvier 2026 <\/strong>mais comporte un budget total de <strong>2 millions d&rsquo;Euros<\/strong>. Ce sont donc 700k Euros qui nous manquent et sur lesquels nous travaillons.\u00a0<\/p>\n\n\n\n<p>Nous avons sign\u00e9 un accord avec <strong>la fondation du patrimoine <\/strong>qui jusqu&rsquo;ici n&rsquo;a pas fonctionn\u00e9 comme nous l&rsquo;escomptions (5k Euros r\u00e9colt\u00e9s). Nous devons y rem\u00e9dier car cet accord pr\u00e9voit un abondement de 4% du projet total (2M\u20ac) pour 200k euros r\u00e9colt\u00e9s, soit 80k euros suppl\u00e9mentaires.\u00a0<\/p>\n\n\n\n<p>C\u00f4t\u00e9 club, via nos actions de sponsoring et l&rsquo;organisation de nos \u00e9v\u00e9nements, nous avons r\u00e9colt\u00e9 100k euros. Ce ne sont donc plus 700k mais 520 qu&rsquo;il nous faut aller chercher d&rsquo;ici la fin de l&rsquo;ann\u00e9e.<\/p>\n\n\n\n<p>Les leviers qui sont les n\u00f4tres sont le m\u00e9c\u00e9nat de comp\u00e9tence et le don d\u00e9fiscalis\u00e9, des entreprises partenaires et des particuliers. Ces dons sont d\u00e9fiscalis\u00e9s respectivement de 60 et 66%, de 75% pour ceux concern\u00e9s par l&rsquo;IFI. Nous comptons sur chacun, notamment en cette p\u00e9riode de d\u00e9claration.<\/p>\n\n\n\n<p>Vous avez \u00e9t\u00e9 nombreux lors de notre r\u00e9union \u00e0 vous interroger sur les montants engag\u00e9s.<\/p>\n\n\n\n<p>La piscine est inscrite au patrimoine des monuments historiques et fait l&rsquo;objet d&rsquo;un cahier des charges drastique impos\u00e9 par les b\u00e2timents de France.&nbsp;<\/p>\n\n\n\n<p>Le respect de ces exigences est une condition sine qua non \u00e0 l&rsquo;obtention des subventions.<\/p>\n\n\n\n<p>Autre condition, impos\u00e9e par la ville cette fois, la modernisation de l&rsquo;acc\u00e8s \u00e0 la piscine qui doit permettre aux personnes \u00e0 mobilit\u00e9 r\u00e9duite d&rsquo;y entrer.&nbsp;<\/p>\n\n\n\n<p>C&rsquo;est ce qui sera fait via la terrasse partant du hall, passant par le restaurant et rejoignant la piscine et ses plages.<\/p>\n\n\n\n<p>En ce qui concerne les terrains de tennis, nous avons aujourd&rsquo;hui un devis qualifi\u00e9 techniquement par la f\u00e9d\u00e9ration fran\u00e7aise de tennis \u00e0 hauteur de 90k Euros par terrain pour les 4 terrains ext\u00e9rieurs. Nous sommes toujours au c\u0153ur de l&rsquo;appel d&rsquo;offres afin de n\u00e9gocier ce co\u00fbt pour le moins on\u00e9reux.&nbsp;<\/p>\n\n\n\n<p>Ces co\u00fbts s&rsquo;expliquent par une absence d&rsquo;entretien en profondeur depuis des d\u00e9cennies (ce qui rend la maintenance aujourd&rsquo;hui des plus difficile) et par la n\u00e9cessit\u00e9 de revoir le drainage et les couches successives, sur des dizaines de centim\u00e8tres de d\u00e9caissement. N\u00e9anmoins, il doit y avoir comment faire mieux, c&rsquo;est ce que nous n\u00e9gocions.<\/p>\n\n\n\n<p>Comme vous le constatez, nos dossiers sont complexes et co\u00fbteux. Nous restons concentr\u00e9s sur l&rsquo;objectif et pr\u00e9voyons une inauguration de la piscine sur le premier trimestre 2026, une r\u00e9ouverture au printemps. De m\u00eame pour nos 4 terrains de tennis ext\u00e9rieurs et les 2 courts Schneiter qui sont aujourd&rsquo;hui les plus mal en point. Ils sont fortement d\u00e9grad\u00e9s par les intemp\u00e9ries car le toit est devenu perm\u00e9able et fragile avec le temps. C&rsquo;est donc ce probl\u00e8me l\u00e0 qu&rsquo;il nous faut r\u00e9soudre \u00e9galement.<\/p>\n\n\n\n<p>Une des solutions que nous envisageons est de d\u00e9poser une demande d&rsquo;inscription de l&rsquo;ensemble de nos b\u00e2timents&nbsp;aux monuments historiques, en particulier, le restaurant, le hall et les courts Schneiter. Ce faisant, nous b\u00e9n\u00e9ficierons de subvention de la DRAC pour leur pr\u00e9servation au m\u00eame titre que la piscine. La pr\u00e9fecture nous appuie en ce sens et nous travaillons sur ce sujet pour 2027.<\/p>\n\n\n\n<p>Ensemble, nous r\u00e9ussirons.<\/p>\n\n\n\n<p>Bien \u00e0 vous,&nbsp;<\/p>\n\n\n\n<p>Le Comit\u00e9 du Tennis Club de Reims<\/p>\n\n\n\n<figure class=\"wp-block-image size-full is-resized\"><img loading=\"lazy\" decoding=\"async\" width=\"630\" height=\"320\" src=\"https:\/\/tcreims.com\/wp-content\/uploads\/2025\/05\/logo-vectoriel-fondation-du-patrimoine.jpg\" alt=\"\" class=\"wp-image-7710\" style=\"width:608px;height:auto\" srcset=\"https:\/\/tcreims.com\/wp-content\/uploads\/2025\/05\/logo-vectoriel-fondation-du-patrimoine.jpg 630w, https:\/\/tcreims.com\/wp-content\/uploads\/2025\/05\/logo-vectoriel-fondation-du-patrimoine-300x152.jpg 300w, https:\/\/tcreims.com\/wp-content\/uploads\/2025\/05\/logo-vectoriel-fondation-du-patrimoine-600x305.jpg 600w\" sizes=\"auto, (max-width: 630px) 100vw, 630px\" \/><\/figure>\n\n\n\n<p>Don via La Fondation du Patrimoine : <a href=\"https:\/\/www.fondation-patrimoine.org\/les-projets\/piscine-du-tennis-club-de-reims\/79467\">https:\/\/www.fondation-patrimoine.org\/les-projets\/piscine-du-tennis-club-de-reims\/79467<\/a><\/p>\n\n\n\n<p><\/p>\n\n\n\n<p>Don via HelloAsso : <a href=\"https:\/\/www.helloasso.com\/associations\/tennis-club-de-reims\/formulaires\/1\">https:\/\/www.helloasso.com\/associations\/tennis-club-de-reims\/formulaires\/1<\/a><\/p>\n\n\n\n<h2 class=\"wp-block-heading\">Saison 2024 : ouverture le mercredi 08 mai 2024<\/h2>\n\n\n\n<figure class=\"wp-block-gallery has-nested-images columns-default is-cropped wp-block-gallery-1 is-layout-flex wp-block-gallery-is-layout-flex\">\n<figure class=\"wp-block-image size-large\"><img loading=\"lazy\" decoding=\"async\" width=\"700\" height=\"875\" data-id=\"7180\" src=\"https:\/\/tcreims.com\/wp-content\/uploads\/2024\/05\/438146362_18089752540433935_6991554508996346247_n-1-700x875.jpg\" alt=\"\" class=\"wp-image-7180\" srcset=\"https:\/\/tcreims.com\/wp-content\/uploads\/2024\/05\/438146362_18089752540433935_6991554508996346247_n-1-700x875.jpg 700w, https:\/\/tcreims.com\/wp-content\/uploads\/2024\/05\/438146362_18089752540433935_6991554508996346247_n-1-240x300.jpg 240w, https:\/\/tcreims.com\/wp-content\/uploads\/2024\/05\/438146362_18089752540433935_6991554508996346247_n-1-768x960.jpg 768w, https:\/\/tcreims.com\/wp-content\/uploads\/2024\/05\/438146362_18089752540433935_6991554508996346247_n-1-600x750.jpg 600w, https:\/\/tcreims.com\/wp-content\/uploads\/2024\/05\/438146362_18089752540433935_6991554508996346247_n-1-1229x1536.jpg 1229w, https:\/\/tcreims.com\/wp-content\/uploads\/2024\/05\/438146362_18089752540433935_6991554508996346247_n-1.jpg 1440w\" sizes=\"auto, (max-width: 700px) 100vw, 700px\" \/><\/figure>\n\n\n\n<figure class=\"wp-block-image size-large\"><img loading=\"lazy\" decoding=\"async\" width=\"700\" height=\"875\" data-id=\"7181\" src=\"https:\/\/tcreims.com\/wp-content\/uploads\/2024\/05\/441154379_18089752519433935_2870797172863976513_n-1-1-700x875.jpg\" alt=\"\" class=\"wp-image-7181\" srcset=\"https:\/\/tcreims.com\/wp-content\/uploads\/2024\/05\/441154379_18089752519433935_2870797172863976513_n-1-1-700x875.jpg 700w, https:\/\/tcreims.com\/wp-content\/uploads\/2024\/05\/441154379_18089752519433935_2870797172863976513_n-1-1-240x300.jpg 240w, https:\/\/tcreims.com\/wp-content\/uploads\/2024\/05\/441154379_18089752519433935_2870797172863976513_n-1-1-768x960.jpg 768w, https:\/\/tcreims.com\/wp-content\/uploads\/2024\/05\/441154379_18089752519433935_2870797172863976513_n-1-1-600x750.jpg 600w, https:\/\/tcreims.com\/wp-content\/uploads\/2024\/05\/441154379_18089752519433935_2870797172863976513_n-1-1-1229x1536.jpg 1229w, https:\/\/tcreims.com\/wp-content\/uploads\/2024\/05\/441154379_18089752519433935_2870797172863976513_n-1-1.jpg 1440w\" sizes=\"auto, (max-width: 700px) 100vw, 700px\" \/><\/figure>\n\n\n\n<figure class=\"wp-block-image size-large\"><img loading=\"lazy\" decoding=\"async\" width=\"700\" height=\"875\" data-id=\"7182\" src=\"https:\/\/tcreims.com\/wp-content\/uploads\/2024\/05\/441155047_18089752531433935_7001272889943688114_n-1-700x875.jpg\" alt=\"\" class=\"wp-image-7182\" srcset=\"https:\/\/tcreims.com\/wp-content\/uploads\/2024\/05\/441155047_18089752531433935_7001272889943688114_n-1-700x875.jpg 700w, https:\/\/tcreims.com\/wp-content\/uploads\/2024\/05\/441155047_18089752531433935_7001272889943688114_n-1-240x300.jpg 240w, https:\/\/tcreims.com\/wp-content\/uploads\/2024\/05\/441155047_18089752531433935_7001272889943688114_n-1-768x960.jpg 768w, https:\/\/tcreims.com\/wp-content\/uploads\/2024\/05\/441155047_18089752531433935_7001272889943688114_n-1-600x750.jpg 600w, https:\/\/tcreims.com\/wp-content\/uploads\/2024\/05\/441155047_18089752531433935_7001272889943688114_n-1-1229x1536.jpg 1229w, https:\/\/tcreims.com\/wp-content\/uploads\/2024\/05\/441155047_18089752531433935_7001272889943688114_n-1.jpg 1440w\" sizes=\"auto, (max-width: 700px) 100vw, 700px\" \/><\/figure>\n<\/figure>\n\n\n<p><a href=\"https:\/\/tcreims.com\/?attachment_id=186\" rel=\"attachment wp-att-186\"><img loading=\"lazy\" decoding=\"async\" class=\"alignnone wp-image-186 \" src=\"https:\/\/tcreims.com\/wp-content\/uploads\/2017\/05\/50b13e_6a6e529254784baa83706f234ea5fb6c-mv2-e1495900824189-700x162.png\" alt=\"\" width=\"540\" height=\"125\" srcset=\"https:\/\/tcreims.com\/wp-content\/uploads\/2017\/05\/50b13e_6a6e529254784baa83706f234ea5fb6c-mv2-e1495900824189-700x162.png 700w, https:\/\/tcreims.com\/wp-content\/uploads\/2017\/05\/50b13e_6a6e529254784baa83706f234ea5fb6c-mv2-e1495900824189.png 766w\" sizes=\"auto, (max-width: 540px) 100vw, 540px\" \/><\/a><\/p>\n<ul>\n<li><a href=\"https:\/\/tcreims.com\/wp-content\/uploads\/2017\/05\/inscription-inventaire-sup.jpg\">Inscription \u00e0 l&rsquo;Inventaire des Monuments Historiques<\/a><\/li>\n<li><a href=\"https:\/\/tcreims.com\/?page_id=538\">Le r\u00e8glement de la piscine<\/a><\/li>\n<\/ul>\n<p><img loading=\"lazy\" decoding=\"async\" class=\"alignnone wp-image-581 size-full\" src=\"https:\/\/tcreims.com\/wp-content\/uploads\/2017\/05\/reglement2-e1495900865304.jpg\" alt=\"\" width=\"551\" height=\"717\" \/><\/p>\n<h2>Actualit\u00e9s 2017<\/h2>\n<p><blockquote class=\"wp-embedded-content\" data-secret=\"QM9letMHmM\"><a href=\"https:\/\/tcreims.com\/?p=926\">Le TCR participe aux JEP 2017 samedi 16 et dimanche 17<\/a><\/blockquote><iframe loading=\"lazy\" class=\"wp-embedded-content\" sandbox=\"allow-scripts\" security=\"restricted\" style=\"position: absolute; visibility: hidden;\" title=\"\u00ab\u00a0Le TCR participe aux JEP 2017 samedi 16 et dimanche 17\u00a0\u00bb &#8212; Tennis Club de Reims\" src=\"https:\/\/tcreims.com\/?p=926&#038;embed=true#?secret=uw03sbO3OR#?secret=QM9letMHmM\" data-secret=\"QM9letMHmM\" width=\"600\" height=\"338\" frameborder=\"0\" marginwidth=\"0\" marginheight=\"0\" scrolling=\"no\"><\/iframe><\/p>","protected":false},"excerpt":{"rendered":"<p>Saison 2024\/2025 : Piscine ferm\u00e9e pour restauration : Comme vous le savez, nous travaillons d&rsquo;arrache-pied \u00e0 la r\u00e9novation du club et de ses infrastructures, telles que la piscine, les courts de<\/p>\n","protected":false},"author":7,"featured_media":0,"parent":0,"menu_order":0,"comment_status":"closed","ping_status":"closed","template":"","meta":{"jetpack_post_was_ever_published":false,"footnotes":""},"class_list":["post-184","page","type-page","status-publish","hentry"],"jetpack_sharing_enabled":true,"jetpack_likes_enabled":true,"_links":{"self":[{"href":"https:\/\/tcreims.com\/index.php?rest_route=\/wp\/v2\/pages\/184","targetHints":{"allow":["GET"]}}],"collection":[{"href":"https:\/\/tcreims.com\/index.php?rest_route=\/wp\/v2\/pages"}],"about":[{"href":"https:\/\/tcreims.com\/index.php?rest_route=\/wp\/v2\/types\/page"}],"author":[{"embeddable":true,"href":"https:\/\/tcreims.com\/index.php?rest_route=\/wp\/v2\/users\/7"}],"replies":[{"embeddable":true,"href":"https:\/\/tcreims.com\/index.php?rest_route=%2Fwp%2Fv2%2Fcomments&post=184"}],"version-history":[{"count":2,"href":"https:\/\/tcreims.com\/index.php?rest_route=\/wp\/v2\/pages\/184\/revisions"}],"predecessor-version":[{"id":7711,"href":"https:\/\/tcreims.com\/index.php?rest_route=\/wp\/v2\/pages\/184\/revisions\/7711"}],"wp:attachment":[{"href":"https:\/\/tcreims.com\/index.php?rest_route=%2Fwp%2Fv2%2Fmedia&parent=184"}],"curies":[{"name":"wp","href":"https:\/\/api.w.org\/{rel}","templated":true}]}}