{"id":136,"date":"2017-05-10T12:19:49","date_gmt":"2017-05-10T10:19:49","guid":{"rendered":"http:\/\/tcreims.com\/?page_id=136"},"modified":"2021-02-24T20:20:20","modified_gmt":"2021-02-24T19:20:20","slug":"la-piscine-et-le-patrimoine-au-tennis-club-de-reims","status":"publish","type":"page","link":"https:\/\/tcreims.com\/?page_id=136","title":{"rendered":"Le patrimoine historique du Tennis Club"},"content":{"rendered":"<ul>\n<li class=\"font_2\">La piscine I.M.H. et le patrimoine du T.C.R. comment\u00e9s pour les JEP 2014-2016<br \/>\n(Journ\u00e9es Europ\u00e9ennes du Patrimoine).<\/li>\n<li class=\"font_2\"><a href=\"https:\/\/tcreims.com\/?page_id=159\">Expo permanente dans la galerie d&rsquo;accueil<\/a><\/li>\n<\/ul>\n<h2>La piscine I.M.H. et le patrimoine du T.C.R. comment\u00e9s pour les JEP 2014-2016 (Journ\u00e9es Europ\u00e9ennes du Patrimoine) (v.4.1 JJV)<\/h2>\n<h3>1\u00b0 &#8211; Piscine \u00e0 pergola inscrite aux Monuments historiques<br \/>\n<i>Le b\u00e2timent le plus connu du TCR\u00a0! mais pas le seul remarquable\u2026<\/i><\/h3>\n<h4><b>Construction, inauguration\u00a0:<\/b><\/h4>\n<p>par l\u2019architecte Jacques Rapin en 1922-23 [pas de permis de cons<img loading=\"lazy\" decoding=\"async\" class=\"alignright wp-image-487 ml-lightbox-enabled\" src=\"https:\/\/tcreims.com\/wp-content\/uploads\/2017\/05\/piscine11-300x279.jpg\" alt=\"\" width=\"247\" height=\"230\" \/>truire retrouv\u00e9], qui a beaucoup travaill\u00e9 \u00e0 la reconstruction de Reims, ex. boulevard de la Paix, (ancien Automobile Club\/Clinique Courlancy) cf. les r\u00e9pertoires du livre-inventaire d\u2019O. Rigaud et M. Bedarida en 1988.<\/p>\n<p>Inauguration politico-mondaine les <strong>21-23 sept<\/strong>. <strong>1923\u00a0par<\/strong> <strong>Andr\u00e9 Tardieu<\/strong>\u00a0: Commissaire aux Affaires franco-am\u00e9ricaines\u00a0et promoteur de l\u2019entr\u00e9e en guerre des E-U en 1916-17 avec Melchior de Polignac (Maison Pommery)\u00a0comme lobbyiste\u00a0; devenu collaborateur de Cl\u00e9menceau pour le Trait\u00e9 de Versailles, Tardieu perd sa d\u00e9putation aux \u00e9lections de 24 mais sera Pr\u00e9sident du Conseil dans les ann\u00e9es 1929-32&#8230;<\/p>\n<h4><b>Caract\u00e9ristiques\u00a0:<\/b><\/h4>\n<ul>\n<li>Piscine dans le \u00ab\u00a0style de bains romains\u00a0\u00bb avec <strong>colonnade<\/strong> (cf. d\u00e9couvertes romaines \u00e0 Timgad, vers 1900-1920, en Alg\u00e9rie\u2026)<\/li>\n<li><strong>Sports nautiques<\/strong>: water-polo, plongeon (grand plongeoir, solarium). Apr\u00e8s 14-18, un id\u00e9al de l\u2019olympisme est de forger les corps pour concurrencer l\u2019Allemagne&#8230; le TCR est un prolongement du Parc Pommery et du coll\u00e8ge d\u2019athl\u00e8tes d\u00e9truits apr\u00e8s 14-18.<\/li>\n<li>Inscription \u00e0 <strong>l\u2019Inventaire des Monuments Historiques (IMH en 2001 cf. notice J. Fusier Drac)<\/strong> de l\u2019ensemble de la piscine\u00a0: deux bassins avec d\u00e9cor de bandeaux de mosa\u00efques, pergola, colonnes avec jardini\u00e8res et bancs, sols et murs \u00e0 panneaux.<\/li>\n<\/ul>\n<h4><b>\u00c9volutions, avenir :<\/b><\/h4>\n<ul>\n<li>Ann\u00e9es 20-30\u00a0: concerts, spectacles autour de la piscine (documents Druart aux archives des Amis du Vieux Reims)<\/li>\n<li>Ann\u00e9es 1980\u00a0: Olivier Rigaud pour la Ville de Reims signale la piscine dans le patrimoine municipal de la Reconstruction : <strong> plaque \u00e0 l\u2019entr\u00e9e, rue Lagrive\u00a0; n\u00b041 du livre-inventaire de 1988. <\/strong>Et en 2015\u00a0: un <strong>Itin\u00e9raire <\/strong>\u00ab\u00a0Reconstruction franco-am\u00e9ricaine \u00e0 Reims\u00a0\u00bb.<\/li>\n<li>Difficult\u00e9s des travaux d\u2019entretien-restauration\u00a0: surtout le sol des \u00ab\u00a0plages\u00a0\u00bb et de son poutrage en b\u00e9ton (proc\u00e9d\u00e9 Hennebique), ainsi que les bandeaux de mosa\u00efque du bassin. La piscine du TCR est un exemple remarquable de l\u2019utilisation du b\u00e9ton arm\u00e9 (mais sur quel sol ou remblais en 1922 ?). La vigne-vierge fait maintenant partie du d\u00e9cor (\u00e0 l\u2019origine\u00a0: des rosiers\u2026\u00a0?)<\/li>\n<li><strong>IMH<\/strong> = <strong>20 \u00e0 30 % d\u2019aides de l\u2019\u00c9tat pour des travaux <\/strong>(diff\u00e9rent du classement MH = 50 %). <strong>M\u00e9c\u00e9nat <\/strong>\u00e0 trouver gr\u00e2ce \u00e0 la <strong>Fondation du Patrimoine <\/strong>et autres donateurs\u00a0: la d\u00e9marche est engag\u00e9e\u2026<\/li>\n<\/ul>\n<h3><b>2\u00b0 &#8211; Le jardin du TCR, de la rue Lagrive au boulevard Pasteur,<\/b> <b><i>une cr\u00e9ation d\u2019\u00c9douard Redont.<\/i><\/b><\/h3>\n<p><strong>Patrimoine \u00ab\u00a0naturel\/culturel\u00a0\u00bb<\/strong>, c\u2019est le th\u00e8me annuel 2014 des JEP\u00a0; au TCR, \u00c9douard Redont, c\u00e9l\u00e8bre architecte-paysagiste des ann\u00e9es 1900 (Parc Pommery, etc.), a con\u00e7u l\u2019espace vert, les courts et le club-house du TCR\u00a0!<\/p>\n<p>Avant 14-18, c\u2019\u00e9tait le \u00ab\u00a0parc Luzzani\u00a0\u00bb, entrepreneur de transport, en bordure ext\u00e9rieure du boulevard de l\u2019ancien rempart de la ville (depuis la guerre de Cent Ans, 1358\u00a0; d\u00e9molition 1848 \/1880\u2026). <em>Les Coutures<\/em>, c\u2019est un ancien endroit cultiv\u00e9. Naissance de l\u2019ilot\u00a0: voir une carte postale ancienne d\u2019Olivier Rigaud, une vue a\u00e9rienne du d\u00e9but de 1914. De l\u2019\u00e9poque de Redont, il doit rester\u00a0dans le jardin :<\/p>\n<p>\u2013 les <strong>deux grands h\u00eatres rouges<\/strong> (comme ceux de la Patte d\u2019Oie, cot\u00e9 commissariat), arbres d\u00e9coratifs qu\u2019aimait bien Redont\u2026<br \/>\n\u2013 l\u2019<strong>alignement d\u2019\u00e9rables devant le court 1. <\/strong>L\u2019all\u00e9e centrale plant\u00e9e c\u00f4t\u00e9 boulevard Pasteur est des ann\u00e9es 1950\u00a0: identification \/ datation en cours gr\u00e2ce aux services de la Ville de Reims. Des photos du club vers 1925 montrent les d\u00e9buts du parc et des plantations.<\/p>\n<p>\u00c9volutions plus r\u00e9centes de l\u2019espace vert\u00a0qui pourrait devenir un \u00ab\u00a0espace bois\u00e9 class\u00e9\u00a0\u00bb :<\/p>\n<p>\u2013 ann\u00e9es 1955-60\u00a0: la <strong>grande vigne- vierge<\/strong> des courts couverts Andr\u00e9 Schneiter\u00a0: grande dimension des troncs\u00a0!<br \/>\n\u00ad ann\u00e9es 1970\u00a0: la <strong>pelouse<\/strong> est plant\u00e9e (espace vide avant\u00a0?) avec un grand gen\u00e9vrier rampant\u00a0; magnolia et c\u00e8dre pas tr\u00e8s vigoureux ni tr\u00e8s int\u00e9gr\u00e9s \u00e0 l\u2019ensemble de la vue et de l\u2019espace\u2026<br \/>\n\u2013 ann\u00e9es 1980\u00a0: massif et c\u00e9p\u00e9e de peupliers du nouveau court 7\u00a0plant\u00e9s par Pierre Langlet&#8230;<\/p>\n<h3><b>3\u00b0 &#8211; Le club-house de 1922\u00a0: <\/b> <i>construit aussi par \u00c9douard Redont<\/i><\/h3>\n<p>\u2013 <strong>dans le style cottage (cf. les pavillons du Parc Pommery<\/strong>\u00a0; peut-\u00eatre aussi avec le concours de l\u2019architecte Ernest Kalas pour l\u2019int\u00e9rieur). Particularit\u00e9s\u00a0: fa\u00e7ade surmont\u00e9e d\u2019un <strong>balcon-terrasse (disparu)<\/strong>, <strong>puits de lumi\u00e8re et chemin\u00e9e<\/strong> pour le grand salon, <strong>mezzanine<\/strong> avec balustrade et boiseries. On connait bien le projet du b\u00e2timent gr\u00e2ce au permis de construire conserv\u00e9 aux Archives municipales.<\/p>\n<p>\u2013 prolongement, entre le club-house et le hall des courts couverts charpent\u00e9s, par une <strong>petite galerie en bois semi-ouverte<\/strong> comme celles du Parc Pommery avec les vestiaires \u00e0 l\u2019arri\u00e8re (partie agrandie en 1956 et en 1968)\u00a0: galerie qui est aujourd\u2019hui le vestibule d\u2019accueil et le secr\u00e9tariat et abrite sur ses murs les inscriptions comm\u00e9moratives grav\u00e9es.<\/p>\n<h3><b>4\u00b0 &#8211; L\u2019inscription de fondation et les autres plaques-souvenir<\/b><\/h3>\n<p><img loading=\"lazy\" decoding=\"async\" class=\"alignleft wp-image-524 ml-lightbox-enabled\" src=\"https:\/\/tcreims.com\/wp-content\/uploads\/2017\/05\/P1170067b-271x300.jpg\" alt=\"\" width=\"280\" height=\"310\" srcset=\"https:\/\/tcreims.com\/wp-content\/uploads\/2017\/05\/P1170067b-271x300.jpg 271w, https:\/\/tcreims.com\/wp-content\/uploads\/2017\/05\/P1170067b.jpg 2000w\" sizes=\"auto, (max-width: 280px) 100vw, 280px\" \/><\/p>\n<p>\u2013 <strong>La grande inscription de 1921-23<\/strong> est s\u00fbrement \u00e0 sa place initiale au bout de la galerie vers les anciens courts couverts charpent\u00e9s\u00a0; elle perp\u00e9tue une tradition de grandes inscriptions romaines qu\u2019il faut d\u00e9chiffrer\u00a0: abr\u00e9viations, pr\u00e9noms, g\u00e9n\u00e9alogies, carri\u00e8res\u2026 Fondation du TCR gr\u00e2ce au <strong>Comit\u00e9 Am\u00e9ricain des R\u00e9gions D\u00e9vast\u00e9es <\/strong>et aux membres fondateurs\u00a0: deux donatrices et pr\u00e9sidentes am\u00e9ricaines\u00a0: Mme Dike et Mlle Morgan et de nombreux bienfaiteurs, ex.\u00a0: Charbonneaux (verrerie et Foyer R\u00e9mois), Heidsieck, Bertrand de Mun, l\u2019architecte Rapin, Vitry (cf. son album sportif conserv\u00e9 au TCR), etc.<strong> et bien s\u00fbr la famille Polignac\u00a0: <\/strong><\/p>\n<p>\u2013 Le c\u00e9l\u00e8bre marquis <strong>Melchior de Polignac<\/strong>, (fils et patron de la Maison Pommery, 1880-1950), fondateur du Parc Pommery, des semaines de l\u2019aviation \u00e0 Reims, du Comit\u00e9 International Olympique, etc. Il est le <strong>pr\u00e9sident-fondateur d\u2019honneur<\/strong> du club.<br \/>\nLe champagne Pommery se vend bien aux USA malgr\u00e9 la prohibition. Melchior de Polignac aide <strong>Andr\u00e9 Tardieu,<\/strong> qui inaugurera la piscine, \u00e0 faire entrer les Am\u00e9ricains dans la guerre en 1917. En 1941-44, Melchior collabore avec les diverses autorit\u00e9s allemandes et les aide \u00e0 acheter et d\u00e9tourner la production champenoise\u2026 Sa s\u0153ur, la princesse Diane de Polignac est la veuve d\u2019Henri, son cousin qui est mort \u00e0 Auberive d\u00e8s 1915.<br \/>\n\u2013 Le <strong>comte Maxence<\/strong> <strong>(1892-1963), d\u2019une autre branche Polignac, est le jeune pr\u00e9sident du TCR \u00e0 30 ans<\/strong>. Il est le <strong>fr\u00e8re de Pierre de Polignac devenu prince de Monaco<\/strong> et p\u00e8re de <strong>Rainier<\/strong> <strong>(1923<\/strong>-2005). Voir la <strong>plaque comm\u00e9morative de Maxence de Polignac<\/strong> dans le vestibule (L\u00e9gion d\u2019honneur, Croix de guerre 14-18) inaugur\u00e9e par Jean Taittinger en 1973. Les autres plaques comm\u00e9moratives sont :<br \/>\n\u2013 La plaque des <strong>camarades<\/strong> <strong>victimes de la guerre 39-45<\/strong> (dont deux r\u00e9sistants ex\u00e9cut\u00e9s : Jacques Detr\u00e9 et Andr\u00e9 Schneiter)\u00a0;<br \/>\n\u2013 La plaque de l\u2019<strong>inauguration des courts couverts\u00a0\u00ab\u00a0Andr\u00e9 Schneiter\u00a0\u00bb<\/strong> avec les donateurs sur la fa\u00e7ade des courts 8 et 9. Un autre r\u00e9sistant r\u00e9mois c\u00e9l\u00e9br\u00e9, Pierre Bouchez, a \u00e9t\u00e9 pr\u00e9sident du TCR en 1934-43 et en 1949-50.<\/p>\n<h3><b>5\u00b0 &#8211; La qualit\u00e9 du hall en b\u00e9ton arm\u00e9 des courts 8 et 9 de 1955<\/b><\/h3>\n<p>10 ans apr\u00e8s la destruction des deux courts couverts charpent\u00e9s d\u2019\u00c9douard Redont, la reconstruction d\u2019un <strong>hall par Jacques Herb\u00e9 et les fr\u00e8res Maurice et Guy Galloy<\/strong>, tous les trois tennismen, est <strong>une r\u00e9ussite qui dure<\/strong>\u00a0: il suffit d\u2019entrer sur ces courts 8 et 9 pour le constater\u00a0! Ce hall a sa place dans la s\u00e9rie des b\u00e2timents r\u00e9mois en b\u00e9ton arm\u00e9 (assez souvent r\u00e9alis\u00e9s par Demay fr\u00e8res)\u00a0: charpentes de la cath\u00e9drale par Deneux, halles de Reims, hangar de la BA 112, etc. Quelques d\u00e9t\u00e9riorations \u00e0 la base des piliers apparaissent\u00a0; la toiture-verri\u00e8re est devenue moins \u00e9tanche\u2026<br \/>\nLe hall porte le nom d\u2019<strong>Andr\u00e9 Schneiter<\/strong>, jeune tennisman du TCR (1914-1944), militaire r\u00e9sistant de l\u2019A.S. Il est arr\u00eat\u00e9 en juillet et fusill\u00e9 en ao\u00fbt 1944 dans les Ardennes, peu avant le 30 ao\u00fbt. La grande vigne vierge, plant\u00e9e vraisemblablement en 1956-7, semble faire maintenant partie du b\u00e2timent, beau mur v\u00e9g\u00e9tal m\u00eame si ce n\u2019est pas tr\u00e8s bon pour la toiture et la conservation du b\u00e2timent\u2026<\/p>\n<p><b>6\u00b0 &#8211; Un bel exemple d\u2019\u00e9volution architecturale pour les courts couverts:<\/b><\/p>\n<p>\u2013 Le b\u00e2timent le <strong>plus ancien a disparu<\/strong> (d\u00e9truit en 1945-46 mais\u00a0dans quelles circonstances\u00a0? d\u00e9p\u00f4t am\u00e9ricain de carburants\u00a0?)\u00a0: c\u2019\u00e9tait le hall en charpente de bois (ch\u00eane et pin) seulement connu par quelques photos et le permis de construire de <strong>1922<\/strong> d\u00e9pos\u00e9 par Redont. Ce devait \u00eatre une belle r\u00e9alisation\u2026. Comparaisons \u00e0 chercher ailleurs (TC Troyes\u00a0: ancien hall \u00e0 dirigeables r\u00e9utilis\u00e9). <strong>En 1955, le hall en b\u00e9ton de Herb\u00e9-Galloy remplace ce b\u00e2timent en bois d\u00e9truit 10 ans avant.<\/strong><\/p>\n<p>\u2013 <strong>1979-80<\/strong>, le hall type hangar (projet et permis de construire\u00a0: F. Dravigny \u2013 N. Rouzeau) mais avec une <strong>toiture arrondie<\/strong> pour am\u00e9liorer son insertion, \u00e0 la demande de la Ville et de son architecte-urbaniste G. Henry.<br \/>\n\u2013 Le <strong>hall le plus moderne<\/strong> en structures m\u00e9talliques (<strong>2001-2006<\/strong>)\u2026 mais sujet \u00e0 des probl\u00e8mes d\u2019a\u00e9ration-condensation.<\/p>\n<p>Tous ces b\u00e2timents couvrant des courts de tennis ont une bonne insertion dans le paysage urbain et l\u2019espace vert. La qualit\u00e9 de la fa\u00e7ade et de l\u2019espace int\u00e9rieur du hall en b\u00e9ton arm\u00e9 de J. Herb\u00e9 et de M. et G. Galloy ainsi que le souci des d\u00e9tails pour ses ouvertures et a\u00e9rations sont sans \u00e9quivalent en 1955 et encore aujourd\u2019hui\u00a0! Le mur v\u00e9g\u00e9tal y compris, m\u00eame masquant un peu la structure\u2026<\/p>\n<p><b>7\u00b0 &#8211; Le patrimoine du TCR\u00a0: histoire du club, culture sportive et architecturale, n\u00e9cessit\u00e9s \u00e9conomiques.<\/b><\/p>\n<p>\u2013 <strong>Cette premi\u00e8re participation du TCR aux Journ\u00e9es du Patrimoine, en 2014 puis en 2015,<\/strong> <strong>exprime le<\/strong> <strong>souhait de<\/strong> <strong>montrer la qualit\u00e9 de cet espace <\/strong>et de ses b\u00e2timents historiques en pleine ville\u00a0; d\u2019expliquer aussi \u00e0 tous qu\u2019entretenir et restaurer, le mieux possible et dans les cadres institutionnels, un tel patrimoine b\u00e2ti et culturel est une lourde responsabilit\u00e9 pour un club et des b\u00e9n\u00e9voles.<br \/>\n\u2013 <strong>Le Patrimoine du TCR, c\u2019est aussi la relecture des documents anciens<\/strong> (permis de construire conserv\u00e9s aux Archives municipales, photos, articles de presse, etc.\u00a0; des <strong>souvenirs<\/strong> \u00e9crits ou oraux, des <strong>t\u00e9moignages<\/strong> \u00e0 recueillir, des d\u00e9marches \u00e0 faire et des partenariats\u2026Un \u00ab\u00a0lieu de m\u00e9moire\u00a0\u00bbavec un patrimoine toujours vivant depuis 1914, lieu qui t\u00e9moigne encore de la coop\u00e9ration franco-am\u00e9ricaine et de l\u2019aide des \u00c9tats-Unis \u00e0 la Reconstruction de Reims\u00a0(collaboration du TCR avec Sciences Po et l\u2019UFR STAPS, parcours urbain en cours de r\u00e9alisation par la Ville, parc Pommery\u2026). Reconstituer petit \u00e0 petit <strong>les Archives num\u00e9riques partageables<\/strong> <strong>du TCR<\/strong> est une activit\u00e9 et un outil pour le club et l\u2019histoire urbaine et culturelle de Reims.<\/p>\n","protected":false},"excerpt":{"rendered":"<p>La piscine I.M.H. et le patrimoine du T.C.R. comment\u00e9s pour les JEP 2014-2016 (Journ\u00e9es Europ\u00e9ennes du Patrimoine). Expo permanente dans la galerie d&rsquo;accueil La piscine I.M.H. et le patrimoine du T.C.R.<\/p>\n","protected":false},"author":7,"featured_media":0,"parent":0,"menu_order":0,"comment_status":"closed","ping_status":"closed","template":"","meta":{"jetpack_post_was_ever_published":false,"footnotes":""},"class_list":["post-136","page","type-page","status-publish","hentry"],"jetpack_sharing_enabled":true,"jetpack_likes_enabled":true,"_links":{"self":[{"href":"https:\/\/tcreims.com\/index.php?rest_route=\/wp\/v2\/pages\/136","targetHints":{"allow":["GET"]}}],"collection":[{"href":"https:\/\/tcreims.com\/index.php?rest_route=\/wp\/v2\/pages"}],"about":[{"href":"https:\/\/tcreims.com\/index.php?rest_route=\/wp\/v2\/types\/page"}],"author":[{"embeddable":true,"href":"https:\/\/tcreims.com\/index.php?rest_route=\/wp\/v2\/users\/7"}],"replies":[{"embeddable":true,"href":"https:\/\/tcreims.com\/index.php?rest_route=%2Fwp%2Fv2%2Fcomments&post=136"}],"version-history":[{"count":0,"href":"https:\/\/tcreims.com\/index.php?rest_route=\/wp\/v2\/pages\/136\/revisions"}],"wp:attachment":[{"href":"https:\/\/tcreims.com\/index.php?rest_route=%2Fwp%2Fv2%2Fmedia&parent=136"}],"curies":[{"name":"wp","href":"https:\/\/api.w.org\/{rel}","templated":true}]}}