{"id":1192,"date":"2017-12-14T16:28:03","date_gmt":"2017-12-14T15:28:03","guid":{"rendered":"http:\/\/tcreims.com\/?page_id=1192"},"modified":"2025-05-20T16:54:44","modified_gmt":"2025-05-20T14:54:44","slug":"groupes-elite-espoirs-de-pheng","status":"publish","type":"page","link":"https:\/\/tcreims.com\/?page_id=1192","title":{"rendered":"Cours Collectifs Adultes"},"content":{"rendered":"\n<p><\/p>\n\n\n\n<h2 class=\"wp-block-heading has-tertiary-color has-text-color\">Envie de Progresser ?  Optez pour les formules Cours Collectifs Adultes !!<\/h2>\n\n\n\n<p><em><strong>4 Formules au choix&nbsp;:<\/strong><\/em><\/p>\n\n\n\n<ul class=\"wp-block-list\">\n<li><em><strong>Formule Adultes <\/strong><\/em>&nbsp;: groupe de 4 joueurs &#8211; 30 s\u00e9ances d\u20191h \u2013 770\u20ac.<\/li>\n\n\n\n<li><strong><em>Formule Intensive Adultes <\/em><\/strong>&nbsp;: groupe de 4 joueurs \u2013 30 s\u00e9ances de 2 heures  ou 60 s\u00e9ances d&rsquo;1 h \u2013 1 550 \u20ac<\/li>\n\n\n\n<li><strong><em>Formule \u00c9tudiants\u00a0:<\/em><\/strong> groupe de 4 joueurs &#8211; 30 s\u00e9ances d\u20191h \u2013 510\u20ac.<\/li>\n\n\n\n<li><strong><em>Formule Intensive \u00c9tudiants  :<\/em><\/strong> groupe de 4 joueurs &#8211; 30 s\u00e9ances de 2 heures ou s\u00e9ances d&rsquo;1 h &#8211; 765 \u20ac.<\/li>\n<\/ul>\n\n\n\n<p><strong>Pr\u00e9paration Physique le vendredi \u00e0 19h.<\/strong><\/p>\n\n\n\n<p><strong> Championnat interne&nbsp;<\/strong>: matchs libres &#8211; poules octobre \u00e0 avril.<\/p>\n\n\n\n<p><\/p>\n\n\n\n<p><\/p>\n\n\n\n<p>Fiche d&rsquo;inscription : <\/p>\n\n\n\n<div data-wp-interactive=\"core\/file\" class=\"wp-block-file\"><object data-wp-bind--hidden=\"!state.hasPdfPreview\" hidden class=\"wp-block-file__embed\" data=\"https:\/\/tcreims.com\/wp-content\/uploads\/2025\/05\/Cours-collectifs-adultes-Saison-2025-2026-6.pdf\" type=\"application\/pdf\" style=\"width:100%;height:600px\" aria-label=\"Contenu embarqu\u00e9 Cours collectifs adultes Saison 2025-2026-6.\"><\/object><a id=\"wp-block-file--media-5d5e1a30-30c0-4b50-ac15-453c5f58dfb0\" href=\"https:\/\/tcreims.com\/wp-content\/uploads\/2025\/05\/Cours-collectifs-adultes-Saison-2025-2026-6.pdf\">Cours collectifs adultes Saison 2025-2026-6<\/a><a href=\"https:\/\/tcreims.com\/wp-content\/uploads\/2025\/05\/Cours-collectifs-adultes-Saison-2025-2026-6.pdf\" class=\"wp-block-file__button wp-element-button\" download aria-describedby=\"wp-block-file--media-5d5e1a30-30c0-4b50-ac15-453c5f58dfb0\">T\u00e9l\u00e9charger<\/a><\/div>\n\n\n\n<p><strong><em>Au plaisir de vous accueillir pour la prochaine saison sportive !&nbsp;&nbsp; &nbsp;&nbsp;<\/em><\/strong><\/p>\n\n\n\n<figure class=\"wp-block-image size-full is-resized\"><img loading=\"lazy\" decoding=\"async\" width=\"640\" height=\"83\" src=\"https:\/\/tcreims.com\/wp-content\/uploads\/2025\/05\/Colorful-Illustrative-Back-To-School-Flyer-1080-x-1080-px-1920-x-250-px-1920-x-250-mm1.png\" alt=\"\" class=\"wp-image-7706\" style=\"width:1164px;height:auto\" srcset=\"https:\/\/tcreims.com\/wp-content\/uploads\/2025\/05\/Colorful-Illustrative-Back-To-School-Flyer-1080-x-1080-px-1920-x-250-px-1920-x-250-mm1.png 640w, https:\/\/tcreims.com\/wp-content\/uploads\/2025\/05\/Colorful-Illustrative-Back-To-School-Flyer-1080-x-1080-px-1920-x-250-px-1920-x-250-mm1-300x39.png 300w, https:\/\/tcreims.com\/wp-content\/uploads\/2025\/05\/Colorful-Illustrative-Back-To-School-Flyer-1080-x-1080-px-1920-x-250-px-1920-x-250-mm1-600x78.png 600w\" sizes=\"auto, (max-width: 640px) 100vw, 640px\" \/><\/figure>\n\n\n\n<p><\/p>\n\n\n\n<p><\/p>\n","protected":false},"excerpt":{"rendered":"<p>Envie de Progresser ? Optez pour les formules Cours Collectifs Adultes !! 4 Formules au choix&nbsp;: Pr\u00e9paration Physique le vendredi \u00e0 19h. Championnat interne&nbsp;: matchs libres &#8211; poules octobre \u00e0 avril.<\/p>\n","protected":false},"author":3,"featured_media":0,"parent":0,"menu_order":0,"comment_status":"closed","ping_status":"closed","template":"","meta":{"jetpack_post_was_ever_published":false,"footnotes":""},"class_list":["post-1192","page","type-page","status-publish","hentry"],"jetpack_sharing_enabled":true,"jetpack_likes_enabled":true,"_links":{"self":[{"href":"https:\/\/tcreims.com\/index.php?rest_route=\/wp\/v2\/pages\/1192","targetHints":{"allow":["GET"]}}],"collection":[{"href":"https:\/\/tcreims.com\/index.php?rest_route=\/wp\/v2\/pages"}],"about":[{"href":"https:\/\/tcreims.com\/index.php?rest_route=\/wp\/v2\/types\/page"}],"author":[{"embeddable":true,"href":"https:\/\/tcreims.com\/index.php?rest_route=\/wp\/v2\/users\/3"}],"replies":[{"embeddable":true,"href":"https:\/\/tcreims.com\/index.php?rest_route=%2Fwp%2Fv2%2Fcomments&post=1192"}],"version-history":[{"count":19,"href":"https:\/\/tcreims.com\/index.php?rest_route=\/wp\/v2\/pages\/1192\/revisions"}],"predecessor-version":[{"id":7737,"href":"https:\/\/tcreims.com\/index.php?rest_route=\/wp\/v2\/pages\/1192\/revisions\/7737"}],"wp:attachment":[{"href":"https:\/\/tcreims.com\/index.php?rest_route=%2Fwp%2Fv2%2Fmedia&parent=1192"}],"curies":[{"name":"wp","href":"https:\/\/api.w.org\/{rel}","templated":true}]}}