{"id":114,"date":"2017-05-10T11:15:28","date_gmt":"2017-05-10T09:15:28","guid":{"rendered":"http:\/\/tcreims.com\/?page_id=114"},"modified":"2017-05-10T12:47:42","modified_gmt":"2017-05-10T10:47:42","slug":"le-veni-vidi-vici-du-tcreims","status":"publish","type":"page","link":"https:\/\/tcreims.com\/?page_id=114","title":{"rendered":"Le veni vidi vici du TCReims"},"content":{"rendered":"<h2><img loading=\"lazy\" decoding=\"async\" class=\"wp-image-118 alignleft\" src=\"https:\/\/tcreims.com\/wp-content\/uploads\/2017\/05\/50b13e_925c1e1123634fe891eace020d3b5616-e1494408074401.png\" alt=\"\" width=\"308\" height=\"441\" \/>Des joueuses et joueurs, ont foul\u00e9 la terre battue du Tennis-Club de Reims<\/h2>\n<ul>\n<li>Yannick Noah<\/li>\n<li>Henri Leconte<\/li>\n<li>Thierry Tuslane<\/li>\n<li>Nathalie Tauziat<\/li>\n<li>Julie Halard<\/li>\n<li>Alexandra Fusai<\/li>\n<li>Isabelle Demangeot (vainqueur 1983)<\/li>\n<li>Alexia Dechaume-Balleret (vainqueur 1985)<\/li>\n<li>C\u00e9dric Pioline (vainqueur 1987)<\/li>\n<li>Olivier Dela\u00eetre (1989)<\/li>\n<li>Sandrine Testud (finaliste, 1990)<\/li>\n<li>No\u00eblle Van Lottum (1997)<\/li>\n<li>\n<figure id=\"attachment_117\" aria-describedby=\"caption-attachment-117\" style=\"width: 306px\" class=\"wp-caption alignright\"><img loading=\"lazy\" decoding=\"async\" class=\"wp-image-117 size-full\" src=\"https:\/\/tcreims.com\/wp-content\/uploads\/2017\/05\/50b13e_94ab528c629341ef9780028a9ab73c65-e1494407794681.png\" alt=\"\" width=\"306\" height=\"260\" \/><figcaption id=\"caption-attachment-117\" class=\"wp-caption-text\">La planche qui servit de panneau d\u2019annonce du match des deux joueuses en 1999.<\/figcaption><\/figure>\n<p>Sarah Pitkowski (1991, finaliste 1992, vainqueur 1997)<\/li>\n<li>Emilie Loit (1998)<\/li>\n<li>Kim Clijsters (finaliste 1999)<\/li>\n<li>Justine H\u00e9nin (1997, 1998, vainqueur 1999, 25 000$)<\/li>\n<li>Jean-Ren\u00e9 Lisnard (vainqueur 2010)<\/li>\n<\/ul>\n<h2>Des personnalit\u00e9s sont venus au TCReims<\/h2>\n<ul>\n<li>Andr\u00e9 Tardieu (septembre 1923, ministre, futur Pr\u00e9sident du Conseil)<\/li>\n<li>Louis Bl\u00e9riot (aviateur, 1926)<\/li>\n<li>Patrice Dominguez (1996)<\/li>\n<li>Jean Paul Loth (1997)<\/li>\n<li>Christian B\u00eemes<\/li>\n<li>Fran\u00e7oise Durr (1998)<\/li>\n<li>Bruno Rebeuh (arbitre international), 1998<\/li>\n<\/ul>\n<h2>3\u00b0 &#8211; Les coupes au tennis-Club<\/h2>\n<ul>\n<li>Le Saladier d\u2019Argent a \u00e9t\u00e9 expos\u00e9 au Tennis club les 23 et 24 mars 1997 pendant le tournoi annuel. En d\u00e9cembre 1996, l\u2019\u00e9quipe de France s\u2019impose en finale de la coupe Davis face \u00e0 la Su\u00e8de trois victoires \u00e0 deux.<\/li>\n<li>La coupe de la Fed Cup a \u00e9t\u00e9 expos\u00e9e au Tennis club en 1998. En d\u00e9cembre 1997, l\u2019\u00e9quipe f\u00e9minine de France avait battu les Pays Bas par quatre victoires \u00e0 une.<\/li>\n<\/ul>\n<div id='gallery-1' class='gallery galleryid-114 gallery-columns-3 gallery-size-large'><figure class='gallery-item'>\n\t\t\t<div class='gallery-icon landscape'>\n\t\t\t\t<a href='https:\/\/tcreims.com\/wp-content\/uploads\/2017\/05\/50b13e_7b2e22802987434caa25b2d93655ad29.png'><img loading=\"lazy\" decoding=\"async\" width=\"337\" height=\"262\" src=\"https:\/\/tcreims.com\/wp-content\/uploads\/2017\/05\/50b13e_7b2e22802987434caa25b2d93655ad29.png\" class=\"attachment-large size-large\" alt=\"la Fed Cup\" aria-describedby=\"gallery-1-115\" srcset=\"https:\/\/tcreims.com\/wp-content\/uploads\/2017\/05\/50b13e_7b2e22802987434caa25b2d93655ad29.png 337w, https:\/\/tcreims.com\/wp-content\/uploads\/2017\/05\/50b13e_7b2e22802987434caa25b2d93655ad29-300x233.png 300w\" sizes=\"auto, (max-width: 337px) 100vw, 337px\" \/><\/a>\n\t\t\t<\/div>\n\t\t\t\t<figcaption class='wp-caption-text gallery-caption' id='gallery-1-115'>\n\t\t\t\t la Fed Cup\n\t\t\t\t<\/figcaption><\/figure><figure class='gallery-item'>\n\t\t\t<div class='gallery-icon landscape'>\n\t\t\t\t<a href='https:\/\/tcreims.com\/wp-content\/uploads\/2017\/05\/50b13e_9ba2766147df48f5a7d5bb48837c17f9-e1494407869537.png'><img loading=\"lazy\" decoding=\"async\" width=\"321\" height=\"255\" src=\"https:\/\/tcreims.com\/wp-content\/uploads\/2017\/05\/50b13e_9ba2766147df48f5a7d5bb48837c17f9-e1494407869537.png\" class=\"attachment-large size-large\" alt=\"Le saladier d&#039;argent\" aria-describedby=\"gallery-1-116\" srcset=\"https:\/\/tcreims.com\/wp-content\/uploads\/2017\/05\/50b13e_9ba2766147df48f5a7d5bb48837c17f9-e1494407869537.png 321w, https:\/\/tcreims.com\/wp-content\/uploads\/2017\/05\/50b13e_9ba2766147df48f5a7d5bb48837c17f9-e1494407869537-300x238.png 300w\" sizes=\"auto, (max-width: 321px) 100vw, 321px\" \/><\/a>\n\t\t\t<\/div>\n\t\t\t\t<figcaption class='wp-caption-text gallery-caption' id='gallery-1-116'>\n\t\t\t\tLe saladier d&rsquo;argent\n\t\t\t\t<\/figcaption><\/figure>\n\t\t<\/div>\n\n<p><em>Ism\u00e9rie BOISSEL<\/em><\/p>\n<p>&nbsp;<\/p>\n","protected":false},"excerpt":{"rendered":"<p>Des joueuses et joueurs, ont foul\u00e9 la terre battue du Tennis-Club de Reims Yannick Noah Henri Leconte Thierry Tuslane Nathalie Tauziat Julie Halard Alexandra Fusai Isabelle Demangeot (vainqueur 1983) Alexia Dechaume-Balleret<\/p>\n","protected":false},"author":7,"featured_media":0,"parent":0,"menu_order":0,"comment_status":"closed","ping_status":"closed","template":"","meta":{"jetpack_post_was_ever_published":false,"footnotes":""},"class_list":["post-114","page","type-page","status-publish","hentry"],"jetpack_sharing_enabled":true,"jetpack_likes_enabled":true,"_links":{"self":[{"href":"https:\/\/tcreims.com\/index.php?rest_route=\/wp\/v2\/pages\/114","targetHints":{"allow":["GET"]}}],"collection":[{"href":"https:\/\/tcreims.com\/index.php?rest_route=\/wp\/v2\/pages"}],"about":[{"href":"https:\/\/tcreims.com\/index.php?rest_route=\/wp\/v2\/types\/page"}],"author":[{"embeddable":true,"href":"https:\/\/tcreims.com\/index.php?rest_route=\/wp\/v2\/users\/7"}],"replies":[{"embeddable":true,"href":"https:\/\/tcreims.com\/index.php?rest_route=%2Fwp%2Fv2%2Fcomments&post=114"}],"version-history":[{"count":0,"href":"https:\/\/tcreims.com\/index.php?rest_route=\/wp\/v2\/pages\/114\/revisions"}],"wp:attachment":[{"href":"https:\/\/tcreims.com\/index.php?rest_route=%2Fwp%2Fv2%2Fmedia&parent=114"}],"curies":[{"name":"wp","href":"https:\/\/api.w.org\/{rel}","templated":true}]}}