{"id":103,"date":"2017-05-10T10:47:14","date_gmt":"2017-05-10T08:47:14","guid":{"rendered":"http:\/\/tcreims.com\/?page_id=103"},"modified":"2017-05-10T12:08:36","modified_gmt":"2017-05-10T10:08:36","slug":"les-exploits-des-anciens-1938-et-1939","status":"publish","type":"page","link":"https:\/\/tcreims.com\/?page_id=103","title":{"rendered":"Les exploits des anciens, 1920 et 1983"},"content":{"rendered":"<h2>1\u00b0 &#8211; R\u00e9sultats par \u00e9quipe :<\/h2>\n<p>Le club a toujours form\u00e9 et accueilli les meilleurs joueurs de la r\u00e9gion.<\/p>\n<p>Tous les ans, le TCR engage des \u00e9quipes (hommes, femmes, enfants) pour disputer les crit\u00e9riums r\u00e9gionaux. Tr\u00e8s souvent, les meilleures \u00e9quipes se qualifient pour les Championnats de France.<br \/>\n<strong>Les ann\u00e9es 1920 \u00e0 1939 furent tr\u00e8s fastes.<br \/>\n<\/strong>Les joueurs remportent chaque ann\u00e9e la presque totalit\u00e9 des titres de champions de Champagne (\u00e9t\u00e9 et hiver) individuels et par \u00e9quipes. Les joueurs disputent les \u00e9preuves des Championnats de France de la F\u00e9d\u00e9ration Fran\u00e7aise de Lawn tennis.<\/p>\n<p><strong>Le 24 juillet 1938<\/strong>, l\u2019\u00e9quipe masculine I du Tennis-club de Reims remporte la finale du crit\u00e9rium par \u00e9quipe (120 \u00e9quipes engag\u00e9es) en battant le Tennis-Club de Saint-Etienne par 7 victoires \u00e0 0.<br \/>\nElle \u00e9tait compos\u00e9e de : Michel Bacquart, Fran\u00e7ois Fandre, Fran\u00e7ois Thi\u00e9not, Jean-Louis Debar, Roger Fontaine, Jacques de Sainte-Marie.<\/p>\n<p><strong>Le 9 juillet 1939<\/strong>, promu en cat\u00e9gorie sup\u00e9rieure, le Tennis-Club de Reims remporte la coupe de la f\u00e9d\u00e9ration (64 \u00e9quipes engag\u00e9es) en battant \u00e0 Marseille le Tennis-Club de Marseille par 5 victoires \u00e0 4<br \/>\nL\u2019\u00e9quipe se composait de : Michel Bacquart,\u00a0Fran\u00e7ois Fandre,\u00a0Fran\u00e7ois Thi\u00e9not,\u00a0Andr\u00e9 Schneiter, Jean-Louis Debar, Roger Fontaine, Jean Brisson.<\/p>\n<p><strong>Entre 1980 et 1984<\/strong>, l\u2019\u00e9quipe f\u00e9minine I participe aux interclubs de 3\u00e8me division nationale.<br \/>\nL\u2019\u00e9quipe se composait de :<br \/>\nMyl\u00e8ne Cochet,\u00a0Isabelle Fr\u00e8re,\u00a0Laurence Fr\u00e8re, Florence Gouvernant, Estelle Sabate, Dominique Berthaut.<\/p>\n<p><strong>En 1984<\/strong>, l\u2019\u00e9quipe masculine est en 4\u00e8me division nationale. Elle sera de nouveau dans cette cat\u00e9gorie en 2012.<\/p>\n<p><img loading=\"lazy\" decoding=\"async\" class=\"alignnone size-full wp-image-92\" src=\"https:\/\/tcreims.com\/wp-content\/uploads\/2017\/05\/50b13e_c2b3f38d0d4c4a938d029bee90b29f93.png\" alt=\"\" width=\"495\" height=\"450\" \/><\/p>\n<h2>2\u00b0 &#8211; R\u00e9sultats individuels :<\/h2>\n<p><strong>Daniel Laroye <\/strong>jusqu\u2019aux championnats du monde.<strong><br \/>\n<\/strong>Il s\u2019est distingu\u00e9 dans notre club par des r\u00e9sultats sportifs particuli\u00e8rement brillants :<\/p>\n<ul>\n<li><strong>1982<\/strong> : s\u00e9lectionn\u00e9 par la FFT pour participer \u00e0 la \u00abBritanic Cup\u00bb \u00e0 Londres (Championnats v\u00e9t\u00e9rans par \u00e9quipe);<\/li>\n<li><strong>1983<\/strong> : champion de France double messieurs ; quart de finaliste aux Championnats d\u2019Europe \u00e0 Baden-Baden (Allemagne); quart de finaliste en simple et double des Championnats du monde v\u00e9t\u00e9rans \u00e0 P\u00f6rtschach (Autriche).<\/li>\n<\/ul>\n<p><strong>Estelle Sabate<\/strong> s\u00e9lectionn\u00e9e en <strong>1982<\/strong> au \u00abTennis lyc\u00e9e-\u00e9tudes\u00bb de Blois.<\/p>\n<p><strong>Bernadette Garin<\/strong> (15\/3), participe en <strong>1983<\/strong> aux Championnats de France s\u00e9nior. En simple, elle acc\u00e8de aux 1\/8\u00e8me de finale et en double dames en \u00bd finale.<\/p>\n<hr \/>\n<p>Si les dirigeants visaient pour les joueurs class\u00e9s la conqu\u00eate des titres dans les comp\u00e9titions sportvies, ils ne se pr\u00e9occupaient pas moins de la formation des jeunes, par la cr\u00e9ation :<\/p>\n<ul>\n<li>de cours d\u2019initiation au tennis<\/li>\n<li>d\u2019heures d\u2019entra\u00eenement donn\u00e9es aux non-class\u00e9s par les joueurs class\u00e9s<\/li>\n<li>de le\u00e7ons donn\u00e9es par les professeurs de l\u2019\u00c9cole LENGLEN, sous la direction personnelle de Suzanne Lenglen<\/li>\n<li>par la venue le 1er mai 1946 du professeur Andr\u00e9 DUPONT et la cr\u00e9ation de cours collectifs<\/li>\n<li>par la cr\u00e9ation de l\u2019oscar du Tennis de Champagne.<\/li>\n<\/ul>\n","protected":false},"excerpt":{"rendered":"<p>1\u00b0 &#8211; R\u00e9sultats par \u00e9quipe : Le club a toujours form\u00e9 et accueilli les meilleurs joueurs de la r\u00e9gion. Tous les ans, le TCR engage des \u00e9quipes (hommes, femmes, enfants) pour<\/p>\n","protected":false},"author":7,"featured_media":0,"parent":0,"menu_order":0,"comment_status":"closed","ping_status":"closed","template":"","meta":{"footnotes":""},"class_list":["post-103","page","type-page","status-publish","hentry"],"jetpack_sharing_enabled":true,"jetpack_likes_enabled":true,"_links":{"self":[{"href":"https:\/\/tcreims.com\/index.php?rest_route=\/wp\/v2\/pages\/103","targetHints":{"allow":["GET"]}}],"collection":[{"href":"https:\/\/tcreims.com\/index.php?rest_route=\/wp\/v2\/pages"}],"about":[{"href":"https:\/\/tcreims.com\/index.php?rest_route=\/wp\/v2\/types\/page"}],"author":[{"embeddable":true,"href":"https:\/\/tcreims.com\/index.php?rest_route=\/wp\/v2\/users\/7"}],"replies":[{"embeddable":true,"href":"https:\/\/tcreims.com\/index.php?rest_route=%2Fwp%2Fv2%2Fcomments&post=103"}],"version-history":[{"count":0,"href":"https:\/\/tcreims.com\/index.php?rest_route=\/wp\/v2\/pages\/103\/revisions"}],"wp:attachment":[{"href":"https:\/\/tcreims.com\/index.php?rest_route=%2Fwp%2Fv2%2Fmedia&parent=103"}],"curies":[{"name":"wp","href":"https:\/\/api.w.org\/{rel}","templated":true}]}}